{"id":22672,"date":"2026-02-17T16:56:21","date_gmt":"2026-02-17T16:56:21","guid":{"rendered":"https:\/\/farmaciacrisia.ro\/?page_id=22672"},"modified":"2026-02-19T08:49:08","modified_gmt":"2026-02-19T08:49:08","slug":"instructiuni-recipiente","status":"publish","type":"page","link":"https:\/\/farmaciacrisia.ro\/en\/instructiuni-recipiente\/","title":{"rendered":"Instructiuni Recipiente"},"content":{"rendered":"<div data-elementor-type=\"wp-page\" data-elementor-id=\"22672\" class=\"elementor elementor-22672\" data-elementor-post-type=\"page\">\n\t\t\t\t\t\t<section class=\"elementor-section elementor-top-section elementor-element elementor-element-13a14d5 elementor-section-boxed elementor-section-height-default elementor-section-height-default mkdf-parallax-row-no mkdf-content-aligment-left mkdf-elementor-row-grid-no mkdf-disabled-bg-image-bellow-no\" data-id=\"13a14d5\" data-element_type=\"section\" data-e-type=\"section\">\n\t\t\t\t\t\t<div class=\"elementor-container elementor-column-gap-default\">\n\t\t\t\t\t<div class=\"elementor-column elementor-col-25 elementor-top-column elementor-element elementor-element-a120b32\" data-id=\"a120b32\" data-element_type=\"column\" data-e-type=\"column\">\n\t\t\t<div class=\"elementor-widget-wrap elementor-element-populated\">\n\t\t\t\t\t\t<div class=\"elementor-element elementor-element-9de7f8a elementor-position-top elementor-widget elementor-widget-image-box\" data-id=\"9de7f8a\" data-element_type=\"widget\" data-e-type=\"widget\" data-widget_type=\"image-box.default\">\n\t\t\t\t<div class=\"elementor-widget-container\">\n\t\t\t\t\t<div class=\"elementor-image-box-wrapper\"><figure class=\"elementor-image-box-img\"><a href=\"\/instructiuni\/recipient-administrare-transdermica-UZ-veterinar.pdf\" tabindex=\"-1\"><img fetchpriority=\"high\" decoding=\"async\" width=\"2560\" height=\"2560\" src=\"https:\/\/farmaciacrisia.ro\/wp-content\/uploads\/2026\/02\/1-scaled.png\" class=\"attachment-full size-full wp-image-22674\" alt=\"\" srcset=\"https:\/\/farmaciacrisia.ro\/wp-content\/uploads\/2026\/02\/1-scaled.png 2560w, https:\/\/farmaciacrisia.ro\/wp-content\/uploads\/2026\/02\/1-300x300.png 300w, https:\/\/farmaciacrisia.ro\/wp-content\/uploads\/2026\/02\/1-1024x1024.png 1024w, https:\/\/farmaciacrisia.ro\/wp-content\/uploads\/2026\/02\/1-150x150.png 150w, https:\/\/farmaciacrisia.ro\/wp-content\/uploads\/2026\/02\/1-768x768.png 768w, https:\/\/farmaciacrisia.ro\/wp-content\/uploads\/2026\/02\/1-1536x1536.png 1536w, https:\/\/farmaciacrisia.ro\/wp-content\/uploads\/2026\/02\/1-12x12.png 12w, https:\/\/farmaciacrisia.ro\/wp-content\/uploads\/2026\/02\/1-550x550.png 550w, https:\/\/farmaciacrisia.ro\/wp-content\/uploads\/2026\/02\/1-1100x1100.png 1100w, https:\/\/farmaciacrisia.ro\/wp-content\/uploads\/2026\/02\/1-600x600.png 600w, https:\/\/farmaciacrisia.ro\/wp-content\/uploads\/2026\/02\/1-100x100.png 100w\" sizes=\"(max-width: 2560px) 100vw, 2560px\" \/><\/a><\/figure><div class=\"elementor-image-box-content\"><h3 class=\"elementor-image-box-title\"><a href=\"\/instructiuni\/recipient-administrare-transdermica-UZ-veterinar.pdf\">RECIPIENT ADMINISTRARE TRANSDERMIC\u0102  <br>uz veterinar<\/a><\/h3><\/div><\/div>\t\t\t\t<\/div>\n\t\t\t\t<\/div>\n\t\t\t\t\t<\/div>\n\t\t<\/div>\n\t\t\t\t<div class=\"elementor-column elementor-col-25 elementor-top-column elementor-element elementor-element-a29b1cf\" data-id=\"a29b1cf\" data-element_type=\"column\" data-e-type=\"column\">\n\t\t\t<div class=\"elementor-widget-wrap elementor-element-populated\">\n\t\t\t\t\t\t<div class=\"elementor-element elementor-element-94b43c9 elementor-position-top elementor-widget elementor-widget-image-box\" data-id=\"94b43c9\" data-element_type=\"widget\" data-e-type=\"widget\" data-widget_type=\"image-box.default\">\n\t\t\t\t<div class=\"elementor-widget-container\">\n\t\t\t\t\t<div class=\"elementor-image-box-wrapper\"><figure class=\"elementor-image-box-img\"><a href=\"\/instructiuni\/Recipient-administrare-transdermica-35ml-topi-click-1.pdf\" tabindex=\"-1\"><img decoding=\"async\" width=\"2560\" height=\"2560\" src=\"https:\/\/farmaciacrisia.ro\/wp-content\/uploads\/2026\/02\/2-scaled.png\" class=\"attachment-full size-full wp-image-22675\" alt=\"\" srcset=\"https:\/\/farmaciacrisia.ro\/wp-content\/uploads\/2026\/02\/2-scaled.png 2560w, https:\/\/farmaciacrisia.ro\/wp-content\/uploads\/2026\/02\/2-300x300.png 300w, https:\/\/farmaciacrisia.ro\/wp-content\/uploads\/2026\/02\/2-1024x1024.png 1024w, https:\/\/farmaciacrisia.ro\/wp-content\/uploads\/2026\/02\/2-150x150.png 150w, https:\/\/farmaciacrisia.ro\/wp-content\/uploads\/2026\/02\/2-768x768.png 768w, https:\/\/farmaciacrisia.ro\/wp-content\/uploads\/2026\/02\/2-1536x1536.png 1536w, https:\/\/farmaciacrisia.ro\/wp-content\/uploads\/2026\/02\/2-12x12.png 12w, https:\/\/farmaciacrisia.ro\/wp-content\/uploads\/2026\/02\/2-550x550.png 550w, https:\/\/farmaciacrisia.ro\/wp-content\/uploads\/2026\/02\/2-1100x1100.png 1100w, https:\/\/farmaciacrisia.ro\/wp-content\/uploads\/2026\/02\/2-600x600.png 600w, https:\/\/farmaciacrisia.ro\/wp-content\/uploads\/2026\/02\/2-100x100.png 100w\" sizes=\"(max-width: 2560px) 100vw, 2560px\" \/><\/a><\/figure><div class=\"elementor-image-box-content\"><h3 class=\"elementor-image-box-title\"><a href=\"\/instructiuni\/Recipient-administrare-transdermica-35ml-topi-click-1.pdf\">RECIPIENT ADMINISTRARE TRANSDERMIC\u0102  <br> (35 ml)<\/a><\/h3><\/div><\/div>\t\t\t\t<\/div>\n\t\t\t\t<\/div>\n\t\t\t\t\t<\/div>\n\t\t<\/div>\n\t\t\t\t<div class=\"elementor-column elementor-col-25 elementor-top-column elementor-element elementor-element-acf9d71\" data-id=\"acf9d71\" data-element_type=\"column\" data-e-type=\"column\">\n\t\t\t<div class=\"elementor-widget-wrap elementor-element-populated\">\n\t\t\t\t\t\t<div class=\"elementor-element elementor-element-9761b76 elementor-position-top elementor-widget elementor-widget-image-box\" data-id=\"9761b76\" data-element_type=\"widget\" data-e-type=\"widget\" data-widget_type=\"image-box.default\">\n\t\t\t\t<div class=\"elementor-widget-container\">\n\t\t\t\t\t<div class=\"elementor-image-box-wrapper\"><figure class=\"elementor-image-box-img\"><a href=\"\/instructiuni\/Recipient-administrare-transdermica-35ml.pdf\" tabindex=\"-1\"><img decoding=\"async\" width=\"2560\" height=\"2560\" src=\"https:\/\/farmaciacrisia.ro\/wp-content\/uploads\/2026\/02\/3-scaled.png\" class=\"attachment-full size-full wp-image-22676\" alt=\"\" srcset=\"https:\/\/farmaciacrisia.ro\/wp-content\/uploads\/2026\/02\/3-scaled.png 2560w, https:\/\/farmaciacrisia.ro\/wp-content\/uploads\/2026\/02\/3-300x300.png 300w, https:\/\/farmaciacrisia.ro\/wp-content\/uploads\/2026\/02\/3-1024x1024.png 1024w, https:\/\/farmaciacrisia.ro\/wp-content\/uploads\/2026\/02\/3-150x150.png 150w, https:\/\/farmaciacrisia.ro\/wp-content\/uploads\/2026\/02\/3-768x768.png 768w, https:\/\/farmaciacrisia.ro\/wp-content\/uploads\/2026\/02\/3-1536x1536.png 1536w, https:\/\/farmaciacrisia.ro\/wp-content\/uploads\/2026\/02\/3-12x12.png 12w, https:\/\/farmaciacrisia.ro\/wp-content\/uploads\/2026\/02\/3-550x550.png 550w, https:\/\/farmaciacrisia.ro\/wp-content\/uploads\/2026\/02\/3-1100x1100.png 1100w, https:\/\/farmaciacrisia.ro\/wp-content\/uploads\/2026\/02\/3-600x600.png 600w, https:\/\/farmaciacrisia.ro\/wp-content\/uploads\/2026\/02\/3-100x100.png 100w\" sizes=\"(max-width: 2560px) 100vw, 2560px\" \/><\/a><\/figure><div class=\"elementor-image-box-content\"><h3 class=\"elementor-image-box-title\"><a href=\"\/instructiuni\/Recipient-administrare-transdermica-35ml.pdf\">RECIPIENT ADMINISTRARE TRANSDERMIC\u0102  <br> (35 ml)<\/a><\/h3><\/div><\/div>\t\t\t\t<\/div>\n\t\t\t\t<\/div>\n\t\t\t\t\t<\/div>\n\t\t<\/div>\n\t\t\t\t<div class=\"elementor-column elementor-col-25 elementor-top-column elementor-element elementor-element-4482acf\" data-id=\"4482acf\" data-element_type=\"column\" data-e-type=\"column\">\n\t\t\t<div class=\"elementor-widget-wrap elementor-element-populated\">\n\t\t\t\t\t\t<div class=\"elementor-element elementor-element-3bb839f elementor-position-top elementor-widget elementor-widget-image-box\" data-id=\"3bb839f\" data-element_type=\"widget\" data-e-type=\"widget\" data-widget_type=\"image-box.default\">\n\t\t\t\t<div class=\"elementor-widget-container\">\n\t\t\t\t\t<div class=\"elementor-image-box-wrapper\"><figure class=\"elementor-image-box-img\"><a href=\"\/instructiuni\/Recipient-transdermic-tip-stilou.pdf\" tabindex=\"-1\"><img loading=\"lazy\" decoding=\"async\" width=\"2560\" height=\"2560\" src=\"https:\/\/farmaciacrisia.ro\/wp-content\/uploads\/2026\/02\/4-scaled.png\" class=\"attachment-full size-full wp-image-22677\" alt=\"\" srcset=\"https:\/\/farmaciacrisia.ro\/wp-content\/uploads\/2026\/02\/4-scaled.png 2560w, https:\/\/farmaciacrisia.ro\/wp-content\/uploads\/2026\/02\/4-300x300.png 300w, https:\/\/farmaciacrisia.ro\/wp-content\/uploads\/2026\/02\/4-1024x1024.png 1024w, https:\/\/farmaciacrisia.ro\/wp-content\/uploads\/2026\/02\/4-150x150.png 150w, https:\/\/farmaciacrisia.ro\/wp-content\/uploads\/2026\/02\/4-768x768.png 768w, https:\/\/farmaciacrisia.ro\/wp-content\/uploads\/2026\/02\/4-1536x1536.png 1536w, https:\/\/farmaciacrisia.ro\/wp-content\/uploads\/2026\/02\/4-12x12.png 12w, https:\/\/farmaciacrisia.ro\/wp-content\/uploads\/2026\/02\/4-550x550.png 550w, https:\/\/farmaciacrisia.ro\/wp-content\/uploads\/2026\/02\/4-1100x1100.png 1100w, https:\/\/farmaciacrisia.ro\/wp-content\/uploads\/2026\/02\/4-600x600.png 600w, https:\/\/farmaciacrisia.ro\/wp-content\/uploads\/2026\/02\/4-100x100.png 100w\" sizes=\"(max-width: 2560px) 100vw, 2560px\" \/><\/a><\/figure><div class=\"elementor-image-box-content\"><h3 class=\"elementor-image-box-title\"><a href=\"\/instructiuni\/Recipient-transdermic-tip-stilou.pdf\">RECIPIENT ADMINISTRARE TRANSDERMIC\u0102  <br> tip stilou<\/a><\/h3><\/div><\/div>\t\t\t\t<\/div>\n\t\t\t\t<\/div>\n\t\t\t\t\t<\/div>\n\t\t<\/div>\n\t\t\t\t\t<\/div>\n\t\t<\/section>\n\t\t\t\t<section class=\"elementor-section elementor-top-section elementor-element elementor-element-27e23b2 elementor-section-boxed elementor-section-height-default elementor-section-height-default mkdf-parallax-row-no mkdf-content-aligment-left mkdf-elementor-row-grid-no mkdf-disabled-bg-image-bellow-no\" data-id=\"27e23b2\" data-element_type=\"section\" data-e-type=\"section\">\n\t\t\t\t\t\t<div class=\"elementor-container elementor-column-gap-default\">\n\t\t\t\t\t<div class=\"elementor-column elementor-col-25 elementor-top-column elementor-element elementor-element-f524d1b\" data-id=\"f524d1b\" data-element_type=\"column\" data-e-type=\"column\">\n\t\t\t<div class=\"elementor-widget-wrap elementor-element-populated\">\n\t\t\t\t\t\t<div class=\"elementor-element elementor-element-cba8a7f elementor-position-top elementor-widget elementor-widget-image-box\" data-id=\"cba8a7f\" data-element_type=\"widget\" data-e-type=\"widget\" data-widget_type=\"image-box.default\">\n\t\t\t\t<div class=\"elementor-widget-container\">\n\t\t\t\t\t<div class=\"elementor-image-box-wrapper\"><figure class=\"elementor-image-box-img\"><a href=\"\/instructiuni\/Recipient-cu-aplicator-vaginal-dozare-precisa.pdf\" tabindex=\"-1\"><img loading=\"lazy\" decoding=\"async\" width=\"2560\" height=\"2560\" src=\"https:\/\/farmaciacrisia.ro\/wp-content\/uploads\/2026\/02\/5-scaled.png\" class=\"attachment-full size-full wp-image-22678\" alt=\"\" srcset=\"https:\/\/farmaciacrisia.ro\/wp-content\/uploads\/2026\/02\/5-scaled.png 2560w, https:\/\/farmaciacrisia.ro\/wp-content\/uploads\/2026\/02\/5-300x300.png 300w, https:\/\/farmaciacrisia.ro\/wp-content\/uploads\/2026\/02\/5-1024x1024.png 1024w, https:\/\/farmaciacrisia.ro\/wp-content\/uploads\/2026\/02\/5-150x150.png 150w, https:\/\/farmaciacrisia.ro\/wp-content\/uploads\/2026\/02\/5-768x768.png 768w, https:\/\/farmaciacrisia.ro\/wp-content\/uploads\/2026\/02\/5-1536x1536.png 1536w, https:\/\/farmaciacrisia.ro\/wp-content\/uploads\/2026\/02\/5-12x12.png 12w, https:\/\/farmaciacrisia.ro\/wp-content\/uploads\/2026\/02\/5-550x550.png 550w, https:\/\/farmaciacrisia.ro\/wp-content\/uploads\/2026\/02\/5-1100x1100.png 1100w, https:\/\/farmaciacrisia.ro\/wp-content\/uploads\/2026\/02\/5-600x600.png 600w, https:\/\/farmaciacrisia.ro\/wp-content\/uploads\/2026\/02\/5-100x100.png 100w\" sizes=\"(max-width: 2560px) 100vw, 2560px\" \/><\/a><\/figure><div class=\"elementor-image-box-content\"><h3 class=\"elementor-image-box-title\"><a href=\"\/instructiuni\/Recipient-cu-aplicator-vaginal-dozare-precisa.pdf\">RECIPIENT CU APLICATOR VAGINAL  <br>dozare precis\u0103  <\/a><\/h3><\/div><\/div>\t\t\t\t<\/div>\n\t\t\t\t<\/div>\n\t\t\t\t\t<\/div>\n\t\t<\/div>\n\t\t\t\t<div class=\"elementor-column elementor-col-25 elementor-top-column elementor-element elementor-element-71e665b\" data-id=\"71e665b\" data-element_type=\"column\" data-e-type=\"column\">\n\t\t\t<div class=\"elementor-widget-wrap elementor-element-populated\">\n\t\t\t\t\t\t<div class=\"elementor-element elementor-element-55c8a33 elementor-position-top elementor-widget elementor-widget-image-box\" data-id=\"55c8a33\" data-element_type=\"widget\" data-e-type=\"widget\" data-widget_type=\"image-box.default\">\n\t\t\t\t<div class=\"elementor-widget-container\">\n\t\t\t\t\t<div class=\"elementor-image-box-wrapper\"><figure class=\"elementor-image-box-img\"><a href=\"\/instructiuni\/Recipient-pentru-preparate-tip-crema-samix.pdf\" tabindex=\"-1\"><img loading=\"lazy\" decoding=\"async\" width=\"2560\" height=\"2560\" src=\"https:\/\/farmaciacrisia.ro\/wp-content\/uploads\/2026\/02\/7-scaled.png\" class=\"attachment-full size-full wp-image-22679\" alt=\"\" srcset=\"https:\/\/farmaciacrisia.ro\/wp-content\/uploads\/2026\/02\/7-scaled.png 2560w, https:\/\/farmaciacrisia.ro\/wp-content\/uploads\/2026\/02\/7-300x300.png 300w, https:\/\/farmaciacrisia.ro\/wp-content\/uploads\/2026\/02\/7-1024x1024.png 1024w, https:\/\/farmaciacrisia.ro\/wp-content\/uploads\/2026\/02\/7-150x150.png 150w, https:\/\/farmaciacrisia.ro\/wp-content\/uploads\/2026\/02\/7-768x768.png 768w, https:\/\/farmaciacrisia.ro\/wp-content\/uploads\/2026\/02\/7-1536x1536.png 1536w, https:\/\/farmaciacrisia.ro\/wp-content\/uploads\/2026\/02\/7-12x12.png 12w, https:\/\/farmaciacrisia.ro\/wp-content\/uploads\/2026\/02\/7-550x550.png 550w, https:\/\/farmaciacrisia.ro\/wp-content\/uploads\/2026\/02\/7-1100x1100.png 1100w, https:\/\/farmaciacrisia.ro\/wp-content\/uploads\/2026\/02\/7-600x600.png 600w, https:\/\/farmaciacrisia.ro\/wp-content\/uploads\/2026\/02\/7-100x100.png 100w\" sizes=\"(max-width: 2560px) 100vw, 2560px\" \/><\/a><\/figure><div class=\"elementor-image-box-content\"><h3 class=\"elementor-image-box-title\"><a href=\"\/instructiuni\/Recipient-pentru-preparate-tip-crema-samix.pdf\">RECIPIENT PENTRU PREPARATE MAGISTRALE  <br>tip crem\u0103<\/a><\/h3><\/div><\/div>\t\t\t\t<\/div>\n\t\t\t\t<\/div>\n\t\t\t\t\t<\/div>\n\t\t<\/div>\n\t\t\t\t<div class=\"elementor-column elementor-col-25 elementor-top-column elementor-element elementor-element-7bdb0d1\" data-id=\"7bdb0d1\" data-element_type=\"column\" data-e-type=\"column\">\n\t\t\t<div class=\"elementor-widget-wrap elementor-element-populated\">\n\t\t\t\t\t\t<div class=\"elementor-element elementor-element-cfba9f5 elementor-position-top elementor-widget elementor-widget-image-box\" data-id=\"cfba9f5\" data-element_type=\"widget\" data-e-type=\"widget\" data-widget_type=\"image-box.default\">\n\t\t\t\t<div class=\"elementor-widget-container\">\n\t\t\t\t\t<div class=\"elementor-image-box-wrapper\"><figure class=\"elementor-image-box-img\"><a href=\"\/instructiuni\/Protocol-utilizare-preparate-transdermice-cu-hormoni.pdf\" tabindex=\"-1\"><img loading=\"lazy\" decoding=\"async\" width=\"2560\" height=\"2560\" src=\"https:\/\/farmaciacrisia.ro\/wp-content\/uploads\/2026\/02\/8-scaled.png\" class=\"attachment-full size-full wp-image-22680\" alt=\"\" srcset=\"https:\/\/farmaciacrisia.ro\/wp-content\/uploads\/2026\/02\/8-scaled.png 2560w, https:\/\/farmaciacrisia.ro\/wp-content\/uploads\/2026\/02\/8-300x300.png 300w, https:\/\/farmaciacrisia.ro\/wp-content\/uploads\/2026\/02\/8-1024x1024.png 1024w, https:\/\/farmaciacrisia.ro\/wp-content\/uploads\/2026\/02\/8-150x150.png 150w, https:\/\/farmaciacrisia.ro\/wp-content\/uploads\/2026\/02\/8-768x768.png 768w, https:\/\/farmaciacrisia.ro\/wp-content\/uploads\/2026\/02\/8-1536x1536.png 1536w, https:\/\/farmaciacrisia.ro\/wp-content\/uploads\/2026\/02\/8-12x12.png 12w, https:\/\/farmaciacrisia.ro\/wp-content\/uploads\/2026\/02\/8-550x550.png 550w, https:\/\/farmaciacrisia.ro\/wp-content\/uploads\/2026\/02\/8-1100x1100.png 1100w, https:\/\/farmaciacrisia.ro\/wp-content\/uploads\/2026\/02\/8-600x600.png 600w, https:\/\/farmaciacrisia.ro\/wp-content\/uploads\/2026\/02\/8-100x100.png 100w\" sizes=\"(max-width: 2560px) 100vw, 2560px\" \/><\/a><\/figure><div class=\"elementor-image-box-content\"><h3 class=\"elementor-image-box-title\"><a href=\"\/instructiuni\/Protocol-utilizare-preparate-transdermice-cu-hormoni.pdf\">UTILIZARE  PREPARATE TRANSDERMICE  <br>cu hormoni <\/a><\/h3><\/div><\/div>\t\t\t\t<\/div>\n\t\t\t\t<\/div>\n\t\t\t\t\t<\/div>\n\t\t<\/div>\n\t\t\t\t<div class=\"elementor-column elementor-col-25 elementor-top-column elementor-element elementor-element-69313e2\" data-id=\"69313e2\" data-element_type=\"column\" data-e-type=\"column\">\n\t\t\t<div class=\"elementor-widget-wrap elementor-element-populated\">\n\t\t\t\t\t\t<div class=\"elementor-element elementor-element-62ee929 elementor-position-top elementor-widget elementor-widget-image-box\" data-id=\"62ee929\" data-element_type=\"widget\" data-e-type=\"widget\" data-widget_type=\"image-box.default\">\n\t\t\t\t<div class=\"elementor-widget-container\">\n\t\t\t\t\t<div class=\"elementor-image-box-wrapper\"><figure class=\"elementor-image-box-img\"><a href=\"\/instructiuni\/Recipient-pentru-tratamente-veterinare-pasta.pdf\" tabindex=\"-1\"><img loading=\"lazy\" decoding=\"async\" width=\"2560\" height=\"2560\" src=\"https:\/\/farmaciacrisia.ro\/wp-content\/uploads\/2026\/02\/10-scaled.png\" class=\"attachment-full size-full wp-image-22682\" alt=\"\" srcset=\"https:\/\/farmaciacrisia.ro\/wp-content\/uploads\/2026\/02\/10-scaled.png 2560w, https:\/\/farmaciacrisia.ro\/wp-content\/uploads\/2026\/02\/10-300x300.png 300w, https:\/\/farmaciacrisia.ro\/wp-content\/uploads\/2026\/02\/10-1024x1024.png 1024w, https:\/\/farmaciacrisia.ro\/wp-content\/uploads\/2026\/02\/10-150x150.png 150w, https:\/\/farmaciacrisia.ro\/wp-content\/uploads\/2026\/02\/10-768x768.png 768w, https:\/\/farmaciacrisia.ro\/wp-content\/uploads\/2026\/02\/10-1536x1536.png 1536w, https:\/\/farmaciacrisia.ro\/wp-content\/uploads\/2026\/02\/10-12x12.png 12w, https:\/\/farmaciacrisia.ro\/wp-content\/uploads\/2026\/02\/10-550x550.png 550w, https:\/\/farmaciacrisia.ro\/wp-content\/uploads\/2026\/02\/10-1100x1100.png 1100w, https:\/\/farmaciacrisia.ro\/wp-content\/uploads\/2026\/02\/10-600x600.png 600w, https:\/\/farmaciacrisia.ro\/wp-content\/uploads\/2026\/02\/10-100x100.png 100w\" sizes=\"(max-width: 2560px) 100vw, 2560px\" \/><\/a><\/figure><div class=\"elementor-image-box-content\"><h3 class=\"elementor-image-box-title\"><a href=\"\/instructiuni\/Recipient-pentru-tratamente-veterinare-pasta.pdf\"><span>RECIPIENT PENTRU PREPARATE MAGISTRALE<\/span> <br> uz veterinar<\/a><\/h3><\/div><\/div>\t\t\t\t<\/div>\n\t\t\t\t<\/div>\n\t\t\t\t\t<\/div>\n\t\t<\/div>\n\t\t\t\t\t<\/div>\n\t\t<\/section>\n\t\t\t\t<section class=\"elementor-section elementor-top-section elementor-element elementor-element-c6c6d3d elementor-section-boxed elementor-section-height-default elementor-section-height-default mkdf-parallax-row-no mkdf-content-aligment-left mkdf-elementor-row-grid-no mkdf-disabled-bg-image-bellow-no\" data-id=\"c6c6d3d\" data-element_type=\"section\" data-e-type=\"section\">\n\t\t\t\t\t\t<div class=\"elementor-container elementor-column-gap-default\">\n\t\t\t\t\t<div class=\"elementor-column elementor-col-25 elementor-top-column elementor-element elementor-element-ab2b62a\" data-id=\"ab2b62a\" data-element_type=\"column\" data-e-type=\"column\">\n\t\t\t<div class=\"elementor-widget-wrap elementor-element-populated\">\n\t\t\t\t\t\t<div class=\"elementor-element elementor-element-1d95327 elementor-position-top elementor-widget elementor-widget-image-box\" data-id=\"1d95327\" data-element_type=\"widget\" data-e-type=\"widget\" data-widget_type=\"image-box.default\">\n\t\t\t\t<div class=\"elementor-widget-container\">\n\t\t\t\t\t<div class=\"elementor-image-box-wrapper\"><figure class=\"elementor-image-box-img\"><a href=\"\/instructiuni\/Flyer-seringa.pdf\" tabindex=\"-1\"><img loading=\"lazy\" decoding=\"async\" width=\"2560\" height=\"2560\" src=\"https:\/\/farmaciacrisia.ro\/wp-content\/uploads\/2026\/02\/9-scaled.png\" class=\"attachment-full size-full wp-image-22681\" alt=\"\" srcset=\"https:\/\/farmaciacrisia.ro\/wp-content\/uploads\/2026\/02\/9-scaled.png 2560w, https:\/\/farmaciacrisia.ro\/wp-content\/uploads\/2026\/02\/9-300x300.png 300w, https:\/\/farmaciacrisia.ro\/wp-content\/uploads\/2026\/02\/9-1024x1024.png 1024w, https:\/\/farmaciacrisia.ro\/wp-content\/uploads\/2026\/02\/9-150x150.png 150w, https:\/\/farmaciacrisia.ro\/wp-content\/uploads\/2026\/02\/9-768x768.png 768w, https:\/\/farmaciacrisia.ro\/wp-content\/uploads\/2026\/02\/9-1536x1536.png 1536w, https:\/\/farmaciacrisia.ro\/wp-content\/uploads\/2026\/02\/9-12x12.png 12w, https:\/\/farmaciacrisia.ro\/wp-content\/uploads\/2026\/02\/9-550x550.png 550w, https:\/\/farmaciacrisia.ro\/wp-content\/uploads\/2026\/02\/9-1100x1100.png 1100w, https:\/\/farmaciacrisia.ro\/wp-content\/uploads\/2026\/02\/9-600x600.png 600w, https:\/\/farmaciacrisia.ro\/wp-content\/uploads\/2026\/02\/9-100x100.png 100w\" sizes=\"(max-width: 2560px) 100vw, 2560px\" \/><\/a><\/figure><div class=\"elementor-image-box-content\"><h3 class=\"elementor-image-box-title\"><a href=\"\/instructiuni\/Flyer-seringa.pdf\">RECIPIENT CU SERING\u0102  <br>dozare precis\u0103  <\/a><\/h3><\/div><\/div>\t\t\t\t<\/div>\n\t\t\t\t<\/div>\n\t\t\t\t\t<\/div>\n\t\t<\/div>\n\t\t\t\t<div class=\"elementor-column elementor-col-25 elementor-top-column elementor-element elementor-element-f80ee0f\" data-id=\"f80ee0f\" data-element_type=\"column\" data-e-type=\"column\">\n\t\t\t<div class=\"elementor-widget-wrap elementor-element-populated\">\n\t\t\t\t\t\t<div class=\"elementor-element elementor-element-ac78dc5 elementor-position-top elementor-widget elementor-widget-image-box\" data-id=\"ac78dc5\" data-element_type=\"widget\" data-e-type=\"widget\" data-widget_type=\"image-box.default\">\n\t\t\t\t<div class=\"elementor-widget-container\">\n\t\t\t\t\t<div class=\"elementor-image-box-wrapper\"><figure class=\"elementor-image-box-img\"><a href=\"\/instructiuni\/Recipient-clisma-monodoza.pdf\" tabindex=\"-1\"><img loading=\"lazy\" decoding=\"async\" width=\"2560\" height=\"2560\" src=\"https:\/\/farmaciacrisia.ro\/wp-content\/uploads\/2026\/02\/11-scaled.png\" class=\"attachment-full size-full wp-image-22683\" alt=\"\" srcset=\"https:\/\/farmaciacrisia.ro\/wp-content\/uploads\/2026\/02\/11-scaled.png 2560w, https:\/\/farmaciacrisia.ro\/wp-content\/uploads\/2026\/02\/11-300x300.png 300w, https:\/\/farmaciacrisia.ro\/wp-content\/uploads\/2026\/02\/11-1024x1024.png 1024w, https:\/\/farmaciacrisia.ro\/wp-content\/uploads\/2026\/02\/11-150x150.png 150w, https:\/\/farmaciacrisia.ro\/wp-content\/uploads\/2026\/02\/11-768x768.png 768w, https:\/\/farmaciacrisia.ro\/wp-content\/uploads\/2026\/02\/11-1536x1536.png 1536w, https:\/\/farmaciacrisia.ro\/wp-content\/uploads\/2026\/02\/11-12x12.png 12w, https:\/\/farmaciacrisia.ro\/wp-content\/uploads\/2026\/02\/11-550x550.png 550w, https:\/\/farmaciacrisia.ro\/wp-content\/uploads\/2026\/02\/11-1100x1100.png 1100w, https:\/\/farmaciacrisia.ro\/wp-content\/uploads\/2026\/02\/11-600x600.png 600w, https:\/\/farmaciacrisia.ro\/wp-content\/uploads\/2026\/02\/11-100x100.png 100w\" sizes=\"(max-width: 2560px) 100vw, 2560px\" \/><\/a><\/figure><div class=\"elementor-image-box-content\"><h3 class=\"elementor-image-box-title\"><a href=\"\/instructiuni\/Recipient-clisma-monodoza.pdf\">RECIPIENT  PENTRU CLISM\u0102 <br>monodoz\u0103<\/a><\/h3><\/div><\/div>\t\t\t\t<\/div>\n\t\t\t\t<\/div>\n\t\t\t\t\t<\/div>\n\t\t<\/div>\n\t\t\t\t<div class=\"elementor-column elementor-col-25 elementor-top-column elementor-element elementor-element-acd29be\" data-id=\"acd29be\" data-element_type=\"column\" data-e-type=\"column\">\n\t\t\t<div class=\"elementor-widget-wrap\">\n\t\t\t\t\t\t\t<\/div>\n\t\t<\/div>\n\t\t\t\t<div class=\"elementor-column elementor-col-25 elementor-top-column elementor-element elementor-element-0ccb992\" data-id=\"0ccb992\" data-element_type=\"column\" data-e-type=\"column\">\n\t\t\t<div class=\"elementor-widget-wrap\">\n\t\t\t\t\t\t\t<\/div>\n\t\t<\/div>\n\t\t\t\t\t<\/div>\n\t\t<\/section>\n\t\t\t\t<\/div>","protected":false},"excerpt":{"rendered":"<p>RECIPIENT ADMINISTRARE TRANSDERMIC\u0102 uz veterinar RECIPIENT ADMINISTRARE TRANSDERMIC\u0102 (35 ml) RECIPIENT ADMINISTRARE TRANSDERMIC\u0102 (35 ml) RECIPIENT ADMINISTRARE TRANSDERMIC\u0102 tip stilou RECIPIENT CU APLICATOR VAGINAL dozare precis\u0103 RECIPIENT PENTRU PREPARATE MAGISTRALE tip crem\u0103 UTILIZARE PREPARATE TRANSDERMICE cu hormoni RECIPIENT PENTRU PREPARATE [&hellip;]<\/p>\n","protected":false},"author":1,"featured_media":0,"parent":0,"menu_order":0,"comment_status":"closed","ping_status":"closed","template":"","meta":{"footnotes":""},"class_list":["post-22672","page","type-page","status-publish","hentry"],"_links":{"self":[{"href":"https:\/\/farmaciacrisia.ro\/en\/wp-json\/wp\/v2\/pages\/22672","targetHints":{"allow":["GET"]}}],"collection":[{"href":"https:\/\/farmaciacrisia.ro\/en\/wp-json\/wp\/v2\/pages"}],"about":[{"href":"https:\/\/farmaciacrisia.ro\/en\/wp-json\/wp\/v2\/types\/page"}],"author":[{"embeddable":true,"href":"https:\/\/farmaciacrisia.ro\/en\/wp-json\/wp\/v2\/users\/1"}],"replies":[{"embeddable":true,"href":"https:\/\/farmaciacrisia.ro\/en\/wp-json\/wp\/v2\/comments?post=22672"}],"version-history":[{"count":46,"href":"https:\/\/farmaciacrisia.ro\/en\/wp-json\/wp\/v2\/pages\/22672\/revisions"}],"predecessor-version":[{"id":22756,"href":"https:\/\/farmaciacrisia.ro\/en\/wp-json\/wp\/v2\/pages\/22672\/revisions\/22756"}],"wp:attachment":[{"href":"https:\/\/farmaciacrisia.ro\/en\/wp-json\/wp\/v2\/media?parent=22672"}],"curies":[{"name":"wp","href":"https:\/\/api.w.org\/{rel}","templated":true}]}}