{"id":22927,"date":"2026-04-20T08:03:47","date_gmt":"2026-04-20T08:03:47","guid":{"rendered":"https:\/\/farmaciacrisia.ro\/?post_type=product&#038;p=22927"},"modified":"2026-04-20T08:36:30","modified_gmt":"2026-04-20T08:36:30","slug":"omni-biotic-pro-vi-5-x14-plicuri","status":"publish","type":"product","link":"https:\/\/farmaciacrisia.ro\/en\/product\/omni-biotic-pro-vi-5-x14-plicuri\/","title":{"rendered":"OMNI-BIOTIC\u00ae Pro-Vi 5 <br>x14 plicuri"},"content":{"rendered":"","protected":false},"excerpt":{"rendered":"<p><strong>OMNI-BIOTIC\u00ae Pro-Vi<\/strong> 5 este partenerul perfect pentru sistemul imunitar al organismului. Acest produs inovator \u0219i unic la nivel mondial combin\u0103 5 tulpini bacteriene special selectate, pentru care s-a dovedit prin studii c\u0103 au diferite propriet\u0103\u021bi antivirale. Ele vor completa flora dvs. intestinal\u0103 cu 5 miliarde de bacterii benefice, iar vitamina D ad\u0103ugat\u0103 va contribui la func\u021bionarea normal\u0103 a sistemului imunitar la adul\u021bi \u0219i copii.<\/p>","protected":false},"featured_media":22945,"template":"","meta":[],"product_brand":[],"product_cat":[583,15],"product_tag":[584],"class_list":{"0":"post-22927","1":"product","2":"type-product","3":"status-publish","4":"has-post-thumbnail","6":"product_cat-suplimente","7":"product_cat-uncategorized","8":"product_tag-suplimente","10":"first","11":"instock","12":"shipping-taxable","13":"purchasable","14":"product-type-simple"},"_links":{"self":[{"href":"https:\/\/farmaciacrisia.ro\/en\/wp-json\/wp\/v2\/product\/22927","targetHints":{"allow":["GET"]}}],"collection":[{"href":"https:\/\/farmaciacrisia.ro\/en\/wp-json\/wp\/v2\/product"}],"about":[{"href":"https:\/\/farmaciacrisia.ro\/en\/wp-json\/wp\/v2\/types\/product"}],"version-history":[{"count":2,"href":"https:\/\/farmaciacrisia.ro\/en\/wp-json\/wp\/v2\/product\/22927\/revisions"}],"predecessor-version":[{"id":22934,"href":"https:\/\/farmaciacrisia.ro\/en\/wp-json\/wp\/v2\/product\/22927\/revisions\/22934"}],"wp:featuredmedia":[{"embeddable":true,"href":"https:\/\/farmaciacrisia.ro\/en\/wp-json\/wp\/v2\/media\/22945"}],"wp:attachment":[{"href":"https:\/\/farmaciacrisia.ro\/en\/wp-json\/wp\/v2\/media?parent=22927"}],"wp:term":[{"taxonomy":"product_brand","embeddable":true,"href":"https:\/\/farmaciacrisia.ro\/en\/wp-json\/wp\/v2\/product_brand?post=22927"},{"taxonomy":"product_cat","embeddable":true,"href":"https:\/\/farmaciacrisia.ro\/en\/wp-json\/wp\/v2\/product_cat?post=22927"},{"taxonomy":"product_tag","embeddable":true,"href":"https:\/\/farmaciacrisia.ro\/en\/wp-json\/wp\/v2\/product_tag?post=22927"}],"curies":[{"name":"wp","href":"https:\/\/api.w.org\/{rel}","templated":true}]}}