{"id":22961,"date":"2026-04-20T09:15:22","date_gmt":"2026-04-20T09:15:22","guid":{"rendered":"https:\/\/farmaciacrisia.ro\/?post_type=product&#038;p=22961"},"modified":"2026-04-20T13:45:54","modified_gmt":"2026-04-20T13:45:54","slug":"senti2-picaturi-calmante-pentru-ochi-iritati-cu-hamamelis-si-galbenele","status":"publish","type":"product","link":"https:\/\/farmaciacrisia.ro\/en\/product\/senti2-picaturi-calmante-pentru-ochi-iritati-cu-hamamelis-si-galbenele\/","title":{"rendered":"SENTI2 PICATURI CALMANTE PENTRU OCHI IRITATI CU HAMAMELIS SI GALBENELE"},"content":{"rendered":"","protected":false},"excerpt":{"rendered":"<p><strong>SENTI2 PIC\u0102TURI CALMANTE PENTRU OCHI <\/strong>este o solu\u021bie steril\u0103, izotonic\u0103, cu hamamelis \u0219i galbenele, care protejeaz\u0103, hidrateaz\u0103, calmeaz\u0103 \u0219i ofer\u0103 confort ochilor irita\u021bi, cu senza\u021bie de m\u00e2nc\u0103rime. Pic\u0103turile sunt recomandate persoanelor cu ochi usca\u021bi \u00eentruc\u00e2t formula lor special\u0103 reface filmul lacrimal, av\u00e2nd un efect instant \u0219i de lung\u0103 durat\u0103. Poate fi utilizat cu toate tipurile de lentile de contact.<\/p>","protected":false},"featured_media":22963,"template":"","meta":[],"product_brand":[],"product_cat":[15],"product_tag":[],"class_list":{"0":"post-22961","1":"product","2":"type-product","3":"status-publish","4":"has-post-thumbnail","6":"product_cat-uncategorized","8":"first","9":"instock","10":"shipping-taxable","11":"purchasable","12":"product-type-simple"},"_links":{"self":[{"href":"https:\/\/farmaciacrisia.ro\/en\/wp-json\/wp\/v2\/product\/22961","targetHints":{"allow":["GET"]}}],"collection":[{"href":"https:\/\/farmaciacrisia.ro\/en\/wp-json\/wp\/v2\/product"}],"about":[{"href":"https:\/\/farmaciacrisia.ro\/en\/wp-json\/wp\/v2\/types\/product"}],"version-history":[{"count":2,"href":"https:\/\/farmaciacrisia.ro\/en\/wp-json\/wp\/v2\/product\/22961\/revisions"}],"predecessor-version":[{"id":23059,"href":"https:\/\/farmaciacrisia.ro\/en\/wp-json\/wp\/v2\/product\/22961\/revisions\/23059"}],"wp:featuredmedia":[{"embeddable":true,"href":"https:\/\/farmaciacrisia.ro\/en\/wp-json\/wp\/v2\/media\/22963"}],"wp:attachment":[{"href":"https:\/\/farmaciacrisia.ro\/en\/wp-json\/wp\/v2\/media?parent=22961"}],"wp:term":[{"taxonomy":"product_brand","embeddable":true,"href":"https:\/\/farmaciacrisia.ro\/en\/wp-json\/wp\/v2\/product_brand?post=22961"},{"taxonomy":"product_cat","embeddable":true,"href":"https:\/\/farmaciacrisia.ro\/en\/wp-json\/wp\/v2\/product_cat?post=22961"},{"taxonomy":"product_tag","embeddable":true,"href":"https:\/\/farmaciacrisia.ro\/en\/wp-json\/wp\/v2\/product_tag?post=22961"}],"curies":[{"name":"wp","href":"https:\/\/api.w.org\/{rel}","templated":true}]}}