{"id":22978,"date":"2026-04-20T09:47:54","date_gmt":"2026-04-20T09:47:54","guid":{"rendered":"https:\/\/farmaciacrisia.ro\/?post_type=product&#038;p=22978"},"modified":"2026-04-20T09:52:18","modified_gmt":"2026-04-20T09:52:18","slug":"senti2-plasturi-pentru-herpes-x-16-buc","status":"publish","type":"product","link":"https:\/\/farmaciacrisia.ro\/en\/product\/senti2-plasturi-pentru-herpes-x-16-buc\/","title":{"rendered":"SENTI2 PLASTURI PENTRU HERPES x 16 buc"},"content":{"rendered":"","protected":false},"excerpt":{"rendered":"<p><strong>SENTI2 LIP HERPES PATCHES<\/strong> sunt plasturi special concepu\u021bi pentru aplicare pe leziunile cauzate de herpesul bucal (herpes labial). Ace\u0219ti plasturi folosesc o tehnologie cu gel hidrocoloid care creeaz\u0103 o barier\u0103 protectoare peste ran\u0103 de pe buze, ajut\u00e2nd la accelerarea procesului de vindecare \u0219i favorizeaz\u0103 vindecarea f\u0103r\u0103 formarea crustelor vizibile \u0219i a infec\u021biilor secundare. Sunt discre\u021bi, practici \u0219i confortabili, put\u00e2nd fi purta\u021bi pe durata zilei.<\/p>","protected":false},"featured_media":22979,"template":"","meta":[],"product_brand":[],"product_cat":[15],"product_tag":[],"class_list":{"0":"post-22978","1":"product","2":"type-product","3":"status-publish","4":"has-post-thumbnail","6":"product_cat-uncategorized","8":"first","9":"instock","10":"shipping-taxable","11":"purchasable","12":"product-type-simple"},"_links":{"self":[{"href":"https:\/\/farmaciacrisia.ro\/en\/wp-json\/wp\/v2\/product\/22978","targetHints":{"allow":["GET"]}}],"collection":[{"href":"https:\/\/farmaciacrisia.ro\/en\/wp-json\/wp\/v2\/product"}],"about":[{"href":"https:\/\/farmaciacrisia.ro\/en\/wp-json\/wp\/v2\/types\/product"}],"version-history":[{"count":1,"href":"https:\/\/farmaciacrisia.ro\/en\/wp-json\/wp\/v2\/product\/22978\/revisions"}],"predecessor-version":[{"id":22980,"href":"https:\/\/farmaciacrisia.ro\/en\/wp-json\/wp\/v2\/product\/22978\/revisions\/22980"}],"wp:featuredmedia":[{"embeddable":true,"href":"https:\/\/farmaciacrisia.ro\/en\/wp-json\/wp\/v2\/media\/22979"}],"wp:attachment":[{"href":"https:\/\/farmaciacrisia.ro\/en\/wp-json\/wp\/v2\/media?parent=22978"}],"wp:term":[{"taxonomy":"product_brand","embeddable":true,"href":"https:\/\/farmaciacrisia.ro\/en\/wp-json\/wp\/v2\/product_brand?post=22978"},{"taxonomy":"product_cat","embeddable":true,"href":"https:\/\/farmaciacrisia.ro\/en\/wp-json\/wp\/v2\/product_cat?post=22978"},{"taxonomy":"product_tag","embeddable":true,"href":"https:\/\/farmaciacrisia.ro\/en\/wp-json\/wp\/v2\/product_tag?post=22978"}],"curies":[{"name":"wp","href":"https:\/\/api.w.org\/{rel}","templated":true}]}}