{"id":22984,"date":"2026-04-20T09:53:38","date_gmt":"2026-04-20T09:53:38","guid":{"rendered":"https:\/\/farmaciacrisia.ro\/?post_type=product&#038;p=22984"},"modified":"2026-04-20T13:02:18","modified_gmt":"2026-04-20T13:02:18","slug":"senti2-cu-hidrocoloid-pentru-vezicule-si-iritatii-x-2-buc","status":"publish","type":"product","link":"https:\/\/farmaciacrisia.ro\/en\/product\/senti2-cu-hidrocoloid-pentru-vezicule-si-iritatii-x-2-buc\/","title":{"rendered":"SENTI2 CU HIDROCOLOID PENTRU VEZICULE SI IRITATII x 2 buc"},"content":{"rendered":"","protected":false},"excerpt":{"rendered":"<p><span style=\"box-sizing: border-box; margin: 0px; padding: 0px;\"><strong>SENTI2 PLASTURI CU HIDROCOLOID PENTRU VEZICULE \u0218I IRITA\u021aII <\/strong>sunt dispozitive medicale destinate protec\u021biei \u0219i tratamentului local al veziculelor cutanate (b\u0103\u0219ici) \u0219i al zonelor de piele iritate, cauzate de frecare sau presiune.<\/span><\/p>\n<p>Tehnologia hidrocoloid\u0103 formeaz\u0103 un mediu umed controlat la nivelul leziunii, favoriz\u00e2nd procesul natural de vindecare (epitelizare) \u0219i reduc\u00e2nd riscul de formare a crustelor sau fisurilor dureroase. Plasturele absoarbe exsudatul, reduce presiunea local\u0103 \u0219i ac\u021bioneaz\u0103 ca o barier\u0103 protectoare \u00eempotriva contamin\u0103rii externe \u0219i a frec\u0103rii suplimentare.<\/p>\n<p>Materialul este flexibil \u0219i discret, adapt\u00e2ndu-se conturului pielii pentru confort sporit \u00een timpul mersului sau al activit\u0103\u021bilor zilnice<strong>.<\/strong><\/p>","protected":false},"featured_media":22985,"template":"","meta":[],"product_brand":[],"product_cat":[15],"product_tag":[],"class_list":{"0":"post-22984","1":"product","2":"type-product","3":"status-publish","4":"has-post-thumbnail","6":"product_cat-uncategorized","8":"first","9":"instock","10":"shipping-taxable","11":"purchasable","12":"product-type-simple"},"_links":{"self":[{"href":"https:\/\/farmaciacrisia.ro\/en\/wp-json\/wp\/v2\/product\/22984","targetHints":{"allow":["GET"]}}],"collection":[{"href":"https:\/\/farmaciacrisia.ro\/en\/wp-json\/wp\/v2\/product"}],"about":[{"href":"https:\/\/farmaciacrisia.ro\/en\/wp-json\/wp\/v2\/types\/product"}],"version-history":[{"count":2,"href":"https:\/\/farmaciacrisia.ro\/en\/wp-json\/wp\/v2\/product\/22984\/revisions"}],"predecessor-version":[{"id":23056,"href":"https:\/\/farmaciacrisia.ro\/en\/wp-json\/wp\/v2\/product\/22984\/revisions\/23056"}],"wp:featuredmedia":[{"embeddable":true,"href":"https:\/\/farmaciacrisia.ro\/en\/wp-json\/wp\/v2\/media\/22985"}],"wp:attachment":[{"href":"https:\/\/farmaciacrisia.ro\/en\/wp-json\/wp\/v2\/media?parent=22984"}],"wp:term":[{"taxonomy":"product_brand","embeddable":true,"href":"https:\/\/farmaciacrisia.ro\/en\/wp-json\/wp\/v2\/product_brand?post=22984"},{"taxonomy":"product_cat","embeddable":true,"href":"https:\/\/farmaciacrisia.ro\/en\/wp-json\/wp\/v2\/product_cat?post=22984"},{"taxonomy":"product_tag","embeddable":true,"href":"https:\/\/farmaciacrisia.ro\/en\/wp-json\/wp\/v2\/product_tag?post=22984"}],"curies":[{"name":"wp","href":"https:\/\/api.w.org\/{rel}","templated":true}]}}