{"id":23023,"date":"2026-04-20T11:21:14","date_gmt":"2026-04-20T11:21:14","guid":{"rendered":"https:\/\/farmaciacrisia.ro\/?post_type=product&#038;p=23023"},"modified":"2026-04-20T11:25:00","modified_gmt":"2026-04-20T11:25:00","slug":"vea-lipogelx50-ml","status":"publish","type":"product","link":"https:\/\/farmaciacrisia.ro\/en\/product\/vea-lipogelx50-ml\/","title":{"rendered":"Vea LIPOGELx50 ml"},"content":{"rendered":"","protected":false},"excerpt":{"rendered":"<p><strong>VEA LIPOGEL<\/strong>\u00a0este un gel lipofil care con\u021bine ulei VEA (vitamina E \u00een stare pur\u0103) \u201egelificat\u201d cu substan\u021be lipofile asem\u0103n\u0103toare lipidelor prezente \u00een mod normal \u00een stratul cornos al pielii.<br data-start=\"206\" data-end=\"209\" \/>F\u0103r\u0103 parfum, conservan\u021bi, coloran\u021bi.<\/p>","protected":false},"featured_media":23024,"template":"","meta":[],"product_brand":[],"product_cat":[15],"product_tag":[],"class_list":{"0":"post-23023","1":"product","2":"type-product","3":"status-publish","4":"has-post-thumbnail","6":"product_cat-uncategorized","8":"first","9":"instock","10":"shipping-taxable","11":"purchasable","12":"product-type-simple"},"_links":{"self":[{"href":"https:\/\/farmaciacrisia.ro\/en\/wp-json\/wp\/v2\/product\/23023","targetHints":{"allow":["GET"]}}],"collection":[{"href":"https:\/\/farmaciacrisia.ro\/en\/wp-json\/wp\/v2\/product"}],"about":[{"href":"https:\/\/farmaciacrisia.ro\/en\/wp-json\/wp\/v2\/types\/product"}],"version-history":[{"count":1,"href":"https:\/\/farmaciacrisia.ro\/en\/wp-json\/wp\/v2\/product\/23023\/revisions"}],"predecessor-version":[{"id":23025,"href":"https:\/\/farmaciacrisia.ro\/en\/wp-json\/wp\/v2\/product\/23023\/revisions\/23025"}],"wp:featuredmedia":[{"embeddable":true,"href":"https:\/\/farmaciacrisia.ro\/en\/wp-json\/wp\/v2\/media\/23024"}],"wp:attachment":[{"href":"https:\/\/farmaciacrisia.ro\/en\/wp-json\/wp\/v2\/media?parent=23023"}],"wp:term":[{"taxonomy":"product_brand","embeddable":true,"href":"https:\/\/farmaciacrisia.ro\/en\/wp-json\/wp\/v2\/product_brand?post=23023"},{"taxonomy":"product_cat","embeddable":true,"href":"https:\/\/farmaciacrisia.ro\/en\/wp-json\/wp\/v2\/product_cat?post=23023"},{"taxonomy":"product_tag","embeddable":true,"href":"https:\/\/farmaciacrisia.ro\/en\/wp-json\/wp\/v2\/product_tag?post=23023"}],"curies":[{"name":"wp","href":"https:\/\/api.w.org\/{rel}","templated":true}]}}