{"id":23036,"date":"2026-04-20T11:34:38","date_gmt":"2026-04-20T11:34:38","guid":{"rendered":"https:\/\/farmaciacrisia.ro\/?post_type=product&#038;p=23036"},"modified":"2026-04-20T11:37:54","modified_gmt":"2026-04-20T11:37:54","slug":"vea-olio-x-20-ml","status":"publish","type":"product","link":"https:\/\/farmaciacrisia.ro\/en\/product\/vea-olio-x-20-ml\/","title":{"rendered":"VEA Olio x 20 ml"},"content":{"rendered":"","protected":false},"excerpt":{"rendered":"<p><strong>VEA OLIO<\/strong>\u00a0este vitamina E pur\u0103 100% (f\u0103r\u0103 excipien\u021bi), sub form\u0103 de ulei, cu ac\u021biune antioxidant\u0103 \u00eempotriva efectelor radicalilor liberi. Produs unic, con\u021bine un singur ingredient.<\/p>","protected":false},"featured_media":23037,"template":"","meta":[],"product_brand":[],"product_cat":[15],"product_tag":[],"class_list":{"0":"post-23036","1":"product","2":"type-product","3":"status-publish","4":"has-post-thumbnail","6":"product_cat-uncategorized","8":"first","9":"instock","10":"shipping-taxable","11":"purchasable","12":"product-type-simple"},"_links":{"self":[{"href":"https:\/\/farmaciacrisia.ro\/en\/wp-json\/wp\/v2\/product\/23036","targetHints":{"allow":["GET"]}}],"collection":[{"href":"https:\/\/farmaciacrisia.ro\/en\/wp-json\/wp\/v2\/product"}],"about":[{"href":"https:\/\/farmaciacrisia.ro\/en\/wp-json\/wp\/v2\/types\/product"}],"version-history":[{"count":1,"href":"https:\/\/farmaciacrisia.ro\/en\/wp-json\/wp\/v2\/product\/23036\/revisions"}],"predecessor-version":[{"id":23038,"href":"https:\/\/farmaciacrisia.ro\/en\/wp-json\/wp\/v2\/product\/23036\/revisions\/23038"}],"wp:featuredmedia":[{"embeddable":true,"href":"https:\/\/farmaciacrisia.ro\/en\/wp-json\/wp\/v2\/media\/23037"}],"wp:attachment":[{"href":"https:\/\/farmaciacrisia.ro\/en\/wp-json\/wp\/v2\/media?parent=23036"}],"wp:term":[{"taxonomy":"product_brand","embeddable":true,"href":"https:\/\/farmaciacrisia.ro\/en\/wp-json\/wp\/v2\/product_brand?post=23036"},{"taxonomy":"product_cat","embeddable":true,"href":"https:\/\/farmaciacrisia.ro\/en\/wp-json\/wp\/v2\/product_cat?post=23036"},{"taxonomy":"product_tag","embeddable":true,"href":"https:\/\/farmaciacrisia.ro\/en\/wp-json\/wp\/v2\/product_tag?post=23036"}],"curies":[{"name":"wp","href":"https:\/\/api.w.org\/{rel}","templated":true}]}}