{"id":23042,"date":"2026-04-20T11:39:21","date_gmt":"2026-04-20T11:39:21","guid":{"rendered":"https:\/\/farmaciacrisia.ro\/?post_type=product&#038;p=23042"},"modified":"2026-04-20T11:42:38","modified_gmt":"2026-04-20T11:42:38","slug":"vea-oris-spray-oral-cu-vitamina-e","status":"publish","type":"product","link":"https:\/\/farmaciacrisia.ro\/en\/product\/vea-oris-spray-oral-cu-vitamina-e\/","title":{"rendered":"VEA ORIS spray oral cu vitamina E"},"content":{"rendered":"","protected":false},"excerpt":{"rendered":"<p><strong>VEA ORIS <\/strong>este un spray pentru protec\u021bia \u0219i men\u021binerea membranelor mucoase ale cavit\u0103\u021bii bucale \u00een stare bun\u0103, fiind bogat \u00een vitamina E (VEA Olio) \u0219i indicat la copii \u0219i adul\u021bi, la orice v\u00e2rst\u0103.<br data-start=\"211\" data-end=\"214\" \/>F\u0103r\u0103 arome, conservan\u021bi, coloran\u021bi, uleiuri esen\u021biale.<\/p>","protected":false},"featured_media":23043,"template":"","meta":[],"product_brand":[],"product_cat":[15],"product_tag":[],"class_list":{"0":"post-23042","1":"product","2":"type-product","3":"status-publish","4":"has-post-thumbnail","6":"product_cat-uncategorized","8":"first","9":"instock","10":"shipping-taxable","11":"purchasable","12":"product-type-simple"},"_links":{"self":[{"href":"https:\/\/farmaciacrisia.ro\/en\/wp-json\/wp\/v2\/product\/23042","targetHints":{"allow":["GET"]}}],"collection":[{"href":"https:\/\/farmaciacrisia.ro\/en\/wp-json\/wp\/v2\/product"}],"about":[{"href":"https:\/\/farmaciacrisia.ro\/en\/wp-json\/wp\/v2\/types\/product"}],"version-history":[{"count":1,"href":"https:\/\/farmaciacrisia.ro\/en\/wp-json\/wp\/v2\/product\/23042\/revisions"}],"predecessor-version":[{"id":23044,"href":"https:\/\/farmaciacrisia.ro\/en\/wp-json\/wp\/v2\/product\/23042\/revisions\/23044"}],"wp:featuredmedia":[{"embeddable":true,"href":"https:\/\/farmaciacrisia.ro\/en\/wp-json\/wp\/v2\/media\/23043"}],"wp:attachment":[{"href":"https:\/\/farmaciacrisia.ro\/en\/wp-json\/wp\/v2\/media?parent=23042"}],"wp:term":[{"taxonomy":"product_brand","embeddable":true,"href":"https:\/\/farmaciacrisia.ro\/en\/wp-json\/wp\/v2\/product_brand?post=23042"},{"taxonomy":"product_cat","embeddable":true,"href":"https:\/\/farmaciacrisia.ro\/en\/wp-json\/wp\/v2\/product_cat?post=23042"},{"taxonomy":"product_tag","embeddable":true,"href":"https:\/\/farmaciacrisia.ro\/en\/wp-json\/wp\/v2\/product_tag?post=23042"}],"curies":[{"name":"wp","href":"https:\/\/api.w.org\/{rel}","templated":true}]}}