{"id":23144,"date":"2026-05-05T08:36:37","date_gmt":"2026-05-05T08:36:37","guid":{"rendered":"https:\/\/farmaciacrisia.ro\/?post_type=product&#038;p=23144"},"modified":"2026-05-12T08:03:26","modified_gmt":"2026-05-12T08:03:26","slug":"marimer-baby-izotonic-spray-x100-ml","status":"publish","type":"product","link":"https:\/\/farmaciacrisia.ro\/en\/product\/marimer-baby-izotonic-spray-x100-ml\/","title":{"rendered":"Marimer baby izotonic spray x100 ml"},"content":{"rendered":"","protected":false},"excerpt":{"rendered":"<p><strong>Marimer Baby izotonic <\/strong>spray nazal este o solu\u021bie delicat\u0103 pe baz\u0103 de ap\u0103 de mare 100% natural\u0103, special conceput\u0103 pentru igiena zilnic\u0103 a c\u0103ilor nazale la bebelu\u0219i \u0219i copii mici. Formula sa izotonic\u0103, steril\u0103 \u0219i microdifuzat\u0103, respect\u0103 fiziologia mucoasei nazale, contribuind la cur\u0103\u021barea eficient\u0103 \u0219i la men\u021binerea unui nivel optim de hidratare.<\/p>","protected":false},"featured_media":23145,"template":"","meta":[],"product_brand":[],"product_cat":[15],"product_tag":[],"class_list":{"0":"post-23144","1":"product","2":"type-product","3":"status-publish","4":"has-post-thumbnail","6":"product_cat-uncategorized","8":"first","9":"instock","10":"shipping-taxable","11":"purchasable","12":"product-type-simple"},"_links":{"self":[{"href":"https:\/\/farmaciacrisia.ro\/en\/wp-json\/wp\/v2\/product\/23144","targetHints":{"allow":["GET"]}}],"collection":[{"href":"https:\/\/farmaciacrisia.ro\/en\/wp-json\/wp\/v2\/product"}],"about":[{"href":"https:\/\/farmaciacrisia.ro\/en\/wp-json\/wp\/v2\/types\/product"}],"version-history":[{"count":1,"href":"https:\/\/farmaciacrisia.ro\/en\/wp-json\/wp\/v2\/product\/23144\/revisions"}],"predecessor-version":[{"id":23146,"href":"https:\/\/farmaciacrisia.ro\/en\/wp-json\/wp\/v2\/product\/23144\/revisions\/23146"}],"wp:featuredmedia":[{"embeddable":true,"href":"https:\/\/farmaciacrisia.ro\/en\/wp-json\/wp\/v2\/media\/23145"}],"wp:attachment":[{"href":"https:\/\/farmaciacrisia.ro\/en\/wp-json\/wp\/v2\/media?parent=23144"}],"wp:term":[{"taxonomy":"product_brand","embeddable":true,"href":"https:\/\/farmaciacrisia.ro\/en\/wp-json\/wp\/v2\/product_brand?post=23144"},{"taxonomy":"product_cat","embeddable":true,"href":"https:\/\/farmaciacrisia.ro\/en\/wp-json\/wp\/v2\/product_cat?post=23144"},{"taxonomy":"product_tag","embeddable":true,"href":"https:\/\/farmaciacrisia.ro\/en\/wp-json\/wp\/v2\/product_tag?post=23144"}],"curies":[{"name":"wp","href":"https:\/\/api.w.org\/{rel}","templated":true}]}}