{"id":23148,"date":"2026-05-05T08:45:30","date_gmt":"2026-05-05T08:45:30","guid":{"rendered":"https:\/\/farmaciacrisia.ro\/?post_type=product&#038;p=23148"},"modified":"2026-05-12T08:06:56","modified_gmt":"2026-05-12T08:06:56","slug":"marimer-decongestionant-bio-spray-20-ml","status":"publish","type":"product","link":"https:\/\/farmaciacrisia.ro\/en\/product\/marimer-decongestionant-bio-spray-20-ml\/","title":{"rendered":"Marimer decongestionant bio spray 20 ml"},"content":{"rendered":"","protected":false},"excerpt":{"rendered":"<p><strong>Marimer Decongestionant Bio <\/strong>spray nazal este o solu\u021bie natural\u0103 eficient\u0103 pentru desfundarea rapid\u0103 a nasului \u0219i ameliorarea congestiei nazale. Formula sa pe baz\u0103 de ap\u0103 de mare hipertonic\u0103 100% natural\u0103 ac\u021bioneaz\u0103 prin efect osmotic, ajut\u00e2nd la eliminarea secre\u021biilor \u0219i la cur\u0103\u021barea c\u0103ilor nazale \u00een mod delicat \u0219i eficient.<\/p>","protected":false},"featured_media":23149,"template":"","meta":[],"product_brand":[],"product_cat":[15],"product_tag":[],"class_list":{"0":"post-23148","1":"product","2":"type-product","3":"status-publish","4":"has-post-thumbnail","6":"product_cat-uncategorized","8":"first","9":"instock","10":"shipping-taxable","11":"purchasable","12":"product-type-simple"},"_links":{"self":[{"href":"https:\/\/farmaciacrisia.ro\/en\/wp-json\/wp\/v2\/product\/23148","targetHints":{"allow":["GET"]}}],"collection":[{"href":"https:\/\/farmaciacrisia.ro\/en\/wp-json\/wp\/v2\/product"}],"about":[{"href":"https:\/\/farmaciacrisia.ro\/en\/wp-json\/wp\/v2\/types\/product"}],"version-history":[{"count":3,"href":"https:\/\/farmaciacrisia.ro\/en\/wp-json\/wp\/v2\/product\/23148\/revisions"}],"predecessor-version":[{"id":23208,"href":"https:\/\/farmaciacrisia.ro\/en\/wp-json\/wp\/v2\/product\/23148\/revisions\/23208"}],"wp:featuredmedia":[{"embeddable":true,"href":"https:\/\/farmaciacrisia.ro\/en\/wp-json\/wp\/v2\/media\/23149"}],"wp:attachment":[{"href":"https:\/\/farmaciacrisia.ro\/en\/wp-json\/wp\/v2\/media?parent=23148"}],"wp:term":[{"taxonomy":"product_brand","embeddable":true,"href":"https:\/\/farmaciacrisia.ro\/en\/wp-json\/wp\/v2\/product_brand?post=23148"},{"taxonomy":"product_cat","embeddable":true,"href":"https:\/\/farmaciacrisia.ro\/en\/wp-json\/wp\/v2\/product_cat?post=23148"},{"taxonomy":"product_tag","embeddable":true,"href":"https:\/\/farmaciacrisia.ro\/en\/wp-json\/wp\/v2\/product_tag?post=23148"}],"curies":[{"name":"wp","href":"https:\/\/api.w.org\/{rel}","templated":true}]}}