{"id":23163,"date":"2026-05-05T10:07:01","date_gmt":"2026-05-05T10:07:01","guid":{"rendered":"https:\/\/farmaciacrisia.ro\/?post_type=product&#038;p=23163"},"modified":"2026-05-12T08:16:33","modified_gmt":"2026-05-12T08:16:33","slug":"humer-spray-nazal-cu-apa-de-mare-pentru-adulti","status":"publish","type":"product","link":"https:\/\/farmaciacrisia.ro\/en\/product\/humer-spray-nazal-cu-apa-de-mare-pentru-adulti\/","title":{"rendered":"Humer spray nazal cu ap\u0103 de mare pentru adul\u021bi"},"content":{"rendered":"","protected":false},"excerpt":{"rendered":"<p><strong>Humer Spray Nazal cu ap\u0103 de mare pentru adul\u021bi<\/strong> este o solu\u021bie natural\u0103 \u0219i eficient\u0103 pentru igiena zilnic\u0103 a c\u0103ilor nazale \u0219i men\u021binerea s\u0103n\u0103t\u0103\u021bii mucoasei nazale. Con\u021bin\u00e2nd 100% ap\u0103 de mare nediluat\u0103, bogat\u0103 \u00een minerale esen\u021biale precum magneziu, calciu, potasiu \u0219i zinc, acest spray contribuie la hidratarea, cur\u0103\u021barea \u0219i regenerarea mucoasei nazale.<\/p>","protected":false},"featured_media":23174,"template":"","meta":[],"product_brand":[],"product_cat":[15],"product_tag":[],"class_list":{"0":"post-23163","1":"product","2":"type-product","3":"status-publish","4":"has-post-thumbnail","6":"product_cat-uncategorized","8":"first","9":"instock","10":"shipping-taxable","11":"purchasable","12":"product-type-simple"},"_links":{"self":[{"href":"https:\/\/farmaciacrisia.ro\/en\/wp-json\/wp\/v2\/product\/23163","targetHints":{"allow":["GET"]}}],"collection":[{"href":"https:\/\/farmaciacrisia.ro\/en\/wp-json\/wp\/v2\/product"}],"about":[{"href":"https:\/\/farmaciacrisia.ro\/en\/wp-json\/wp\/v2\/types\/product"}],"version-history":[{"count":2,"href":"https:\/\/farmaciacrisia.ro\/en\/wp-json\/wp\/v2\/product\/23163\/revisions"}],"predecessor-version":[{"id":23173,"href":"https:\/\/farmaciacrisia.ro\/en\/wp-json\/wp\/v2\/product\/23163\/revisions\/23173"}],"wp:featuredmedia":[{"embeddable":true,"href":"https:\/\/farmaciacrisia.ro\/en\/wp-json\/wp\/v2\/media\/23174"}],"wp:attachment":[{"href":"https:\/\/farmaciacrisia.ro\/en\/wp-json\/wp\/v2\/media?parent=23163"}],"wp:term":[{"taxonomy":"product_brand","embeddable":true,"href":"https:\/\/farmaciacrisia.ro\/en\/wp-json\/wp\/v2\/product_brand?post=23163"},{"taxonomy":"product_cat","embeddable":true,"href":"https:\/\/farmaciacrisia.ro\/en\/wp-json\/wp\/v2\/product_cat?post=23163"},{"taxonomy":"product_tag","embeddable":true,"href":"https:\/\/farmaciacrisia.ro\/en\/wp-json\/wp\/v2\/product_tag?post=23163"}],"curies":[{"name":"wp","href":"https:\/\/api.w.org\/{rel}","templated":true}]}}