{"id":19384,"date":"2024-09-11T07:39:09","date_gmt":"2024-09-11T07:39:09","guid":{"rendered":"https:\/\/farmaciacrisia.ro\/?page_id=19384"},"modified":"2024-09-11T07:52:07","modified_gmt":"2024-09-11T07:52:07","slug":"formular-dezarhivare-reteta","status":"publish","type":"page","link":"https:\/\/farmaciacrisia.ro\/fr\/formular-dezarhivare-reteta\/","title":{"rendered":"Formulaire de d\u00e9sarchivage de recette"},"content":{"rendered":"<div data-elementor-type=\"wp-page\" data-elementor-id=\"19384\" class=\"elementor elementor-19384\" data-elementor-post-type=\"page\">\n\t\t\t\t\t\t<section class=\"elementor-section elementor-top-section elementor-element elementor-element-2c8e43d elementor-section-boxed elementor-section-height-default elementor-section-height-default mkdf-parallax-row-no mkdf-content-aligment-left mkdf-elementor-row-grid-no mkdf-disabled-bg-image-bellow-no\" data-id=\"2c8e43d\" data-element_type=\"section\" data-e-type=\"section\">\n\t\t\t\t\t\t<div class=\"elementor-container elementor-column-gap-default\">\n\t\t\t\t\t<div class=\"elementor-column elementor-col-100 elementor-top-column elementor-element elementor-element-66d222b\" data-id=\"66d222b\" data-element_type=\"column\" data-e-type=\"column\">\n\t\t\t<div class=\"elementor-widget-wrap elementor-element-populated\">\n\t\t\t\t\t\t<div class=\"elementor-element elementor-element-72651b8 elementor-widget elementor-widget-text-editor\" data-id=\"72651b8\" data-element_type=\"widget\" data-e-type=\"widget\" data-widget_type=\"text-editor.default\">\n\t\t\t\t<div class=\"elementor-widget-container\">\n\t\t\t\t\t\t\t\t\t<table><tbody><tr><td class=\"s5\"><div><p class=\"s7\"><span class=\"s6\">En tant que personne concern\u00e9e, vous avez le droit de demander l&#039;acc\u00e8s aux donn\u00e9es personnelles qui peuvent \u00eatre<\/span><span class=\"s6\">nous les poss\u00e9dons<\/span><span class=\"s6\"> au propos de vous,<\/span><span class=\"s6\"> ainsi que pour demander <\/span><span class=\"s6\">rectification ou effacement, limitation du traitement de vos donn\u00e9es personnelles, portabilit\u00e9 des donn\u00e9es, vous avez le droit de vous opposer au traitement des donn\u00e9es personnelles, ainsi que le droit de demander \u00e0 ne pas faire l&#039;objet d&#039;une d\u00e9cision fond\u00e9e uniquement sur un traitement automatis\u00e9, y compris le profilage.<\/span><\/p><p class=\"s7\"><span class=\"s6\">De plus, si vous avez pr\u00e9c\u00e9demment donn\u00e9 votre consentement au traitement de vos donn\u00e9es personnelles et que vous souhaitez le retirer, vous pouvez utiliser le formulaire ci-dessous.<\/span><\/p><p class=\"s7\"><span class=\"s6\">Si vous souhaitez faire l&#039;une de ces demandes, veuillez remplir ce formulaire et nous l&#039;envoyer via <\/span><span class=\"s6\">\u00e9mail<\/span><span class=\"s6\">lui\/elle <\/span><span class=\"s8\">Co.<\/span><span class=\"s8\">n<\/span><span class=\"s8\">tact@dposafety.ro<\/span><span class=\"s6\"> ou par correspondance \u00e0 l&#039;adresse suivante : <\/span><span class=\"s6\">Bucarest, secteur 1, Calea Dorobanti, no. 111-131, rez-de-chauss\u00e9e.<\/span><\/p><p class=\"s7\"><span class=\"s6\">Veuillez ajouter la phrase dans l\u2019objet du message \u00e9lectronique, le cas \u00e9ch\u00e9ant. <\/span><span class=\"s9\">\u00ab\u00a0Demande de retrait du consentement\u00a0\u00bb\/\u00ab\u00a0Demande d&#039;acc\u00e8s aux donn\u00e9es\u00a0\u00bb<\/span><span class=\"s6\">\/ <\/span><span class=\"s9\">&quot;Demande de rec<\/span><span class=\"s9\">\u00ab validation des donn\u00e9es \u00bb<\/span><span class=\"s6\"> \/ <\/span><span class=\"s9\">\u00ab\u00a0Demande de suppression de donn\u00e9es\u00a0\u00bb<\/span><span class=\"s6\">\/<\/span><span class=\"s9\">\u00ab\u00a0Demande de limitation du traitement\u00a0\u00bb<\/span><span class=\"s6\">&quot;\/&quot;<\/span><span class=\"s9\">Demande de portabilit\u00e9 des donn\u00e9es<\/span><span class=\"s6\">&quot;\/&quot;<\/span><span class=\"s9\">Objections au traitement des donn\u00e9es<\/span><span class=\"s6\">&quot;\/&quot;<\/span><span class=\"s9\">Demande de traitement non automatis\u00e9<\/span><span class=\"s6\">&quot;.<\/span><\/p><\/div><\/td><\/tr><\/tbody><\/table>\t\t\t\t\t\t\t\t<\/div>\n\t\t\t\t<\/div>\n\t\t\t\t\t<\/div>\n\t\t<\/div>\n\t\t\t\t\t<\/div>\n\t\t<\/section>\n\t\t\t\t<section class=\"elementor-section elementor-top-section elementor-element elementor-element-1e4b94e elementor-section-boxed elementor-section-height-default elementor-section-height-default mkdf-parallax-row-no mkdf-content-aligment-left mkdf-elementor-row-grid-no mkdf-disabled-bg-image-bellow-no\" data-id=\"1e4b94e\" data-element_type=\"section\" data-e-type=\"section\">\n\t\t\t\t\t\t<div class=\"elementor-container elementor-column-gap-default\">\n\t\t\t\t\t<div class=\"elementor-column elementor-col-100 elementor-top-column elementor-element elementor-element-4a45cf6\" data-id=\"4a45cf6\" data-element_type=\"column\" data-e-type=\"column\">\n\t\t\t<div class=\"elementor-widget-wrap elementor-element-populated\">\n\t\t\t\t\t\t<div class=\"elementor-element elementor-element-69181ea elementor-widget elementor-widget-text-editor\" data-id=\"69181ea\" data-element_type=\"widget\" data-e-type=\"widget\" data-widget_type=\"text-editor.default\">\n\t\t\t\t<div class=\"elementor-widget-container\">\n\t\t\t\t\t\t\t\t\t<div class=\"wpcf7 no-js\" id=\"wpcf7-f19390-o1\" lang=\"ro-RO\" dir=\"ltr\" data-wpcf7-id=\"19390\">\n<div class=\"screen-reader-response\"><p role=\"status\" aria-live=\"polite\" aria-atomic=\"true\"><\/p> <ul><\/ul><\/div>\n<form action=\"\/fr\/wp-json\/wp\/v2\/pages\/19384#wpcf7-f19390-o1\" method=\"post\" class=\"wpcf7-form init\" aria-label=\"Formulaire de contact\" enctype=\"multipart\/form-data\" novalidate=\"novalidate\" data-status=\"init\" data-trp-original-action=\"\/fr\/wp-json\/wp\/v2\/pages\/19384#wpcf7-f19390-o1\">\n<fieldset class=\"hidden-fields-container\"><input type=\"hidden\" name=\"_wpcf7\" value=\"19390\" \/><input type=\"hidden\" name=\"_wpcf7_version\" value=\"6.1.5\" \/><input type=\"hidden\" name=\"_wpcf7_locale\" value=\"ro_RO\" \/><input type=\"hidden\" name=\"_wpcf7_unit_tag\" value=\"wpcf7-f19390-o1\" \/><input type=\"hidden\" name=\"_wpcf7_container_post\" value=\"0\" \/><input type=\"hidden\" name=\"_wpcf7_posted_data_hash\" value=\"\" \/><input type=\"hidden\" name=\"_wpcf7_recaptcha_response\" value=\"\" \/>\n<\/fieldset>\n<p><label> 1. Nom complet de la personne concern\u00e9e *<br \/>\n<span class=\"wpcf7-form-control-wrap\" data-name=\"nume\"><input size=\"40\" maxlength=\"400\" class=\"wpcf7-form-control wpcf7-text wpcf7-validates-as-required\" aria-required=\"true\" aria-invalid=\"false\" value=\"\" type=\"text\" name=\"nume\" \/><\/span> <\/label>\n<\/p>\n<p><label> 2. Adresse actuelle *<br \/>\n<span class=\"wpcf7-form-control-wrap\" data-name=\"adresa\"><input size=\"40\" maxlength=\"400\" class=\"wpcf7-form-control wpcf7-text wpcf7-validates-as-required\" aria-required=\"true\" aria-invalid=\"false\" value=\"\" type=\"text\" name=\"adresa\" \/><\/span> <\/label>\n<\/p>\n<p><label> 3.T\u00e9l\u00e9phone*<br \/>\n<span class=\"wpcf7-form-control-wrap\" data-name=\"tel\"><input size=\"40\" maxlength=\"400\" class=\"wpcf7-form-control wpcf7-tel wpcf7-validates-as-required wpcf7-text wpcf7-validates-as-tel\" aria-required=\"true\" aria-invalid=\"false\" value=\"\" type=\"tel\" name=\"tel\" \/><\/span> <\/label>\n<\/p>\n<p><label> 4. D\u00e9tails des donn\u00e9es concern\u00e9es par la demande*<br \/>\n<span class=\"wpcf7-form-control-wrap\" data-name=\"obiectul-cererii\"><textarea cols=\"40\" rows=\"10\" maxlength=\"2000\" class=\"wpcf7-form-control wpcf7-textarea wpcf7-validates-as-required\" aria-required=\"true\" aria-invalid=\"false\" name=\"obiectul-cererii\"><\/textarea><\/span> <\/label>\n<\/p>\n<p><label> 5. Afin d&#039;identifier les informations que vous demandez, veuillez pr\u00e9ciser le plus pr\u00e9cis\u00e9ment possible ce que vous souhaitez (par exemple, des copies d&#039;e-mails de la p\u00e9riode concern\u00e9e\u2026). Si nous ne disposons pas de suffisamment d&#039;informations pour identifier les donn\u00e9es demand\u00e9es, il nous sera peut-\u00eatre impossible de vous r\u00e9pondre.<br \/>\n<span class=\"wpcf7-form-control-wrap\" data-name=\"detaliile-informatiilor\"><textarea cols=\"40\" rows=\"10\" maxlength=\"2000\" class=\"wpcf7-form-control wpcf7-textarea wpcf7-validates-as-required\" aria-required=\"true\" aria-invalid=\"false\" name=\"detaliile-informatiilor\"><\/textarea><\/span> <\/label>\n<\/p>\n<p><label> 6. Type de demande effectu\u00e9e <\/label><br \/>\n<span class=\"wpcf7-form-control-wrap\" data-name=\"tip-cerere\"><span class=\"wpcf7-form-control wpcf7-radio\"><span class=\"wpcf7-list-item first\"><label><input type=\"radio\" name=\"tip-cerere\" value=\"Retragere a consim\u021b\u0103m\u00e2ntului pentru prelucrare\" checked=\"checked\" \/><span class=\"wpcf7-list-item-label\">Retrait du consentement au traitement<\/span><\/label><\/span><span class=\"wpcf7-list-item\"><label><input type=\"radio\" name=\"tip-cerere\" value=\"Acces la date\" \/><span class=\"wpcf7-list-item-label\">Acc\u00e8s aux donn\u00e9es<\/span><\/label><\/span><span class=\"wpcf7-list-item\"><label><input type=\"radio\" name=\"tip-cerere\" value=\"Rectificarea datelor\" \/><span class=\"wpcf7-list-item-label\">Rectification des donn\u00e9es<\/span><\/label><\/span><span class=\"wpcf7-list-item\"><label><input type=\"radio\" name=\"tip-cerere\" value=\"\u0218tergerea datelor\" \/><span class=\"wpcf7-list-item-label\">Suppression des donn\u00e9es<\/span><\/label><\/span><span class=\"wpcf7-list-item\"><label><input type=\"radio\" name=\"tip-cerere\" value=\"Restric\u021bionarea prelucr\u0103rii\" \/><span class=\"wpcf7-list-item-label\">Restriction du traitement<\/span><\/label><\/span><span class=\"wpcf7-list-item\"><label><input type=\"radio\" name=\"tip-cerere\" value=\"Portabilitatea datelor\" \/><span class=\"wpcf7-list-item-label\">Portabilit\u00e9 des donn\u00e9es<\/span><\/label><\/span><span class=\"wpcf7-list-item\"><label><input type=\"radio\" name=\"tip-cerere\" value=\"Obiec\u021biune la prelucrare\" \/><span class=\"wpcf7-list-item-label\">Opposition au traitement<\/span><\/label><\/span><span class=\"wpcf7-list-item last\"><label><input type=\"radio\" name=\"tip-cerere\" value=\"Opozi\u021bie la prelucrare automata, inclusiv profilare\" \/><span class=\"wpcf7-list-item-label\">Opposition au traitement automatis\u00e9, y compris le profilage<\/span><\/label><\/span><\/span><\/span><br \/>\n<br \/>\n 7. D\u00e9tails de la demande effectu\u00e9e (par exemple, comment vous souhaitez que les donn\u00e9es soient rectifi\u00e9es ; si vous souhaitez \u00eatre inform\u00e9 des destinataires de vos donn\u00e9es, au cas o\u00f9 vous exerceriez votre droit de rectification, de suppression ou de demande de restriction du traitement de vos donn\u00e9es ; \u00e0 qui vous souhaitez que vos donn\u00e9es soient transf\u00e9r\u00e9es ou si vous pr\u00e9f\u00e9rez que nous vous les communiquions directement, etc.)<br \/>\n<span class=\"wpcf7-form-control-wrap\" data-name=\"detaliile-cerere-formulata\"><textarea cols=\"40\" rows=\"10\" maxlength=\"2000\" class=\"wpcf7-form-control wpcf7-textarea wpcf7-validates-as-required\" aria-required=\"true\" aria-invalid=\"false\" name=\"detaliile-cerere-formulata\"><\/textarea><\/span>\n<\/p>\n<p><label> 8. Motif de la demande (il n&#039;est pas obligatoire de nous le communiquer, mais il existe des situations dans lesquelles, conform\u00e9ment \u00e0 la loi, votre demande pourrait \u00eatre rejet\u00e9e ; afin de pouvoir l&#039;\u00e9valuer et vous r\u00e9pondre le mieux et le plus satisfaisantement possible, il est utile de nous indiquer pourquoi vous la faites, mais seulement si vous le souhaitez)<br \/>\n<span class=\"wpcf7-form-control-wrap\" data-name=\"motivul-formularii-cererii\"><textarea cols=\"40\" rows=\"10\" maxlength=\"2000\" class=\"wpcf7-form-control wpcf7-textarea wpcf7-validates-as-required\" aria-required=\"true\" aria-invalid=\"false\" name=\"motivul-formularii-cererii\"><\/textarea><\/span> <\/label>\n<\/p>\n<p><label> 9. La r\u00e9ponse \u00e0 la demande\/Information est-elle envoy\u00e9e \u00e0 la personne concern\u00e9e ou \u00e0 son repr\u00e9sentant\u00a0? Si elle est envoy\u00e9e \u00e0 un repr\u00e9sentant, les champs 11 et 12 doivent \u00e9galement \u00eatre remplis. <\/label><br \/>\n<span class=\"wpcf7-form-control-wrap\" data-name=\"raspuns-trimitere\"><span class=\"wpcf7-form-control wpcf7-radio\"><span class=\"wpcf7-list-item first\"><label><input type=\"radio\" name=\"raspuns-trimitere\" value=\"Persoanei vizate\" checked=\"checked\" \/><span class=\"wpcf7-list-item-label\">La personne concern\u00e9e<\/span><\/label><\/span><span class=\"wpcf7-list-item last\"><label><input type=\"radio\" name=\"raspuns-trimitere\" value=\"Reprezentantului\" \/><span class=\"wpcf7-list-item-label\">repr\u00e9sentant<\/span><\/label><\/span><\/span><\/span><br \/>\n<br \/>\n<br \/>\n<label> 10. Je confirme \u00eatre la personne concern\u00e9e par les donn\u00e9es faisant l&#039;objet de la demande.<\/label><br \/>\n<label> 1.Nom Pr\u00e9nom *<br \/>\n<span class=\"wpcf7-form-control-wrap\" data-name=\"nume-persoana-avizata\"><input size=\"40\" maxlength=\"400\" class=\"wpcf7-form-control wpcf7-text wpcf7-validates-as-required\" aria-required=\"true\" aria-invalid=\"false\" value=\"\" type=\"text\" name=\"nume-persoana-avizata\" \/><\/span> <\/label><br \/>\n<label> 2. Date<br \/>\n<span class=\"wpcf7-form-control-wrap\" data-name=\"data-persoana-avizata\"><input size=\"40\" maxlength=\"400\" class=\"wpcf7-form-control wpcf7-text wpcf7-validates-as-required\" aria-required=\"true\" aria-invalid=\"false\" value=\"\" type=\"text\" name=\"data-persoana-avizata\" \/><\/span> <\/label><br \/>\n<label>Je joins une preuve de mon identit\u00e9, y compris un document officiel.<br \/>\nRemarque : Si je fais des demandes concernant des images vid\u00e9o ou photo, je dois joindre une pi\u00e8ce d&#039;identit\u00e9 avec photo.<\/label><br \/>\n<label>T\u00e9l\u00e9chargez le document ici.<br \/>\n<span class=\"wpcf7-form-control-wrap\" data-name=\"document-identitate\"><input size=\"40\" class=\"wpcf7-form-control wpcf7-file wpcf7-validates-as-required\" accept=\".docx,.doc,.jpg,.jpeg,.heic,.pdf,.cda,.png\" aria-required=\"true\" aria-invalid=\"false\" type=\"file\" name=\"document-identitate\" \/><\/span><\/label><br \/>\n<br \/>\n<br \/>\n<label>11. (\u00c0 compl\u00e9ter si la case \u00ab\u00a0Repr\u00e9sentant\u00a0\u00bb a \u00e9t\u00e9 coch\u00e9e au point 9). La personne concern\u00e9e (\u00e0 l&#039;\u00e9gard de laquelle la demande est formul\u00e9e) doit consentir par \u00e9crit \u00e0 ce que la r\u00e9ponse\/information soit envoy\u00e9e \u00e0 son repr\u00e9sentant autoris\u00e9.<\/label><br \/>\n<label>Je consens par la pr\u00e9sente \u00e0<br \/>\n<span class=\"wpcf7-form-control-wrap\" data-name=\"numitul-acord\"><input size=\"40\" maxlength=\"400\" class=\"wpcf7-form-control wpcf7-text wpcf7-validates-as-required\" aria-required=\"true\" aria-invalid=\"false\" value=\"\" type=\"text\" name=\"numitul-acord\" \/><\/span> <\/label><br \/>\n<label>pour faire des demandes concernant mes donn\u00e9es personnelles.<\/label><br \/>\n<br \/>\n<label>Nom et pr\u00e9nom de la personne concern\u00e9e<br \/>\n<span class=\"wpcf7-form-control-wrap\" data-name=\"nuume-si-prenume-persoana-avizata-acord\"><input size=\"40\" maxlength=\"400\" class=\"wpcf7-form-control wpcf7-text wpcf7-validates-as-required\" aria-required=\"true\" aria-invalid=\"false\" value=\"\" type=\"text\" name=\"nuume-si-prenume-persoana-avizata-acord\" \/><\/span> <\/label><br \/>\n<br \/>\n<label>12. (\u00c0 compl\u00e9ter si le repr\u00e9sentant a \u00e9t\u00e9 coch\u00e9 au point 9) Je confirme que je suis le repr\u00e9sentant autoris\u00e9 de la personne concern\u00e9e<\/label><br \/>\n<label>Nom du repr\u00e9sentant autoris\u00e9<br \/>\n<span class=\"wpcf7-form-control-wrap\" data-name=\"nume-si-prenume-persoana-unde-se-va-trimite\"><input size=\"40\" maxlength=\"400\" class=\"wpcf7-form-control wpcf7-text wpcf7-validates-as-required\" aria-required=\"true\" aria-invalid=\"false\" value=\"\" type=\"text\" name=\"nume-si-prenume-persoana-unde-se-va-trimite\" \/><\/span> <\/label>\n<\/p>\n<p><label>Adresse e-mail du repr\u00e9sentant autoris\u00e9<br \/>\n<span class=\"wpcf7-form-control-wrap\" data-name=\"adresa-de-email-a-reprezentantului-autorizat\"><input size=\"40\" maxlength=\"400\" class=\"wpcf7-form-control wpcf7-email wpcf7-validates-as-required wpcf7-text wpcf7-validates-as-email\" aria-required=\"true\" aria-invalid=\"false\" value=\"\" type=\"email\" name=\"adresa-de-email-a-reprezentantului-autorizat\" \/><\/span> <\/label><br \/>\n<br \/>\nNous mettrons tout en \u0153uvre pour r\u00e9pondre \u00e0 votre demande relative aux donn\u00e9es personnelles dans les meilleurs d\u00e9lais, en respectant le d\u00e9lai l\u00e9gal de 1 mois.<br \/>\nSi vous avez des questions pendant le traitement de votre demande, n&#039;h\u00e9sitez pas \u00e0 nous contacter \u00e0 : contact@dposafety.ro\n<\/p>\n<p><input class=\"wpcf7-form-control wpcf7-submit has-spinner\" type=\"submit\" value=\"Envoyer\" \/>\n<\/p><div class=\"wpcf7-response-output\" aria-hidden=\"true\"><\/div>\n<input type=\"hidden\" name=\"trp-form-language\" value=\"fr\"\/><\/form>\n<\/div>\t\t\t\t\t\t\t\t<\/div>\n\t\t\t\t<\/div>\n\t\t\t\t\t<\/div>\n\t\t<\/div>\n\t\t\t\t\t<\/div>\n\t\t<\/section>\n\t\t\t\t<\/div>","protected":false},"excerpt":{"rendered":"<p>Ca persoan\u0103 vizat\u0103, ave\u021bi dreptul s\u0103 solicita\u021bi acces la datele personale pe care s-ar putea s\u0103 le de\u021binem despre dvs., precum \u0219i s\u0103 solicita\u021bi rectificarea sau \u0219tergerea acestora, restric\u021bionarea prelucr\u0103rii datelor dvs. personale, portabilitatea datelor, ave\u021bi dreptul de a obiecta [&hellip;]<\/p>\n","protected":false},"author":1,"featured_media":0,"parent":0,"menu_order":0,"comment_status":"closed","ping_status":"closed","template":"","meta":{"footnotes":""},"class_list":["post-19384","page","type-page","status-publish","hentry"],"_links":{"self":[{"href":"https:\/\/farmaciacrisia.ro\/fr\/wp-json\/wp\/v2\/pages\/19384","targetHints":{"allow":["GET"]}}],"collection":[{"href":"https:\/\/farmaciacrisia.ro\/fr\/wp-json\/wp\/v2\/pages"}],"about":[{"href":"https:\/\/farmaciacrisia.ro\/fr\/wp-json\/wp\/v2\/types\/page"}],"author":[{"embeddable":true,"href":"https:\/\/farmaciacrisia.ro\/fr\/wp-json\/wp\/v2\/users\/1"}],"replies":[{"embeddable":true,"href":"https:\/\/farmaciacrisia.ro\/fr\/wp-json\/wp\/v2\/comments?post=19384"}],"version-history":[{"count":7,"href":"https:\/\/farmaciacrisia.ro\/fr\/wp-json\/wp\/v2\/pages\/19384\/revisions"}],"predecessor-version":[{"id":19393,"href":"https:\/\/farmaciacrisia.ro\/fr\/wp-json\/wp\/v2\/pages\/19384\/revisions\/19393"}],"wp:attachment":[{"href":"https:\/\/farmaciacrisia.ro\/fr\/wp-json\/wp\/v2\/media?parent=19384"}],"curies":[{"name":"wp","href":"https:\/\/api.w.org\/{rel}","templated":true}]}}