{"id":21179,"date":"2025-09-19T12:52:04","date_gmt":"2025-09-19T12:52:04","guid":{"rendered":"https:\/\/farmaciacrisia.ro\/?page_id=21179"},"modified":"2025-09-22T12:33:53","modified_gmt":"2025-09-22T12:33:53","slug":"suplimente-alimentare","status":"publish","type":"page","link":"https:\/\/farmaciacrisia.ro\/fr\/suplimente-alimentare\/","title":{"rendered":"Compl\u00e9ments alimentaires"},"content":{"rendered":"<div data-elementor-type=\"wp-page\" data-elementor-id=\"21179\" class=\"elementor elementor-21179\" data-elementor-post-type=\"page\">\n\t\t\t\t\t\t<section class=\"elementor-section elementor-top-section elementor-element elementor-element-538c458 elementor-section-boxed elementor-section-height-default elementor-section-height-default mkdf-parallax-row-no mkdf-content-aligment-left mkdf-elementor-row-grid-no mkdf-disabled-bg-image-bellow-no\" data-id=\"538c458\" data-element_type=\"section\">\n\t\t\t\t\t\t<div class=\"elementor-container elementor-column-gap-default\">\n\t\t\t\t\t<div class=\"elementor-column elementor-col-100 elementor-top-column elementor-element elementor-element-2aa68b4\" data-id=\"2aa68b4\" data-element_type=\"column\">\n\t\t\t<div class=\"elementor-widget-wrap elementor-element-populated\">\n\t\t\t\t\t\t<div class=\"elementor-element elementor-element-5f03ca9 elementor-grid-mobile-1 elementor-grid-4 elementor-grid-tablet-3 elementor-products-grid elementor-wc-products elementor-show-pagination-border-yes elementor-widget elementor-widget-woocommerce-products\" data-id=\"5f03ca9\" data-element_type=\"widget\" data-widget_type=\"woocommerce-products.default\">\n\t\t\t\t<div class=\"elementor-widget-container\">\n\t\t\t\t\t<div class=\"woocommerce columns-4\"><div class=\"woocommerce-notices-wrapper\"><\/div><div class=\"mkdf-pl-main-holder\"><ul class=\"products elementor-grid columns-4\">\n<li class=\"product type-product post-21299 status-publish first instock product_cat-suplimente product_cat-uncategorized product_tag-suplimente has-post-thumbnail shipping-taxable purchasable product-type-simple\">\n\t<div class=\"mkdf-pl-inner\"><div class=\"mkdf-pl-image\"><img fetchpriority=\"high\" decoding=\"async\" width=\"300\" height=\"300\" src=\"https:\/\/farmaciacrisia.ro\/wp-content\/uploads\/2025\/09\/42883663280f1033e15e53a70bf0a7f1-300x300.png\" class=\"attachment-woocommerce_thumbnail size-woocommerce_thumbnail\" alt=\"Secom Daily D3 + k2 x 30 tb\" srcset=\"https:\/\/farmaciacrisia.ro\/wp-content\/uploads\/2025\/09\/42883663280f1033e15e53a70bf0a7f1-300x300.png 300w, https:\/\/farmaciacrisia.ro\/wp-content\/uploads\/2025\/09\/42883663280f1033e15e53a70bf0a7f1-150x150.png 150w, https:\/\/farmaciacrisia.ro\/wp-content\/uploads\/2025\/09\/42883663280f1033e15e53a70bf0a7f1-550x550.png 550w, https:\/\/farmaciacrisia.ro\/wp-content\/uploads\/2025\/09\/42883663280f1033e15e53a70bf0a7f1-1100x1100.png 1100w, https:\/\/farmaciacrisia.ro\/wp-content\/uploads\/2025\/09\/42883663280f1033e15e53a70bf0a7f1-100x100.png 100w\" sizes=\"(max-width: 300px) 100vw, 300px\" \/><div class=\"mkdf-pl-text\"><div class=\"mkdf-pl-text-outer\"><div class=\"mkdf-pl-text-inner\"><a href=\"\/fr\/wp-json\/wp\/v2\/pages\/21179?add-to-cart=21299\" aria-describedby=\"woocommerce_loop_add_to_cart_link_describedby_21299\" data-quantity=\"1\" class=\"button product_type_simple add_to_cart_button ajax_add_to_cart text_replaceable\" data-product_id=\"21299\" data-product_sku=\"200064\" aria-label=\"Ajouter au panier\u00a0: \u201cSecom Daily D3 + k2 x 30 tb\u201d\" rel=\"nofollow\" data-success_message=\"\u00ab\u00a0Secom Daily D3 + k2 x 30 tb\u00a0\u00bb a \u00e9t\u00e9 ajout\u00e9 \u00e0 votre panier\" role=\"button\" data-no-translation-aria-label=\"\" data-no-translation-data-success_message=\"\">Commander<\/a>\t<span id=\"woocommerce_loop_add_to_cart_link_describedby_21299\" class=\"screen-reader-text\">\n\t\t\t<\/span>\n<\/div><\/div><\/div><\/div><a href=\"https:\/\/farmaciacrisia.ro\/fr\/produit\/secom-daily-d3-k2-x-30-tb\/\" class=\"woocommerce-LoopProduct-link woocommerce-loop-product__link\"><\/a><\/div><div class=\"mkdf-pl-text-wrapper\"><h5 class=\"mkdf-product-list-title\"><a href=\"https:\/\/farmaciacrisia.ro\/fr\/produit\/secom-daily-d3-k2-x-30-tb\/\">Secom Daily D3 + k2 x 30 To<\/a><\/h5><div class=\"mkdf-product-list-categories\"><a href=\"https:\/\/farmaciacrisia.ro\/fr\/product-category\/suplimente\/\" rel=\"tag\">Suppl\u00e9ments<\/a>, <a href=\"https:\/\/farmaciacrisia.ro\/fr\/product-category\/uncategorized\/\" rel=\"tag\">Non class\u00e9<\/a><\/div>\n\t<span class=\"price\"><span class=\"woocommerce-Price-amount amount\"><bdi>58.00<span class=\"woocommerce-Price-currencySymbol\">lei<\/span><\/bdi><\/span><\/span>\n<\/div><\/li><li class=\"product type-product post-21297 status-publish instock product_cat-suplimente product_cat-uncategorized product_tag-suplimente has-post-thumbnail shipping-taxable purchasable product-type-simple\">\n\t<div class=\"mkdf-pl-inner\"><div class=\"mkdf-pl-image\"><img decoding=\"async\" width=\"300\" height=\"300\" src=\"https:\/\/farmaciacrisia.ro\/wp-content\/uploads\/2025\/09\/D3_30_caps_8fbce3b5-91fd-4859-9b1f-6850f6e122ae-300x300.jpg\" class=\"attachment-woocommerce_thumbnail size-woocommerce_thumbnail\" alt=\"Secom vitamina D3 2000 UI X 30 capsule\" srcset=\"https:\/\/farmaciacrisia.ro\/wp-content\/uploads\/2025\/09\/D3_30_caps_8fbce3b5-91fd-4859-9b1f-6850f6e122ae-300x300.jpg 300w, https:\/\/farmaciacrisia.ro\/wp-content\/uploads\/2025\/09\/D3_30_caps_8fbce3b5-91fd-4859-9b1f-6850f6e122ae-1024x1024.jpg 1024w, https:\/\/farmaciacrisia.ro\/wp-content\/uploads\/2025\/09\/D3_30_caps_8fbce3b5-91fd-4859-9b1f-6850f6e122ae-150x150.jpg 150w, https:\/\/farmaciacrisia.ro\/wp-content\/uploads\/2025\/09\/D3_30_caps_8fbce3b5-91fd-4859-9b1f-6850f6e122ae-768x768.jpg 768w, https:\/\/farmaciacrisia.ro\/wp-content\/uploads\/2025\/09\/D3_30_caps_8fbce3b5-91fd-4859-9b1f-6850f6e122ae-1536x1536.jpg 1536w, https:\/\/farmaciacrisia.ro\/wp-content\/uploads\/2025\/09\/D3_30_caps_8fbce3b5-91fd-4859-9b1f-6850f6e122ae-12x12.jpg 12w, https:\/\/farmaciacrisia.ro\/wp-content\/uploads\/2025\/09\/D3_30_caps_8fbce3b5-91fd-4859-9b1f-6850f6e122ae-550x550.jpg 550w, https:\/\/farmaciacrisia.ro\/wp-content\/uploads\/2025\/09\/D3_30_caps_8fbce3b5-91fd-4859-9b1f-6850f6e122ae-1100x1100.jpg 1100w, https:\/\/farmaciacrisia.ro\/wp-content\/uploads\/2025\/09\/D3_30_caps_8fbce3b5-91fd-4859-9b1f-6850f6e122ae-600x600.jpg 600w, https:\/\/farmaciacrisia.ro\/wp-content\/uploads\/2025\/09\/D3_30_caps_8fbce3b5-91fd-4859-9b1f-6850f6e122ae-100x100.jpg 100w\" sizes=\"(max-width: 300px) 100vw, 300px\" \/><div class=\"mkdf-pl-text\"><div class=\"mkdf-pl-text-outer\"><div class=\"mkdf-pl-text-inner\"><a href=\"\/fr\/wp-json\/wp\/v2\/pages\/21179?add-to-cart=21297\" aria-describedby=\"woocommerce_loop_add_to_cart_link_describedby_21297\" data-quantity=\"1\" class=\"button product_type_simple add_to_cart_button ajax_add_to_cart text_replaceable\" data-product_id=\"21297\" data-product_sku=\"11852\" aria-label=\"Ajouter au panier\u00a0: \u201cSecom vitamina D3 2000 UI X 30 capsule\u201d\" rel=\"nofollow\" data-success_message=\"\u00ab\u00a0Secom vitamina D3 2000 UI X 30 capsule\u00a0\u00bb a \u00e9t\u00e9 ajout\u00e9 \u00e0 votre panier\" role=\"button\" data-no-translation-aria-label=\"\" data-no-translation-data-success_message=\"\">Commander<\/a>\t<span id=\"woocommerce_loop_add_to_cart_link_describedby_21297\" class=\"screen-reader-text\">\n\t\t\t<\/span>\n<\/div><\/div><\/div><\/div><a href=\"https:\/\/farmaciacrisia.ro\/fr\/produit\/secom-vitamina-d3-2000-ui-x-30-capsule\/\" class=\"woocommerce-LoopProduct-link woocommerce-loop-product__link\"><\/a><\/div><div class=\"mkdf-pl-text-wrapper\"><h5 class=\"mkdf-product-list-title\"><a href=\"https:\/\/farmaciacrisia.ro\/fr\/produit\/secom-vitamina-d3-2000-ui-x-30-capsule\/\">Secom vitamine D3 2000 UI X 30 g\u00e9lules<\/a><\/h5><div class=\"mkdf-product-list-categories\"><a href=\"https:\/\/farmaciacrisia.ro\/fr\/product-category\/suplimente\/\" rel=\"tag\">Suppl\u00e9ments<\/a>, <a href=\"https:\/\/farmaciacrisia.ro\/fr\/product-category\/uncategorized\/\" rel=\"tag\">Non class\u00e9<\/a><\/div>\n\t<span class=\"price\"><span class=\"woocommerce-Price-amount amount\"><bdi>22.50<span class=\"woocommerce-Price-currencySymbol\">lei<\/span><\/bdi><\/span><\/span>\n<\/div><\/li><li class=\"product type-product post-21296 status-publish instock product_cat-suplimente product_cat-uncategorized product_tag-suplimente has-post-thumbnail shipping-taxable purchasable product-type-simple\">\n\t<div class=\"mkdf-pl-inner\"><div class=\"mkdf-pl-image\"><img decoding=\"async\" width=\"300\" height=\"300\" src=\"https:\/\/farmaciacrisia.ro\/wp-content\/uploads\/2025\/09\/076280315011_4-300x300.jpg\" class=\"attachment-woocommerce_thumbnail size-woocommerce_thumbnail\" alt=\"Secom Vitamina C 1000mg 30cps\" srcset=\"https:\/\/farmaciacrisia.ro\/wp-content\/uploads\/2025\/09\/076280315011_4-300x300.jpg 300w, https:\/\/farmaciacrisia.ro\/wp-content\/uploads\/2025\/09\/076280315011_4-150x150.jpg 150w, https:\/\/farmaciacrisia.ro\/wp-content\/uploads\/2025\/09\/076280315011_4-550x550.jpg 550w, https:\/\/farmaciacrisia.ro\/wp-content\/uploads\/2025\/09\/076280315011_4-1100x1100.jpg 1100w, https:\/\/farmaciacrisia.ro\/wp-content\/uploads\/2025\/09\/076280315011_4-100x100.jpg 100w\" sizes=\"(max-width: 300px) 100vw, 300px\" \/><div class=\"mkdf-pl-text\"><div class=\"mkdf-pl-text-outer\"><div class=\"mkdf-pl-text-inner\"><a href=\"\/fr\/wp-json\/wp\/v2\/pages\/21179?add-to-cart=21296\" aria-describedby=\"woocommerce_loop_add_to_cart_link_describedby_21296\" data-quantity=\"1\" class=\"button product_type_simple add_to_cart_button ajax_add_to_cart text_replaceable\" data-product_id=\"21296\" data-product_sku=\"31501\" aria-label=\"Ajouter au panier\u00a0: \u201cSecom Vitamina C 1000mg 30cps\u201d\" rel=\"nofollow\" data-success_message=\"\u00ab\u00a0Secom Vitamina C 1000mg 30cps\u00a0\u00bb a \u00e9t\u00e9 ajout\u00e9 \u00e0 votre panier\" role=\"button\" data-no-translation-aria-label=\"\" data-no-translation-data-success_message=\"\">Commander<\/a>\t<span id=\"woocommerce_loop_add_to_cart_link_describedby_21296\" class=\"screen-reader-text\">\n\t\t\t<\/span>\n<\/div><\/div><\/div><\/div><a href=\"https:\/\/farmaciacrisia.ro\/fr\/produit\/secom-vitamina-c-1000mg-30cps\/\" class=\"woocommerce-LoopProduct-link woocommerce-loop-product__link\"><\/a><\/div><div class=\"mkdf-pl-text-wrapper\"><h5 class=\"mkdf-product-list-title\"><a href=\"https:\/\/farmaciacrisia.ro\/fr\/produit\/secom-vitamina-c-1000mg-30cps\/\">Secom Vitamine C 1000 mg 30 g\u00e9lules<\/a><\/h5><div class=\"mkdf-product-list-categories\"><a href=\"https:\/\/farmaciacrisia.ro\/fr\/product-category\/suplimente\/\" rel=\"tag\">Suppl\u00e9ments<\/a>, <a href=\"https:\/\/farmaciacrisia.ro\/fr\/product-category\/uncategorized\/\" rel=\"tag\">Non class\u00e9<\/a><\/div>\n\t<span class=\"price\"><span class=\"woocommerce-Price-amount amount\"><bdi>35.50<span class=\"woocommerce-Price-currencySymbol\">lei<\/span><\/bdi><\/span><\/span>\n<\/div><\/li><li class=\"product type-product post-21294 status-publish last instock product_cat-suplimente product_cat-uncategorized product_tag-suplimente has-post-thumbnail shipping-taxable purchasable product-type-simple\">\n\t<div class=\"mkdf-pl-inner\"><div class=\"mkdf-pl-image\"><img loading=\"lazy\" decoding=\"async\" width=\"300\" height=\"300\" src=\"https:\/\/farmaciacrisia.ro\/wp-content\/uploads\/2025\/09\/d3-copil-300x300.webp\" class=\"attachment-woocommerce_thumbnail size-woocommerce_thumbnail\" alt=\"Secom Vitamina D3 solutie\" srcset=\"https:\/\/farmaciacrisia.ro\/wp-content\/uploads\/2025\/09\/d3-copil-300x300.webp 300w, https:\/\/farmaciacrisia.ro\/wp-content\/uploads\/2025\/09\/d3-copil-150x150.webp 150w, https:\/\/farmaciacrisia.ro\/wp-content\/uploads\/2025\/09\/d3-copil-768x768.webp 768w, https:\/\/farmaciacrisia.ro\/wp-content\/uploads\/2025\/09\/d3-copil-12x12.webp 12w, https:\/\/farmaciacrisia.ro\/wp-content\/uploads\/2025\/09\/d3-copil-550x550.webp 550w, https:\/\/farmaciacrisia.ro\/wp-content\/uploads\/2025\/09\/d3-copil-600x600.webp 600w, https:\/\/farmaciacrisia.ro\/wp-content\/uploads\/2025\/09\/d3-copil-100x100.webp 100w, https:\/\/farmaciacrisia.ro\/wp-content\/uploads\/2025\/09\/d3-copil.webp 800w\" sizes=\"(max-width: 300px) 100vw, 300px\" \/><div class=\"mkdf-pl-text\"><div class=\"mkdf-pl-text-outer\"><div class=\"mkdf-pl-text-inner\"><a href=\"\/fr\/wp-json\/wp\/v2\/pages\/21179?add-to-cart=21294\" aria-describedby=\"woocommerce_loop_add_to_cart_link_describedby_21294\" data-quantity=\"1\" class=\"button product_type_simple add_to_cart_button ajax_add_to_cart text_replaceable\" data-product_id=\"21294\" data-product_sku=\"CL10900\" aria-label=\"Ajouter au panier\u00a0: \u201cSecom Vitamina D3 solutie\u201d\" rel=\"nofollow\" data-success_message=\"\u00ab\u00a0Secom Vitamina D3 solutie\u00a0\u00bb a \u00e9t\u00e9 ajout\u00e9 \u00e0 votre panier\" role=\"button\" data-no-translation-aria-label=\"\" data-no-translation-data-success_message=\"\">Commander<\/a>\t<span id=\"woocommerce_loop_add_to_cart_link_describedby_21294\" class=\"screen-reader-text\">\n\t\t\t<\/span>\n<\/div><\/div><\/div><\/div><a href=\"https:\/\/farmaciacrisia.ro\/fr\/produit\/secom-vitamina-d3-solutie-2\/\" class=\"woocommerce-LoopProduct-link woocommerce-loop-product__link\"><\/a><\/div><div class=\"mkdf-pl-text-wrapper\"><h5 class=\"mkdf-product-list-title\"><a href=\"https:\/\/farmaciacrisia.ro\/fr\/produit\/secom-vitamina-d3-solutie-2\/\">Solution de vitamine D3 Secom<\/a><\/h5><div class=\"mkdf-product-list-categories\"><a href=\"https:\/\/farmaciacrisia.ro\/fr\/product-category\/suplimente\/\" rel=\"tag\">Suppl\u00e9ments<\/a>, <a href=\"https:\/\/farmaciacrisia.ro\/fr\/product-category\/uncategorized\/\" rel=\"tag\">Non class\u00e9<\/a><\/div>\n\t<span class=\"price\"><span class=\"woocommerce-Price-amount amount\"><bdi>53.50<span class=\"woocommerce-Price-currencySymbol\">lei<\/span><\/bdi><\/span><\/span>\n<\/div><\/li><li class=\"product type-product post-21293 status-publish first instock product_cat-suplimente product_cat-uncategorized product_tag-suplimente has-post-thumbnail shipping-taxable purchasable product-type-simple\">\n\t<div class=\"mkdf-pl-inner\"><div class=\"mkdf-pl-image\"><img loading=\"lazy\" decoding=\"async\" width=\"300\" height=\"300\" src=\"https:\/\/farmaciacrisia.ro\/wp-content\/uploads\/2025\/09\/76a95fe318376fed1b17b0bbab5da7e9-300x300.jpg\" class=\"attachment-woocommerce_thumbnail size-woocommerce_thumbnail\" alt=\"Secom Vitamina C solutie\" srcset=\"https:\/\/farmaciacrisia.ro\/wp-content\/uploads\/2025\/09\/76a95fe318376fed1b17b0bbab5da7e9-300x300.jpg 300w, https:\/\/farmaciacrisia.ro\/wp-content\/uploads\/2025\/09\/76a95fe318376fed1b17b0bbab5da7e9-150x150.jpg 150w, https:\/\/farmaciacrisia.ro\/wp-content\/uploads\/2025\/09\/76a95fe318376fed1b17b0bbab5da7e9-768x768.jpg 768w, https:\/\/farmaciacrisia.ro\/wp-content\/uploads\/2025\/09\/76a95fe318376fed1b17b0bbab5da7e9-12x12.jpg 12w, https:\/\/farmaciacrisia.ro\/wp-content\/uploads\/2025\/09\/76a95fe318376fed1b17b0bbab5da7e9-550x550.jpg 550w, https:\/\/farmaciacrisia.ro\/wp-content\/uploads\/2025\/09\/76a95fe318376fed1b17b0bbab5da7e9-600x600.jpg 600w, https:\/\/farmaciacrisia.ro\/wp-content\/uploads\/2025\/09\/76a95fe318376fed1b17b0bbab5da7e9-100x100.jpg 100w, https:\/\/farmaciacrisia.ro\/wp-content\/uploads\/2025\/09\/76a95fe318376fed1b17b0bbab5da7e9.jpg 800w\" sizes=\"(max-width: 300px) 100vw, 300px\" \/><div class=\"mkdf-pl-text\"><div class=\"mkdf-pl-text-outer\"><div class=\"mkdf-pl-text-inner\"><a href=\"\/fr\/wp-json\/wp\/v2\/pages\/21179?add-to-cart=21293\" aria-describedby=\"woocommerce_loop_add_to_cart_link_describedby_21293\" data-quantity=\"1\" class=\"button product_type_simple add_to_cart_button ajax_add_to_cart text_replaceable\" data-product_id=\"21293\" data-product_sku=\"CL10200\" aria-label=\"Ajouter au panier\u00a0: \u201cSecom Vitamina C solutie\u201d\" rel=\"nofollow\" data-success_message=\"\u00ab\u00a0Secom Vitamina C solutie\u00a0\u00bb a \u00e9t\u00e9 ajout\u00e9 \u00e0 votre panier\" role=\"button\" data-no-translation-aria-label=\"\" data-no-translation-data-success_message=\"\">Commander<\/a>\t<span id=\"woocommerce_loop_add_to_cart_link_describedby_21293\" class=\"screen-reader-text\">\n\t\t\t<\/span>\n<\/div><\/div><\/div><\/div><a href=\"https:\/\/farmaciacrisia.ro\/fr\/produit\/secom-vitamina-c-solutie\/\" class=\"woocommerce-LoopProduct-link woocommerce-loop-product__link\"><\/a><\/div><div class=\"mkdf-pl-text-wrapper\"><h5 class=\"mkdf-product-list-title\"><a href=\"https:\/\/farmaciacrisia.ro\/fr\/produit\/secom-vitamina-c-solutie\/\">Solution de vitamine C Secom<\/a><\/h5><div class=\"mkdf-product-list-categories\"><a href=\"https:\/\/farmaciacrisia.ro\/fr\/product-category\/suplimente\/\" rel=\"tag\">Suppl\u00e9ments<\/a>, <a href=\"https:\/\/farmaciacrisia.ro\/fr\/product-category\/uncategorized\/\" rel=\"tag\">Non class\u00e9<\/a><\/div>\n\t<span class=\"price\"><span class=\"woocommerce-Price-amount amount\"><bdi>50.00<span class=\"woocommerce-Price-currencySymbol\">lei<\/span><\/bdi><\/span><\/span>\n<\/div><\/li><li class=\"product type-product post-21291 status-publish instock product_cat-suplimente product_cat-uncategorized product_tag-suplimente has-post-thumbnail shipping-taxable purchasable product-type-simple\">\n\t<div class=\"mkdf-pl-inner\"><div class=\"mkdf-pl-image\"><img loading=\"lazy\" decoding=\"async\" width=\"300\" height=\"300\" src=\"https:\/\/farmaciacrisia.ro\/wp-content\/uploads\/2025\/09\/076280749748-Solaray-AHCC-30ct_4_Final-300x300.png\" class=\"attachment-woocommerce_thumbnail size-woocommerce_thumbnail\" alt=\"Secom AHCC plus Nac+ Beta glucan\" srcset=\"https:\/\/farmaciacrisia.ro\/wp-content\/uploads\/2025\/09\/076280749748-Solaray-AHCC-30ct_4_Final-300x300.png 300w, https:\/\/farmaciacrisia.ro\/wp-content\/uploads\/2025\/09\/076280749748-Solaray-AHCC-30ct_4_Final-150x150.png 150w, https:\/\/farmaciacrisia.ro\/wp-content\/uploads\/2025\/09\/076280749748-Solaray-AHCC-30ct_4_Final-550x550.png 550w, https:\/\/farmaciacrisia.ro\/wp-content\/uploads\/2025\/09\/076280749748-Solaray-AHCC-30ct_4_Final-1100x1100.png 1100w, https:\/\/farmaciacrisia.ro\/wp-content\/uploads\/2025\/09\/076280749748-Solaray-AHCC-30ct_4_Final-100x100.png 100w\" sizes=\"(max-width: 300px) 100vw, 300px\" \/><div class=\"mkdf-pl-text\"><div class=\"mkdf-pl-text-outer\"><div class=\"mkdf-pl-text-inner\"><a href=\"\/fr\/wp-json\/wp\/v2\/pages\/21179?add-to-cart=21291\" aria-describedby=\"woocommerce_loop_add_to_cart_link_describedby_21291\" data-quantity=\"1\" class=\"button product_type_simple add_to_cart_button ajax_add_to_cart text_replaceable\" data-product_id=\"21291\" data-product_sku=\"74974\" aria-label=\"Ajouter au panier\u00a0: \u201cSecom AHCC plus Nac+ Beta glucan\u201d\" rel=\"nofollow\" data-success_message=\"\u00ab\u00a0Secom AHCC plus Nac+ Beta glucan\u00a0\u00bb a \u00e9t\u00e9 ajout\u00e9 \u00e0 votre panier\" role=\"button\" data-no-translation-aria-label=\"\" data-no-translation-data-success_message=\"\">Commander<\/a>\t<span id=\"woocommerce_loop_add_to_cart_link_describedby_21291\" class=\"screen-reader-text\">\n\t\t\t<\/span>\n<\/div><\/div><\/div><\/div><a href=\"https:\/\/farmaciacrisia.ro\/fr\/produit\/secom-ahcc-plus-nac-beta-glucan\/\" class=\"woocommerce-LoopProduct-link woocommerce-loop-product__link\"><\/a><\/div><div class=\"mkdf-pl-text-wrapper\"><h5 class=\"mkdf-product-list-title\"><a href=\"https:\/\/farmaciacrisia.ro\/fr\/produit\/secom-ahcc-plus-nac-beta-glucan\/\">Secom AHCC plus Nac+ B\u00eata-glucane<\/a><\/h5><div class=\"mkdf-product-list-categories\"><a href=\"https:\/\/farmaciacrisia.ro\/fr\/product-category\/suplimente\/\" rel=\"tag\">Suppl\u00e9ments<\/a>, <a href=\"https:\/\/farmaciacrisia.ro\/fr\/product-category\/uncategorized\/\" rel=\"tag\">Non class\u00e9<\/a><\/div>\n\t<span class=\"price\"><span class=\"woocommerce-Price-amount amount\"><bdi>390.00<span class=\"woocommerce-Price-currencySymbol\">lei<\/span><\/bdi><\/span><\/span>\n<\/div><\/li><li class=\"product type-product post-21289 status-publish instock product_cat-suplimente product_cat-uncategorized product_tag-suplimente has-post-thumbnail shipping-taxable purchasable product-type-simple\">\n\t<div class=\"mkdf-pl-inner\"><div class=\"mkdf-pl-image\"><img loading=\"lazy\" decoding=\"async\" width=\"300\" height=\"300\" src=\"https:\/\/farmaciacrisia.ro\/wp-content\/uploads\/2025\/09\/ChildLife_First_Defense-300x300.jpg\" class=\"attachment-woocommerce_thumbnail size-woocommerce_thumbnail\" alt=\"Secom First defence\" srcset=\"https:\/\/farmaciacrisia.ro\/wp-content\/uploads\/2025\/09\/ChildLife_First_Defense-300x300.jpg 300w, https:\/\/farmaciacrisia.ro\/wp-content\/uploads\/2025\/09\/ChildLife_First_Defense-1024x1024.jpg 1024w, https:\/\/farmaciacrisia.ro\/wp-content\/uploads\/2025\/09\/ChildLife_First_Defense-150x150.jpg 150w, https:\/\/farmaciacrisia.ro\/wp-content\/uploads\/2025\/09\/ChildLife_First_Defense-768x768.jpg 768w, https:\/\/farmaciacrisia.ro\/wp-content\/uploads\/2025\/09\/ChildLife_First_Defense-12x12.jpg 12w, https:\/\/farmaciacrisia.ro\/wp-content\/uploads\/2025\/09\/ChildLife_First_Defense-550x550.jpg 550w, https:\/\/farmaciacrisia.ro\/wp-content\/uploads\/2025\/09\/ChildLife_First_Defense-1100x1100.jpg 1100w, https:\/\/farmaciacrisia.ro\/wp-content\/uploads\/2025\/09\/ChildLife_First_Defense-600x600.jpg 600w, https:\/\/farmaciacrisia.ro\/wp-content\/uploads\/2025\/09\/ChildLife_First_Defense-100x100.jpg 100w, https:\/\/farmaciacrisia.ro\/wp-content\/uploads\/2025\/09\/ChildLife_First_Defense.jpg 1200w\" sizes=\"(max-width: 300px) 100vw, 300px\" \/><div class=\"mkdf-pl-text\"><div class=\"mkdf-pl-text-outer\"><div class=\"mkdf-pl-text-inner\"><a href=\"\/fr\/wp-json\/wp\/v2\/pages\/21179?add-to-cart=21289\" aria-describedby=\"woocommerce_loop_add_to_cart_link_describedby_21289\" data-quantity=\"1\" class=\"button product_type_simple add_to_cart_button ajax_add_to_cart text_replaceable\" data-product_id=\"21289\" data-product_sku=\"CL10150\" aria-label=\"Ajouter au panier\u00a0: \u201cSecom First defence\u201d\" rel=\"nofollow\" data-success_message=\"\u00ab\u00a0Secom First defence\u00a0\u00bb a \u00e9t\u00e9 ajout\u00e9 \u00e0 votre panier\" role=\"button\" data-no-translation-aria-label=\"\" data-no-translation-data-success_message=\"\">Commander<\/a>\t<span id=\"woocommerce_loop_add_to_cart_link_describedby_21289\" class=\"screen-reader-text\">\n\t\t\t<\/span>\n<\/div><\/div><\/div><\/div><a href=\"https:\/\/farmaciacrisia.ro\/fr\/produit\/secom-first-defence\/\" class=\"woocommerce-LoopProduct-link woocommerce-loop-product__link\"><\/a><\/div><div class=\"mkdf-pl-text-wrapper\"><h5 class=\"mkdf-product-list-title\"><a href=\"https:\/\/farmaciacrisia.ro\/fr\/produit\/secom-first-defence\/\">Secom Premi\u00e8re d\u00e9fense<\/a><\/h5><div class=\"mkdf-product-list-categories\"><a href=\"https:\/\/farmaciacrisia.ro\/fr\/product-category\/suplimente\/\" rel=\"tag\">Suppl\u00e9ments<\/a>, <a href=\"https:\/\/farmaciacrisia.ro\/fr\/product-category\/uncategorized\/\" rel=\"tag\">Non class\u00e9<\/a><\/div>\n\t<span class=\"price\"><span class=\"woocommerce-Price-amount amount\"><bdi>121.00<span class=\"woocommerce-Price-currencySymbol\">lei<\/span><\/bdi><\/span><\/span>\n<\/div><\/li><\/ul>\n<\/div><div class=\"mkdf-woo-pagination-holder\"><div class=\"mkdf-woo-pagination-inner\"><\/div><\/div><\/div>\t\t\t\t<\/div>\n\t\t\t\t<\/div>\n\t\t\t\t\t<\/div>\n\t\t<\/div>\n\t\t\t\t\t<\/div>\n\t\t<\/section>\n\t\t\t\t<\/div>","protected":false},"excerpt":{"rendered":"","protected":false},"author":1,"featured_media":0,"parent":0,"menu_order":0,"comment_status":"closed","ping_status":"closed","template":"","meta":{"footnotes":""},"class_list":["post-21179","page","type-page","status-publish","hentry"],"_links":{"self":[{"href":"https:\/\/farmaciacrisia.ro\/fr\/wp-json\/wp\/v2\/pages\/21179","targetHints":{"allow":["GET"]}}],"collection":[{"href":"https:\/\/farmaciacrisia.ro\/fr\/wp-json\/wp\/v2\/pages"}],"about":[{"href":"https:\/\/farmaciacrisia.ro\/fr\/wp-json\/wp\/v2\/types\/page"}],"author":[{"embeddable":true,"href":"https:\/\/farmaciacrisia.ro\/fr\/wp-json\/wp\/v2\/users\/1"}],"replies":[{"embeddable":true,"href":"https:\/\/farmaciacrisia.ro\/fr\/wp-json\/wp\/v2\/comments?post=21179"}],"version-history":[{"count":13,"href":"https:\/\/farmaciacrisia.ro\/fr\/wp-json\/wp\/v2\/pages\/21179\/revisions"}],"predecessor-version":[{"id":21316,"href":"https:\/\/farmaciacrisia.ro\/fr\/wp-json\/wp\/v2\/pages\/21179\/revisions\/21316"}],"wp:attachment":[{"href":"https:\/\/farmaciacrisia.ro\/fr\/wp-json\/wp\/v2\/media?parent=21179"}],"curies":[{"name":"wp","href":"https:\/\/api.w.org\/{rel}","templated":true}]}}