{"id":6825,"date":"2017-04-21T12:34:06","date_gmt":"2017-04-21T12:34:06","guid":{"rendered":"https:\/\/mediclinic.qodeinteractive.com\/elementor\/?page_id=6825"},"modified":"2023-11-06T10:39:44","modified_gmt":"2023-11-06T10:39:44","slug":"cariere","status":"publish","type":"page","link":"https:\/\/farmaciacrisia.ro\/fr\/cariere\/","title":{"rendered":"Carri\u00e8res"},"content":{"rendered":"<div data-elementor-type=\"wp-page\" data-elementor-id=\"6825\" class=\"elementor elementor-6825\" data-elementor-post-type=\"page\">\n\t\t\t\t\t\t<section class=\"elementor-section elementor-top-section elementor-element elementor-element-c7dac61 elementor-section-full_width mkdf-elementor-row-grid-section elementor-section-height-default elementor-section-height-default mkdf-parallax-row-no mkdf-content-aligment-left mkdf-disabled-bg-image-bellow-no\" data-id=\"c7dac61\" data-element_type=\"section\" data-e-type=\"section\">\n\t\t\t\t\t\t<div class=\"elementor-container elementor-column-gap-default\">\n\t\t\t\t\t<div class=\"elementor-column elementor-col-100 elementor-top-column elementor-element elementor-element-558a3d97\" data-id=\"558a3d97\" data-element_type=\"column\" data-e-type=\"column\">\n\t\t\t<div class=\"elementor-widget-wrap\">\n\t\t\t\t\t\t\t<\/div>\n\t\t<\/div>\n\t\t\t\t\t<\/div>\n\t\t<\/section>\n\t\t\t\t<section class=\"elementor-section elementor-top-section elementor-element elementor-element-24b8c4b elementor-section-boxed elementor-section-height-default elementor-section-height-default mkdf-parallax-row-no mkdf-content-aligment-left mkdf-elementor-row-grid-no mkdf-disabled-bg-image-bellow-no\" data-id=\"24b8c4b\" data-element_type=\"section\" data-e-type=\"section\">\n\t\t\t\t\t\t<div class=\"elementor-container elementor-column-gap-default\">\n\t\t\t\t\t<div class=\"elementor-column elementor-col-50 elementor-top-column elementor-element elementor-element-b2d1a7a\" data-id=\"b2d1a7a\" data-element_type=\"column\" data-e-type=\"column\">\n\t\t\t<div class=\"elementor-widget-wrap elementor-element-populated\">\n\t\t\t\t\t\t<div class=\"elementor-element elementor-element-9dcfb2f elementor-widget__width-initial elementor-widget-tablet__width-inherit elementor-widget elementor-widget-mkdf_section_title\" data-id=\"9dcfb2f\" data-element_type=\"widget\" data-e-type=\"widget\" data-widget_type=\"mkdf_section_title.default\">\n\t\t\t\t<div class=\"elementor-widget-container\">\n\t\t\t\t\t<div class=\"mkdf-section-title-holder mkdf-st-standard mkdf-st-title-left mkdf-st-normal-space\" >\n\t<div class=\"mkdf-st-inner\">\n\t\t\t\t\t<h3 class=\"mkdf-st-title\" style=\"color: #93BD58\">\n\t\t\t\tVotre place \u00e0 Crisia\t\t\t<\/h3>\n\t\t\t\t\t\t\t<p class=\"mkdf-st-text\" style=\"color: #5B2981\">\n\t\t\t\tSi vous souhaitez faire carri\u00e8re avec nous dans un domaine complexe o\u00f9 les soins de sant\u00e9 sont primordiaux et l'innovation constante, remplissez le formulaire ci-dessous et venez nous rencontrer.\t\t\t<\/p>\n\t\t\t<\/div>\n<\/div>\t\t\t\t<\/div>\n\t\t\t\t<\/div>\n\t\t\t\t<div class=\"elementor-element elementor-element-30c7ed9 elementor-widget elementor-widget-spacer\" data-id=\"30c7ed9\" data-element_type=\"widget\" data-e-type=\"widget\" data-widget_type=\"spacer.default\">\n\t\t\t\t<div class=\"elementor-widget-container\">\n\t\t\t\t\t\t\t<div class=\"elementor-spacer\">\n\t\t\t<div class=\"elementor-spacer-inner\"><\/div>\n\t\t<\/div>\n\t\t\t\t\t\t<\/div>\n\t\t\t\t<\/div>\n\t\t\t\t<div class=\"elementor-element elementor-element-196b05b elementor-widget elementor-widget-image\" data-id=\"196b05b\" data-element_type=\"widget\" data-e-type=\"widget\" data-widget_type=\"image.default\">\n\t\t\t\t<div class=\"elementor-widget-container\">\n\t\t\t\t\t\t\t\t\t\t\t\t\t\t\t<img fetchpriority=\"high\" decoding=\"async\" width=\"800\" height=\"473\" src=\"https:\/\/farmaciacrisia.ro\/wp-content\/uploads\/2023\/05\/crisia-cariere-farmacie-laborator-camera-curata-medicina-sanatate-inovatie-tratament-specializat-personalizare.jpg\" class=\"attachment-full size-full wp-image-16039\" alt=\"\" srcset=\"https:\/\/farmaciacrisia.ro\/wp-content\/uploads\/2023\/05\/crisia-cariere-farmacie-laborator-camera-curata-medicina-sanatate-inovatie-tratament-specializat-personalizare.jpg 800w, https:\/\/farmaciacrisia.ro\/wp-content\/uploads\/2023\/05\/crisia-cariere-farmacie-laborator-camera-curata-medicina-sanatate-inovatie-tratament-specializat-personalizare-300x177.jpg 300w, https:\/\/farmaciacrisia.ro\/wp-content\/uploads\/2023\/05\/crisia-cariere-farmacie-laborator-camera-curata-medicina-sanatate-inovatie-tratament-specializat-personalizare-768x454.jpg 768w, https:\/\/farmaciacrisia.ro\/wp-content\/uploads\/2023\/05\/crisia-cariere-farmacie-laborator-camera-curata-medicina-sanatate-inovatie-tratament-specializat-personalizare-600x355.jpg 600w\" sizes=\"(max-width: 800px) 100vw, 800px\" \/>\t\t\t\t\t\t\t\t\t\t\t\t\t\t\t<\/div>\n\t\t\t\t<\/div>\n\t\t\t\t\t<\/div>\n\t\t<\/div>\n\t\t\t\t<div class=\"elementor-column elementor-col-50 elementor-top-column elementor-element elementor-element-fa5ef77\" data-id=\"fa5ef77\" data-element_type=\"column\" data-e-type=\"column\">\n\t\t\t<div class=\"elementor-widget-wrap elementor-element-populated\">\n\t\t\t\t\t\t<div class=\"elementor-element elementor-element-d373afe elementor-widget elementor-widget-text-editor\" data-id=\"d373afe\" data-element_type=\"widget\" data-e-type=\"widget\" data-widget_type=\"text-editor.default\">\n\t\t\t\t<div class=\"elementor-widget-container\">\n\t\t\t\t\t\t\t\t\t<div class=\"wpcf7 no-js\" id=\"wpcf7-f16968-o1\" lang=\"ro-RO\" dir=\"ltr\" data-wpcf7-id=\"16968\">\n<div class=\"screen-reader-response\"><p role=\"status\" aria-live=\"polite\" aria-atomic=\"true\"><\/p> <ul><\/ul><\/div>\n<form action=\"\/fr\/wp-json\/wp\/v2\/pages\/6825#wpcf7-f16968-o1\" method=\"post\" class=\"wpcf7-form init\" aria-label=\"Formulaire de contact\" enctype=\"multipart\/form-data\" novalidate=\"novalidate\" data-status=\"init\" data-trp-original-action=\"\/fr\/wp-json\/wp\/v2\/pages\/6825#wpcf7-f16968-o1\">\n<fieldset class=\"hidden-fields-container\"><input type=\"hidden\" name=\"_wpcf7\" value=\"16968\" \/><input type=\"hidden\" name=\"_wpcf7_version\" value=\"6.1.5\" \/><input type=\"hidden\" name=\"_wpcf7_locale\" value=\"ro_RO\" \/><input type=\"hidden\" name=\"_wpcf7_unit_tag\" value=\"wpcf7-f16968-o1\" \/><input type=\"hidden\" name=\"_wpcf7_container_post\" value=\"0\" \/><input type=\"hidden\" name=\"_wpcf7_posted_data_hash\" value=\"\" \/><input type=\"hidden\" name=\"_wpcf7_recaptcha_response\" value=\"\" \/>\n<\/fieldset>\n<p><label> Postuler pour:*<br \/>\n<span class=\"wpcf7-form-control-wrap\" data-name=\"profesie\"><select class=\"wpcf7-form-control wpcf7-select wpcf7-validates-as-required\" aria-required=\"true\" aria-invalid=\"false\" name=\"profesie\"><option value=\"Va rugam sa alegeti postul dorit\">Veuillez choisir le poste souhait\u00e9<\/option><option value=\"Farmacist\">Pharmacien<\/option><option value=\"Asistent de farmacie\">Assistant en pharmacie<\/option><option value=\"Tehnician laborator\">Technicien de laboratoire<\/option><option value=\"Call center\">Centre d'appel<\/option><option value=\"Personal curatenie\">Personnel de nettoyage<\/option><option value=\"Sofer\">Conducteur<\/option><\/select><\/span> <\/label>\n<\/p>\n<p><label> Pr\u00e9nom, nom*<br \/>\n<span class=\"wpcf7-form-control-wrap\" data-name=\"nume\"><input size=\"40\" maxlength=\"400\" class=\"wpcf7-form-control wpcf7-text wpcf7-validates-as-required\" aria-required=\"true\" aria-invalid=\"false\" value=\"\" type=\"text\" name=\"nume\" \/><\/span> <\/label>\n<\/p>\n<p><label> Courriel*<br \/>\n<span class=\"wpcf7-form-control-wrap\" data-name=\"email\"><input size=\"40\" maxlength=\"400\" class=\"wpcf7-form-control wpcf7-email wpcf7-validates-as-required wpcf7-text wpcf7-validates-as-email\" aria-required=\"true\" aria-invalid=\"false\" value=\"\" type=\"email\" name=\"email\" \/><\/span> <\/label>\n<\/p>\n<p><label> T\u00e9l\u00e9phone*<br \/>\n<span class=\"wpcf7-form-control-wrap\" data-name=\"tel\"><input size=\"40\" maxlength=\"400\" class=\"wpcf7-form-control wpcf7-tel wpcf7-validates-as-required wpcf7-text wpcf7-validates-as-tel\" aria-required=\"true\" aria-invalid=\"false\" value=\"\" type=\"tel\" name=\"tel\" \/><\/span> <\/label>\n<\/p>\n<p><label> \u00c2ge*<br \/>\n<span class=\"wpcf7-form-control-wrap\" data-name=\"subiect\"><input class=\"wpcf7-form-control wpcf7-number wpcf7-validates-as-required wpcf7-validates-as-number\" aria-required=\"true\" aria-invalid=\"false\" value=\"\" type=\"number\" name=\"subiect\" \/><\/span> <\/label>\n<\/p>\n<p><label> Remarques compl\u00e9mentaires<br \/>\n<span class=\"wpcf7-form-control-wrap\" data-name=\"mesaj\"><textarea cols=\"40\" rows=\"10\" maxlength=\"2000\" class=\"wpcf7-form-control wpcf7-textarea\" aria-invalid=\"false\" name=\"mesaj\"><\/textarea><\/span> <\/label>\n<\/p>\n<p><label>T\u00e9l\u00e9chargez votre CV ici<br \/>\n<span class=\"wpcf7-form-control-wrap\" data-name=\"reteta\"><input size=\"40\" class=\"wpcf7-form-control wpcf7-file wpcf7-validates-as-required\" accept=\".docx,.doc,.jpg,.jpeg,.heic,.pdf,.cda,.png\" aria-required=\"true\" aria-invalid=\"false\" type=\"file\" name=\"reteta\" \/><\/span><\/label><br \/>\n<br \/>\n<span class=\"wpcf7-form-control-wrap\" data-name=\"acceptance-248\"><span class=\"wpcf7-form-control wpcf7-acceptance\"><span class=\"wpcf7-list-item\"><label><input type=\"checkbox\" name=\"acceptance-248\" value=\"1\" aria-invalid=\"false\" \/><span class=\"wpcf7-list-item-label\">J'autorise la collecte des donn\u00e9es susmentionn\u00e9es et leur utilisation pour me contacter.<\/span><\/label><\/span><\/span><\/span>\n<\/p>\n<p><input class=\"wpcf7-form-control wpcf7-submit has-spinner\" type=\"submit\" value=\"Envoyer\" \/>\n<\/p><div class=\"wpcf7-response-output\" aria-hidden=\"true\"><\/div>\n<input type=\"hidden\" name=\"trp-form-language\" value=\"fr\"\/><\/form>\n<\/div>\t\t\t\t\t\t\t\t<\/div>\n\t\t\t\t<\/div>\n\t\t\t\t\t<\/div>\n\t\t<\/div>\n\t\t\t\t\t<\/div>\n\t\t<\/section>\n\t\t\t\t<\/div>","protected":false},"excerpt":{"rendered":"<p>Votre place dans la crise Si vous souhaitez b\u00e2tir une carri\u00e8re avec nous dans un domaine complexe o\u00f9 les soins de sant\u00e9 sont prioritaires et l\u2019innovation constante, remplissez le formulaire ci-dessous et venez nous rencontrer.<\/p>","protected":false},"author":1,"featured_media":0,"parent":0,"menu_order":0,"comment_status":"closed","ping_status":"closed","template":"full-width.php","meta":{"footnotes":""},"class_list":["post-6825","page","type-page","status-publish","hentry"],"_links":{"self":[{"href":"https:\/\/farmaciacrisia.ro\/fr\/wp-json\/wp\/v2\/pages\/6825","targetHints":{"allow":["GET"]}}],"collection":[{"href":"https:\/\/farmaciacrisia.ro\/fr\/wp-json\/wp\/v2\/pages"}],"about":[{"href":"https:\/\/farmaciacrisia.ro\/fr\/wp-json\/wp\/v2\/types\/page"}],"author":[{"embeddable":true,"href":"https:\/\/farmaciacrisia.ro\/fr\/wp-json\/wp\/v2\/users\/1"}],"replies":[{"embeddable":true,"href":"https:\/\/farmaciacrisia.ro\/fr\/wp-json\/wp\/v2\/comments?post=6825"}],"version-history":[{"count":32,"href":"https:\/\/farmaciacrisia.ro\/fr\/wp-json\/wp\/v2\/pages\/6825\/revisions"}],"predecessor-version":[{"id":17157,"href":"https:\/\/farmaciacrisia.ro\/fr\/wp-json\/wp\/v2\/pages\/6825\/revisions\/17157"}],"wp:attachment":[{"href":"https:\/\/farmaciacrisia.ro\/fr\/wp-json\/wp\/v2\/media?parent=6825"}],"curies":[{"name":"wp","href":"https:\/\/api.w.org\/{rel}","templated":true}]}}