{"id":6880,"date":"2017-04-21T14:32:54","date_gmt":"2017-04-21T14:32:54","guid":{"rendered":"https:\/\/mediclinic.qodeinteractive.com\/elementor\/?page_id=6880"},"modified":"2025-09-16T10:27:24","modified_gmt":"2025-09-16T10:27:24","slug":"cum-comand","status":"publish","type":"page","link":"https:\/\/farmaciacrisia.ro\/fr\/cum-comand\/","title":{"rendered":"Comment commander ?"},"content":{"rendered":"<div data-elementor-type=\"wp-page\" data-elementor-id=\"6880\" class=\"elementor elementor-6880\" data-elementor-post-type=\"page\">\n\t\t\t\t\t\t<section class=\"elementor-section elementor-top-section elementor-element elementor-element-bd2fe1a elementor-section-full_width elementor-section-height-default elementor-section-height-default mkdf-parallax-row-no mkdf-content-aligment-left mkdf-elementor-row-grid-no mkdf-disabled-bg-image-bellow-no\" data-id=\"bd2fe1a\" data-element_type=\"section\" data-settings=\"{&quot;background_background&quot;:&quot;classic&quot;}\">\n\t\t\t\t\t\t<div class=\"elementor-container elementor-column-gap-default\">\n\t\t\t\t\t<div class=\"elementor-column elementor-col-100 elementor-top-column elementor-element elementor-element-b2454d0\" data-id=\"b2454d0\" data-element_type=\"column\">\n\t\t\t<div class=\"elementor-widget-wrap elementor-element-populated\">\n\t\t\t\t\t\t<div class=\"elementor-element elementor-element-871f77e elementor-hidden-mobile elementor-widget elementor-widget-image\" data-id=\"871f77e\" data-element_type=\"widget\" data-widget_type=\"image.default\">\n\t\t\t\t<div class=\"elementor-widget-container\">\n\t\t\t\t\t\t\t\t\t\t\t\t\t\t\t<img fetchpriority=\"high\" decoding=\"async\" width=\"1024\" height=\"331\" src=\"https:\/\/farmaciacrisia.ro\/wp-content\/uploads\/2024\/06\/pasii-unui-tratament-magistral-1-1024x331.png\" class=\"attachment-large size-large wp-image-18158\" alt=\"\" srcset=\"https:\/\/farmaciacrisia.ro\/wp-content\/uploads\/2024\/06\/pasii-unui-tratament-magistral-1-1024x331.png 1024w, https:\/\/farmaciacrisia.ro\/wp-content\/uploads\/2024\/06\/pasii-unui-tratament-magistral-1-300x97.png 300w, https:\/\/farmaciacrisia.ro\/wp-content\/uploads\/2024\/06\/pasii-unui-tratament-magistral-1-768x248.png 768w, https:\/\/farmaciacrisia.ro\/wp-content\/uploads\/2024\/06\/pasii-unui-tratament-magistral-1-1536x496.png 1536w, https:\/\/farmaciacrisia.ro\/wp-content\/uploads\/2024\/06\/pasii-unui-tratament-magistral-1-18x6.png 18w, https:\/\/farmaciacrisia.ro\/wp-content\/uploads\/2024\/06\/pasii-unui-tratament-magistral-1-600x194.png 600w, https:\/\/farmaciacrisia.ro\/wp-content\/uploads\/2024\/06\/pasii-unui-tratament-magistral-1.png 1920w\" sizes=\"(max-width: 1024px) 100vw, 1024px\" \/>\t\t\t\t\t\t\t\t\t\t\t\t\t\t\t<\/div>\n\t\t\t\t<\/div>\n\t\t\t\t<section class=\"elementor-section elementor-inner-section elementor-element elementor-element-1acdb5b elementor-section-full_width mkdf-elementor-row-grid-section elementor-section-height-default elementor-section-height-default mkdf-parallax-row-no mkdf-content-aligment-left mkdf-disabled-bg-image-bellow-no\" data-id=\"1acdb5b\" data-element_type=\"section\">\n\t\t\t\t\t\t<div class=\"elementor-container elementor-column-gap-default\">\n\t\t\t\t\t<div class=\"elementor-column elementor-col-50 elementor-inner-column elementor-element elementor-element-3354f45\" data-id=\"3354f45\" data-element_type=\"column\">\n\t\t\t<div class=\"elementor-widget-wrap elementor-element-populated\">\n\t\t\t\t\t\t<div class=\"elementor-element elementor-element-9ee7e4d elementor-widget-tablet__width-inherit elementor-widget__width-initial elementor-widget elementor-widget-mkdf_section_title\" data-id=\"9ee7e4d\" data-element_type=\"widget\" data-widget_type=\"mkdf_section_title.default\">\n\t\t\t\t<div class=\"elementor-widget-container\">\n\t\t\t\t\t<div class=\"mkdf-section-title-holder mkdf-st-standard mkdf-st-title-left mkdf-st-normal-space mkdf-st-disable-title-break\" style=\"text-align: left\">\n\t<div class=\"mkdf-st-inner\">\n\t\t\t\t\t<h2 class=\"mkdf-st-title\" style=\"color: #5B2981\">\n\t\t\t\t<span class=\"mkdf-st-title-light\">Comment<\/span> <span class=\"mkdf-st-title-light\">commande ?<\/span> <span class=\"mkdf-st-title-light\"><\/span> <span class=\"mkdf-st-title-light\"><\/span><br \/>\t\t\t<\/h2>\n\t\t\t\t\t\t\t<p class=\"mkdf-st-text\" style=\"color: #5B2981\">\n\t\t\t\tNous vous remercions de l'int\u00e9r\u00eat que vous portez aux pr\u00e9parations magistrales de Crisia Farm !\nPour commander une pr\u00e9paration magistrale \u00e0 usage humain ou v\u00e9t\u00e9rinaire, veuillez s\u00e9lectionner et remplir le formulaire ci-dessous, puis t\u00e9l\u00e9charger une photo claire de votre ordonnance.\n\t\t\t<\/p>\n\t\t\t<\/div>\n<\/div>\t\t\t\t<\/div>\n\t\t\t\t<\/div>\n\t\t\t\t<div class=\"elementor-element elementor-element-245e357 elementor-widget elementor-widget-icon-box\" data-id=\"245e357\" data-element_type=\"widget\" data-widget_type=\"icon-box.default\">\n\t\t\t\t<div class=\"elementor-widget-container\">\n\t\t\t\t\t\t\t<div class=\"elementor-icon-box-wrapper\">\n\n\t\t\t\n\t\t\t\t\t\t<div class=\"elementor-icon-box-content\">\n\n\t\t\t\t\t\t\t\t\t<h3 class=\"elementor-icon-box-title\">\n\t\t\t\t\t\t<span  >\n\t\t\t\t\t\t\tIMPORTANT !\t\t\t\t\t\t<\/span>\n\t\t\t\t\t<\/h3>\n\t\t\t\t\n\t\t\t\t\t\t\t\t\t<p class=\"elementor-icon-box-description\">\n\t\t\t\t\t\tLes pr\u00e9parations fabriqu\u00e9es par Crisia Farm ne peuvent \u00eatre d\u00e9livr\u00e9es que sur prescription m\u00e9dicale.\t\t\t\t\t<\/p>\n\t\t\t\t\n\t\t\t<\/div>\n\t\t\t\n\t\t<\/div>\n\t\t\t\t\t\t<\/div>\n\t\t\t\t<\/div>\n\t\t\t\t<div class=\"elementor-element elementor-element-65cc1a6 elementor-widget-divider--view-line elementor-widget elementor-widget-divider\" data-id=\"65cc1a6\" data-element_type=\"widget\" data-widget_type=\"divider.default\">\n\t\t\t\t<div class=\"elementor-widget-container\">\n\t\t\t\t\t\t\t<div class=\"elementor-divider\">\n\t\t\t<span class=\"elementor-divider-separator\">\n\t\t\t\t\t\t<\/span>\n\t\t<\/div>\n\t\t\t\t\t\t<\/div>\n\t\t\t\t<\/div>\n\t\t\t\t<div class=\"elementor-element elementor-element-d966d1b elementor-widget elementor-widget-text-editor\" data-id=\"d966d1b\" data-element_type=\"widget\" data-widget_type=\"text-editor.default\">\n\t\t\t\t<div class=\"elementor-widget-container\">\n\t\t\t\t\t\t\t\t\t<p>Pour toute information compl\u00e9mentaire, nous sommes \u00e0 votre disposition !<\/p><p>Courriel : <span style=\"color: #5b2981;\">pacient@farmaciacrisia.ro<\/span><\/p><p>Centre d&#039;appels: <span style=\"color: #5b2981;\">0723159560<\/span><\/p>\t\t\t\t\t\t\t\t<\/div>\n\t\t\t\t<\/div>\n\t\t\t\t<div class=\"elementor-element elementor-element-2a130cf elementor-widget__width-initial elementor-widget elementor-widget-mkdf_button\" data-id=\"2a130cf\" data-element_type=\"widget\" data-widget_type=\"mkdf_button.default\">\n\t\t\t\t<div class=\"elementor-widget-container\">\n\t\t\t\t\t<a itemprop=\"url\" href=\"https:\/\/pacient.crisiafarm.ro\/?lang=en\" target=\"_blank\" class=\"mkdf-btn mkdf-btn-medium mkdf-btn-solid mkdf-btn-solid-dark mkdf-btn-icon\" rel=\"noopener\">\n    <span class=\"mkdf-btn-text\">Formulaire de commande<\/span>\n    <span class=\"mkdf-btn-icon-holder\">\n        <span class=\"mkdf-btn-icon-normal\" ><i class=\"mkdf-icon-ion-icon ion-chevron-right\" ><\/i><\/span>\n        <span class=\"mkdf-btn-icon-flip\" ><i class=\"mkdf-icon-ion-icon ion-chevron-right\" ><\/i><\/span>\n    <\/span>\n<\/a>\t\t\t\t<\/div>\n\t\t\t\t<\/div>\n\t\t\t\t<div class=\"elementor-element elementor-element-e59edc0 elementor-widget elementor-widget-spacer\" data-id=\"e59edc0\" data-element_type=\"widget\" data-widget_type=\"spacer.default\">\n\t\t\t\t<div class=\"elementor-widget-container\">\n\t\t\t\t\t\t\t<div class=\"elementor-spacer\">\n\t\t\t<div class=\"elementor-spacer-inner\"><\/div>\n\t\t<\/div>\n\t\t\t\t\t\t<\/div>\n\t\t\t\t<\/div>\n\t\t\t\t\t<\/div>\n\t\t<\/div>\n\t\t\t\t<div class=\"elementor-column elementor-col-50 elementor-inner-column elementor-element elementor-element-d7f6f3f\" data-id=\"d7f6f3f\" data-element_type=\"column\">\n\t\t\t<div class=\"elementor-widget-wrap elementor-element-populated\">\n\t\t\t\t\t\t<div class=\"elementor-element elementor-element-aed4fe9 elementor-widget__width-initial elementor-widget elementor-widget-image\" data-id=\"aed4fe9\" data-element_type=\"widget\" data-widget_type=\"image.default\">\n\t\t\t\t<div class=\"elementor-widget-container\">\n\t\t\t\t\t\t\t\t\t\t\t\t\t\t\t<img decoding=\"async\" width=\"1063\" height=\"1063\" src=\"https:\/\/farmaciacrisia.ro\/wp-content\/uploads\/2025\/09\/crisia.png\" class=\"attachment-full size-full wp-image-21085\" alt=\"\" srcset=\"https:\/\/farmaciacrisia.ro\/wp-content\/uploads\/2025\/09\/crisia.png 1063w, https:\/\/farmaciacrisia.ro\/wp-content\/uploads\/2025\/09\/crisia-300x300.png 300w, https:\/\/farmaciacrisia.ro\/wp-content\/uploads\/2025\/09\/crisia-1024x1024.png 1024w, https:\/\/farmaciacrisia.ro\/wp-content\/uploads\/2025\/09\/crisia-150x150.png 150w, https:\/\/farmaciacrisia.ro\/wp-content\/uploads\/2025\/09\/crisia-768x768.png 768w, https:\/\/farmaciacrisia.ro\/wp-content\/uploads\/2025\/09\/crisia-12x12.png 12w, https:\/\/farmaciacrisia.ro\/wp-content\/uploads\/2025\/09\/crisia-550x550.png 550w, https:\/\/farmaciacrisia.ro\/wp-content\/uploads\/2025\/09\/crisia-600x600.png 600w, https:\/\/farmaciacrisia.ro\/wp-content\/uploads\/2025\/09\/crisia-100x100.png 100w\" sizes=\"(max-width: 1063px) 100vw, 1063px\" \/>\t\t\t\t\t\t\t\t\t\t\t\t\t\t\t<\/div>\n\t\t\t\t<\/div>\n\t\t\t\t\t<\/div>\n\t\t<\/div>\n\t\t\t\t\t<\/div>\n\t\t<\/section>\n\t\t\t\t\t<\/div>\n\t\t<\/div>\n\t\t\t\t\t<\/div>\n\t\t<\/section>\n\t\t\t\t<\/div>","protected":false},"excerpt":{"rendered":"<p>Cum comand? Va multumim pentru interesul acordat preparatelor personalizate (magistrale) Crisia Farm! Pentru a comanda un preparat magistral de uz uman sau de uz veterinar, va rugam sa selectati si sa completati formularul de mai jos, apoi sa incarcati o [&hellip;]<\/p>\n","protected":false},"author":1,"featured_media":0,"parent":0,"menu_order":0,"comment_status":"closed","ping_status":"closed","template":"full-width.php","meta":{"footnotes":""},"class_list":["post-6880","page","type-page","status-publish","hentry"],"_links":{"self":[{"href":"https:\/\/farmaciacrisia.ro\/fr\/wp-json\/wp\/v2\/pages\/6880","targetHints":{"allow":["GET"]}}],"collection":[{"href":"https:\/\/farmaciacrisia.ro\/fr\/wp-json\/wp\/v2\/pages"}],"about":[{"href":"https:\/\/farmaciacrisia.ro\/fr\/wp-json\/wp\/v2\/types\/page"}],"author":[{"embeddable":true,"href":"https:\/\/farmaciacrisia.ro\/fr\/wp-json\/wp\/v2\/users\/1"}],"replies":[{"embeddable":true,"href":"https:\/\/farmaciacrisia.ro\/fr\/wp-json\/wp\/v2\/comments?post=6880"}],"version-history":[{"count":142,"href":"https:\/\/farmaciacrisia.ro\/fr\/wp-json\/wp\/v2\/pages\/6880\/revisions"}],"predecessor-version":[{"id":21167,"href":"https:\/\/farmaciacrisia.ro\/fr\/wp-json\/wp\/v2\/pages\/6880\/revisions\/21167"}],"wp:attachment":[{"href":"https:\/\/farmaciacrisia.ro\/fr\/wp-json\/wp\/v2\/media?parent=6880"}],"curies":[{"name":"wp","href":"https:\/\/api.w.org\/{rel}","templated":true}]}}