{"id":1387,"date":"2016-09-30T10:40:24","date_gmt":"2016-09-30T10:40:24","guid":{"rendered":"http:\/\/target.select-themes.com\/?post_type=product&#038;p=1387"},"modified":"2025-08-18T15:47:58","modified_gmt":"2025-08-18T15:47:58","slug":"capsule-cu-doxiciclina","status":"publish","type":"product","link":"https:\/\/farmaciacrisia.ro\/fr\/produit\/capsule-cu-doxiciclina\/","title":{"rendered":"DOXYCYCLINE 30 MG 30 CAPSULES"},"content":{"rendered":"","protected":false},"excerpt":{"rendered":"<p><strong>Les g\u00e9lules de 30 mg de doxycycline pr\u00e9par\u00e9es au <b>pr\u00e9paratoire\/laboratoire<\/b> salle blanche, sont principalement utilis\u00e9es pour r\u00e9duire les l\u00e9sions papulo-pustuleuses et la rosac\u00e9e.<\/strong><\/p>\n<p>\u2713 Lors de la pr\u00e9paration des prescriptions magistrales, seules des substances actives de haute puret\u00e9 sont utilis\u00e9es, dans le respect des RBPF (R\u00e8gles de Bonnes Pratiques Pharmaceutiques). L'utilisation de m\u00e9dicaments standardis\u00e9s est exclue de ce processus de pr\u00e9paration.<\/p>\n<p><strong>Il n'est d\u00e9livr\u00e9 que sur la base d'une prescription m\u00e9dicale qui sera telecharg\u00e9e lors de la finalisation de la commande !<\/strong><\/p>","protected":false},"featured_media":16800,"template":"","meta":[],"product_brand":[],"product_cat":[78,77,88],"product_tag":[109,435,438,80,433,79,434,432,437,82,436,81],"class_list":{"0":"post-1387","1":"product","2":"type-product","3":"status-publish","4":"has-post-thumbnail","6":"product_cat-capsule","7":"product_cat-dermatologie","8":"product_cat-rozacee","9":"product_tag-acnee","10":"product_tag-antibiotic","11":"product_tag-antibiotic-acnee","12":"product_tag-capsule","13":"product_tag-divizare","14":"product_tag-doxiciclina","15":"product_tag-doxiciclina-50","16":"product_tag-doza-individualizata","17":"product_tag-infectie-acnee","18":"product_tag-laborator-camera-curata","19":"product_tag-tratament-acnee-antibiotic","20":"product_tag-tratamente-personalizate","22":"first","23":"outofstock","24":"shipping-taxable","25":"purchasable","26":"product-type-simple"},"_links":{"self":[{"href":"https:\/\/farmaciacrisia.ro\/fr\/wp-json\/wp\/v2\/product\/1387","targetHints":{"allow":["GET"]}}],"collection":[{"href":"https:\/\/farmaciacrisia.ro\/fr\/wp-json\/wp\/v2\/product"}],"about":[{"href":"https:\/\/farmaciacrisia.ro\/fr\/wp-json\/wp\/v2\/types\/product"}],"version-history":[{"count":9,"href":"https:\/\/farmaciacrisia.ro\/fr\/wp-json\/wp\/v2\/product\/1387\/revisions"}],"predecessor-version":[{"id":19824,"href":"https:\/\/farmaciacrisia.ro\/fr\/wp-json\/wp\/v2\/product\/1387\/revisions\/19824"}],"wp:featuredmedia":[{"embeddable":true,"href":"https:\/\/farmaciacrisia.ro\/fr\/wp-json\/wp\/v2\/media\/16800"}],"wp:attachment":[{"href":"https:\/\/farmaciacrisia.ro\/fr\/wp-json\/wp\/v2\/media?parent=1387"}],"wp:term":[{"taxonomy":"product_brand","embeddable":true,"href":"https:\/\/farmaciacrisia.ro\/fr\/wp-json\/wp\/v2\/product_brand?post=1387"},{"taxonomy":"product_cat","embeddable":true,"href":"https:\/\/farmaciacrisia.ro\/fr\/wp-json\/wp\/v2\/product_cat?post=1387"},{"taxonomy":"product_tag","embeddable":true,"href":"https:\/\/farmaciacrisia.ro\/fr\/wp-json\/wp\/v2\/product_tag?post=1387"}],"curies":[{"name":"wp","href":"https:\/\/api.w.org\/{rel}","templated":true}]}}