{"id":16803,"date":"2023-08-07T08:02:27","date_gmt":"2023-08-07T08:02:27","guid":{"rendered":"https:\/\/beta.farmaciacrisia.ro\/?post_type=product&#038;p=16803"},"modified":"2025-08-18T15:47:38","modified_gmt":"2025-08-18T15:47:38","slug":"capsule-cu-finasterida-1-mg-10-cps","status":"publish","type":"product","link":"https:\/\/farmaciacrisia.ro\/fr\/produit\/capsule-cu-finasterida-1-mg-10-cps\/","title":{"rendered":"FINASTERIDE 1 MG 10 G\u00c9LULES"},"content":{"rendered":"","protected":false},"excerpt":{"rendered":"<p><b>Les g\u00e9lules de Finasteride 1 mg pr\u00e9par\u00e9es dans le laboratoire de la r\u00e9ception\/salle blanche sont utilis\u00e9es pour l'alop\u00e9cie androg\u00e9nique.<\/b><\/p>\n<p>\u2713 Lors de la pr\u00e9paration des prescriptions magistrales, seules des substances actives de haute puret\u00e9 sont utilis\u00e9es, dans le respect des RBPF (R\u00e8gles de Bonnes Pratiques Pharmaceutiques). L'utilisation de m\u00e9dicaments standardis\u00e9s est exclue de ce processus de pr\u00e9paration.<\/p>\n<p><strong>Il n'est d\u00e9livr\u00e9 que sur la base d'une prescription m\u00e9dicale qui sera telecharg\u00e9e lors de la finalisation de la commande !<\/strong><\/p>","protected":false},"featured_media":16800,"template":"","meta":[],"product_brand":[],"product_cat":[83,78,77],"product_tag":[113,324,328,326,329,80,327,87,82,444,330,325,81],"class_list":{"0":"post-16803","1":"product","2":"type-product","3":"status-publish","4":"has-post-thumbnail","6":"product_cat-alopecie","7":"product_cat-capsule","8":"product_cat-dermatologie","9":"product_tag-alopecie","10":"product_tag-alopecie-androgenica","11":"product_tag-alopecie-areata","12":"product_tag-caderea-parului","13":"product_tag-caderea-parului-la-brabati","14":"product_tag-capsule","15":"product_tag-chelie","16":"product_tag-finasterida","17":"product_tag-laborator-camera-curata","18":"product_tag-propecia","19":"product_tag-telogen-effluvium","20":"product_tag-tratament-alopecie","21":"product_tag-tratamente-personalizate","23":"first","24":"outofstock","25":"shipping-taxable","26":"purchasable","27":"product-type-simple"},"_links":{"self":[{"href":"https:\/\/farmaciacrisia.ro\/fr\/wp-json\/wp\/v2\/product\/16803","targetHints":{"allow":["GET"]}}],"collection":[{"href":"https:\/\/farmaciacrisia.ro\/fr\/wp-json\/wp\/v2\/product"}],"about":[{"href":"https:\/\/farmaciacrisia.ro\/fr\/wp-json\/wp\/v2\/types\/product"}],"version-history":[{"count":7,"href":"https:\/\/farmaciacrisia.ro\/fr\/wp-json\/wp\/v2\/product\/16803\/revisions"}],"predecessor-version":[{"id":19327,"href":"https:\/\/farmaciacrisia.ro\/fr\/wp-json\/wp\/v2\/product\/16803\/revisions\/19327"}],"wp:featuredmedia":[{"embeddable":true,"href":"https:\/\/farmaciacrisia.ro\/fr\/wp-json\/wp\/v2\/media\/16800"}],"wp:attachment":[{"href":"https:\/\/farmaciacrisia.ro\/fr\/wp-json\/wp\/v2\/media?parent=16803"}],"wp:term":[{"taxonomy":"product_brand","embeddable":true,"href":"https:\/\/farmaciacrisia.ro\/fr\/wp-json\/wp\/v2\/product_brand?post=16803"},{"taxonomy":"product_cat","embeddable":true,"href":"https:\/\/farmaciacrisia.ro\/fr\/wp-json\/wp\/v2\/product_cat?post=16803"},{"taxonomy":"product_tag","embeddable":true,"href":"https:\/\/farmaciacrisia.ro\/fr\/wp-json\/wp\/v2\/product_tag?post=16803"}],"curies":[{"name":"wp","href":"https:\/\/api.w.org\/{rel}","templated":true}]}}