{"id":16824,"date":"2023-08-07T11:04:14","date_gmt":"2023-08-07T11:04:14","guid":{"rendered":"https:\/\/beta.farmaciacrisia.ro\/?post_type=product&#038;p=16824"},"modified":"2025-08-18T15:45:03","modified_gmt":"2025-08-18T15:45:03","slug":"capsule-cu-dapsona-25-mg-10-cps","status":"publish","type":"product","link":"https:\/\/farmaciacrisia.ro\/fr\/produit\/capsule-cu-dapsona-25-mg-10-cps\/","title":{"rendered":"DAPSONE 25 MG 10 G\u00c9LULES"},"content":{"rendered":"","protected":false},"excerpt":{"rendered":"<p><b>Les capsules de Dapsone 25 mg pr\u00e9par\u00e9es en salle blanche\/laboratoire sont principalement utilis\u00e9es dans le cas de la dermatite herp\u00e9tiforme et de la maladie de Hansen.<\/b><\/p>\n<p>\u2713 Lors de la pr\u00e9paration des prescriptions magistrales, seules des substances actives de haute puret\u00e9 sont utilis\u00e9es, dans le respect des RBPF (R\u00e8gles de Bonnes Pratiques Pharmaceutiques). L'utilisation de m\u00e9dicaments standardis\u00e9s est exclue de ce processus de pr\u00e9paration.<\/p>\n<p><strong>Il n'est d\u00e9livr\u00e9 que sur la base d'une prescription m\u00e9dicale qui sera telecharg\u00e9e lors de la finalisation de la commande !<\/strong><\/p>","protected":false},"featured_media":16800,"template":"","meta":[],"product_brand":[],"product_cat":[78,84,77],"product_tag":[435,80,85,440,439,82,441,443,442,81],"class_list":{"0":"post-16824","1":"product","2":"type-product","3":"status-publish","4":"has-post-thumbnail","6":"product_cat-capsule","7":"product_cat-dermatita","8":"product_cat-dermatologie","9":"product_tag-antibiotic","10":"product_tag-capsule","11":"product_tag-dapsona","12":"product_tag-dermatita-herpetiforma","13":"product_tag-disulone","14":"product_tag-laborator-camera-curata","15":"product_tag-lepra","16":"product_tag-lupus-eritomatos","17":"product_tag-psoriazis","18":"product_tag-tratamente-personalizate","20":"first","21":"outofstock","22":"shipping-taxable","23":"purchasable","24":"product-type-simple"},"_links":{"self":[{"href":"https:\/\/farmaciacrisia.ro\/fr\/wp-json\/wp\/v2\/product\/16824","targetHints":{"allow":["GET"]}}],"collection":[{"href":"https:\/\/farmaciacrisia.ro\/fr\/wp-json\/wp\/v2\/product"}],"about":[{"href":"https:\/\/farmaciacrisia.ro\/fr\/wp-json\/wp\/v2\/types\/product"}],"version-history":[{"count":6,"href":"https:\/\/farmaciacrisia.ro\/fr\/wp-json\/wp\/v2\/product\/16824\/revisions"}],"predecessor-version":[{"id":19322,"href":"https:\/\/farmaciacrisia.ro\/fr\/wp-json\/wp\/v2\/product\/16824\/revisions\/19322"}],"wp:featuredmedia":[{"embeddable":true,"href":"https:\/\/farmaciacrisia.ro\/fr\/wp-json\/wp\/v2\/media\/16800"}],"wp:attachment":[{"href":"https:\/\/farmaciacrisia.ro\/fr\/wp-json\/wp\/v2\/media?parent=16824"}],"wp:term":[{"taxonomy":"product_brand","embeddable":true,"href":"https:\/\/farmaciacrisia.ro\/fr\/wp-json\/wp\/v2\/product_brand?post=16824"},{"taxonomy":"product_cat","embeddable":true,"href":"https:\/\/farmaciacrisia.ro\/fr\/wp-json\/wp\/v2\/product_cat?post=16824"},{"taxonomy":"product_tag","embeddable":true,"href":"https:\/\/farmaciacrisia.ro\/fr\/wp-json\/wp\/v2\/product_tag?post=16824"}],"curies":[{"name":"wp","href":"https:\/\/api.w.org\/{rel}","templated":true}]}}