{"id":16838,"date":"2023-08-08T08:56:44","date_gmt":"2023-08-08T08:56:44","guid":{"rendered":"https:\/\/beta.farmaciacrisia.ro\/?post_type=product&#038;p=16838"},"modified":"2025-08-18T15:43:12","modified_gmt":"2025-08-18T15:43:12","slug":"crema-cu-acid-tranexamic-3-acid-kojic-4-nicotinamida-5-25g","status":"publish","type":"product","link":"https:\/\/farmaciacrisia.ro\/fr\/produit\/crema-cu-acid-tranexamic-3-acid-kojic-4-nicotinamida-5-25g\/","title":{"rendered":"ACIDE TRANEXAMIQUE 3%, ACIDE KOJIQUE 4%, NICOTINAMIDE 5% 25 G CR\u00c8ME"},"content":{"rendered":"","protected":false},"excerpt":{"rendered":"<p><b>La cr\u00e8me \u00e0 base d'acide tranexamique 3%, d'acide kojique 4% et de nicotinamide 5% pr\u00e9par\u00e9e au pr\u00e9paratoire\/laboratoire salle blanche  est principalement utilis\u00e9e en cas de m\u00e9lasma, de taches d'hyperpigmentation, de rosac\u00e9e, de lentigo et de taches de rousseur.<\/b><\/p>\n<p>\u2713 Lors de la pr\u00e9paration des prescriptions magistrales, seules des substances actives de haute puret\u00e9 sont utilis\u00e9es, dans le respect des RBPF (R\u00e8gles de Bonnes Pratiques Pharmaceutiques). L'utilisation de m\u00e9dicaments standardis\u00e9s est exclue de ce processus de pr\u00e9paration.<\/p>\n<p><strong>Il n'est d\u00e9livr\u00e9 que sur la base d'une prescription m\u00e9dicale qui sera telecharg\u00e9e lors de la finalisation de la commande !<\/strong><\/p>","protected":false},"featured_media":16840,"template":"","meta":[],"product_brand":[],"product_cat":[89,77,90],"product_tag":[94,93,429,99,91,92,82,425,431,95,426,427,430,81,428,97],"class_list":{"0":"post-16838","1":"product","2":"type-product","3":"status-publish","4":"has-post-thumbnail","6":"product_cat-creme-si-geluri-dermatologie","7":"product_cat-dermatologie","8":"product_cat-hiperpigmentare","9":"product_tag-acid-kojic","10":"product_tag-acid-tranexamic","11":"product_tag-albirea-pielii","12":"product_tag-crema-depigmentanta","13":"product_tag-creme-si-geluri","14":"product_tag-hiperpigmentare","15":"product_tag-laborator-camera-curata","16":"product_tag-melasma","17":"product_tag-melasma-faciala","18":"product_tag-nicotinamida","19":"product_tag-pete-maronii","20":"product_tag-pete-pigmentare","21":"product_tag-pete-pigmentare-dupa-sarcina","22":"product_tag-tratamente-personalizate","23":"product_tag-tratamente-pete","24":"product_tag-vitamina-c","26":"first","27":"outofstock","28":"shipping-taxable","29":"purchasable","30":"product-type-simple"},"_links":{"self":[{"href":"https:\/\/farmaciacrisia.ro\/fr\/wp-json\/wp\/v2\/product\/16838","targetHints":{"allow":["GET"]}}],"collection":[{"href":"https:\/\/farmaciacrisia.ro\/fr\/wp-json\/wp\/v2\/product"}],"about":[{"href":"https:\/\/farmaciacrisia.ro\/fr\/wp-json\/wp\/v2\/types\/product"}],"version-history":[{"count":9,"href":"https:\/\/farmaciacrisia.ro\/fr\/wp-json\/wp\/v2\/product\/16838\/revisions"}],"predecessor-version":[{"id":20727,"href":"https:\/\/farmaciacrisia.ro\/fr\/wp-json\/wp\/v2\/product\/16838\/revisions\/20727"}],"wp:featuredmedia":[{"embeddable":true,"href":"https:\/\/farmaciacrisia.ro\/fr\/wp-json\/wp\/v2\/media\/16840"}],"wp:attachment":[{"href":"https:\/\/farmaciacrisia.ro\/fr\/wp-json\/wp\/v2\/media?parent=16838"}],"wp:term":[{"taxonomy":"product_brand","embeddable":true,"href":"https:\/\/farmaciacrisia.ro\/fr\/wp-json\/wp\/v2\/product_brand?post=16838"},{"taxonomy":"product_cat","embeddable":true,"href":"https:\/\/farmaciacrisia.ro\/fr\/wp-json\/wp\/v2\/product_cat?post=16838"},{"taxonomy":"product_tag","embeddable":true,"href":"https:\/\/farmaciacrisia.ro\/fr\/wp-json\/wp\/v2\/product_tag?post=16838"}],"curies":[{"name":"wp","href":"https:\/\/api.w.org\/{rel}","templated":true}]}}