{"id":16841,"date":"2023-08-08T09:36:46","date_gmt":"2023-08-08T09:36:46","guid":{"rendered":"https:\/\/beta.farmaciacrisia.ro\/?post_type=product&#038;p=16841"},"modified":"2025-09-16T10:21:38","modified_gmt":"2025-09-16T10:21:38","slug":"crema-cu-arbutina-citamina-c-10-acid-ferulic-1-si-acid-kojic-25g","status":"publish","type":"product","link":"https:\/\/farmaciacrisia.ro\/fr\/produit\/crema-cu-arbutina-citamina-c-10-acid-ferulic-1-si-acid-kojic-25g\/","title":{"rendered":"ARBUTINE 20%, VITAMINE C 10%, ACIDE FERULIQUE 1% ET ACIDE KOJIQUE 4% CR\u00c8ME 25 G"},"content":{"rendered":"","protected":false},"excerpt":{"rendered":"<p><b>La cr\u00e8me \u00e0 base d'arbutine 20 %, de vitamine C 10 %, d'acide f\u00e9rulique 1 % et d'acide kojique 4 % pr\u00e9par\u00e9e au pr\u00e9paratoire\/laboratoire salle blanche est principalement utilis\u00e9e pour le m\u00e9lasma, les taches d'hyperpigmentation, les taches de rousseur et le lentigo.<\/b><\/p>\n<p>\u2713 Lors de la pr\u00e9paration des prescriptions magistrales, seules des substances actives de haute puret\u00e9 sont utilis\u00e9es, dans le respect des RBPF (R\u00e8gles de Bonnes Pratiques Pharmaceutiques). L'utilisation de m\u00e9dicaments standardis\u00e9s est exclue de ce processus de pr\u00e9paration.<\/p>\n<p><strong>Il n'est d\u00e9livr\u00e9 que sur la base d'une prescription m\u00e9dicale qui sera telecharg\u00e9e lors de la finalisation de la commande !<\/strong><\/p>","protected":false},"featured_media":16840,"template":"","meta":[],"product_brand":[],"product_cat":[89,77,90],"product_tag":[98,94,429,96,99,91,92,82,425,431,426,427,430,81,428,97],"class_list":{"0":"post-16841","1":"product","2":"type-product","3":"status-publish","4":"has-post-thumbnail","6":"product_cat-creme-si-geluri-dermatologie","7":"product_cat-dermatologie","8":"product_cat-hiperpigmentare","9":"product_tag-acid-ferulic","10":"product_tag-acid-kojic","11":"product_tag-albirea-pielii","12":"product_tag-arbutina","13":"product_tag-crema-depigmentanta","14":"product_tag-creme-si-geluri","15":"product_tag-hiperpigmentare","16":"product_tag-laborator-camera-curata","17":"product_tag-melasma","18":"product_tag-melasma-faciala","19":"product_tag-pete-maronii","20":"product_tag-pete-pigmentare","21":"product_tag-pete-pigmentare-dupa-sarcina","22":"product_tag-tratamente-personalizate","23":"product_tag-tratamente-pete","24":"product_tag-vitamina-c","26":"first","27":"outofstock","28":"shipping-taxable","29":"purchasable","30":"product-type-simple"},"_links":{"self":[{"href":"https:\/\/farmaciacrisia.ro\/fr\/wp-json\/wp\/v2\/product\/16841","targetHints":{"allow":["GET"]}}],"collection":[{"href":"https:\/\/farmaciacrisia.ro\/fr\/wp-json\/wp\/v2\/product"}],"about":[{"href":"https:\/\/farmaciacrisia.ro\/fr\/wp-json\/wp\/v2\/types\/product"}],"version-history":[{"count":9,"href":"https:\/\/farmaciacrisia.ro\/fr\/wp-json\/wp\/v2\/product\/16841\/revisions"}],"predecessor-version":[{"id":20726,"href":"https:\/\/farmaciacrisia.ro\/fr\/wp-json\/wp\/v2\/product\/16841\/revisions\/20726"}],"wp:featuredmedia":[{"embeddable":true,"href":"https:\/\/farmaciacrisia.ro\/fr\/wp-json\/wp\/v2\/media\/16840"}],"wp:attachment":[{"href":"https:\/\/farmaciacrisia.ro\/fr\/wp-json\/wp\/v2\/media?parent=16841"}],"wp:term":[{"taxonomy":"product_brand","embeddable":true,"href":"https:\/\/farmaciacrisia.ro\/fr\/wp-json\/wp\/v2\/product_brand?post=16841"},{"taxonomy":"product_cat","embeddable":true,"href":"https:\/\/farmaciacrisia.ro\/fr\/wp-json\/wp\/v2\/product_cat?post=16841"},{"taxonomy":"product_tag","embeddable":true,"href":"https:\/\/farmaciacrisia.ro\/fr\/wp-json\/wp\/v2\/product_tag?post=16841"}],"curies":[{"name":"wp","href":"https:\/\/api.w.org\/{rel}","templated":true}]}}