{"id":16842,"date":"2023-08-08T09:45:20","date_gmt":"2023-08-08T09:45:20","guid":{"rendered":"https:\/\/beta.farmaciacrisia.ro\/?post_type=product&#038;p=16842"},"modified":"2025-08-18T15:42:12","modified_gmt":"2025-08-18T15:42:12","slug":"crema-depigmentanta-cu-hidrochinona-55-tretinoin-0-1-si-betametazona-valerat-0-1-25g-formula-kligman","status":"publish","type":"product","link":"https:\/\/farmaciacrisia.ro\/fr\/produit\/crema-depigmentanta-cu-hidrochinona-55-tretinoin-0-1-si-betametazona-valerat-0-1-25g-formula-kligman\/","title":{"rendered":"HYDROQUINONE 5%, TR\u00c9TINO\u00cfNE 0,1% ET BETAMETHASONE VALERAT 0,1% 25 G CR\u00c8ME D\u00c9PIGMENTANTE (FORMULE KLIGMAN)"},"content":{"rendered":"","protected":false},"excerpt":{"rendered":"<p><b>La cr\u00e8me d\u00e9pigmentante \u00e0 base d'hydroquinone 5%, de tr\u00e9tino\u00efne 0,1% et de val\u00e9rate de b\u00e9tam\u00e9thasone 0,1% (formule Kligman), pr\u00e9par\u00e9e au pr\u00e9paratoire\/laboratoire salle blanche, est principalement utilis\u00e9e pour le m\u00e9lasma, les taches pigmentaires, les taches de rousseur et le lentigo.<\/b><\/p>\n<p>\u2713 Lors de la pr\u00e9paration des prescriptions magistrales, seules des substances actives de haute puret\u00e9 sont utilis\u00e9es, dans le respect des RBPF (R\u00e8gles de Bonnes Pratiques Pharmaceutiques). L'utilisation de m\u00e9dicaments standardis\u00e9s est exclue de ce processus de pr\u00e9paration.<\/p>\n<p>Nous recommandons d'utiliser un produit \u00e0 indice de protection solaire \u00e9lev\u00e9 (SPF 50+) - \u00e0 appliquer 30 minutes avant de quitter la maison ou avant l'exposition au soleil.<\/p>\n<p><strong>Il n'est d\u00e9livr\u00e9 que sur la base d'une prescription m\u00e9dicale qui sera telecharg\u00e9e lors de la finalisation de la commande !<\/strong><\/p>","protected":false},"featured_media":16840,"template":"","meta":[],"product_brand":[],"product_cat":[89,77,90],"product_tag":[429,102,99,91,542,100,92,82,425,431,426,427,430,81,428,101,97],"class_list":{"0":"post-16842","1":"product","2":"type-product","3":"status-publish","4":"has-post-thumbnail","6":"product_cat-creme-si-geluri-dermatologie","7":"product_cat-dermatologie","8":"product_cat-hiperpigmentare","9":"product_tag-albirea-pielii","10":"product_tag-betametazona-valerat","11":"product_tag-crema-depigmentanta","12":"product_tag-creme-si-geluri","13":"product_tag-formula-kligman","14":"product_tag-hidrochinona","15":"product_tag-hiperpigmentare","16":"product_tag-laborator-camera-curata","17":"product_tag-melasma","18":"product_tag-melasma-faciala","19":"product_tag-pete-maronii","20":"product_tag-pete-pigmentare","21":"product_tag-pete-pigmentare-dupa-sarcina","22":"product_tag-tratamente-personalizate","23":"product_tag-tratamente-pete","24":"product_tag-tretinoin","25":"product_tag-vitamina-c","27":"first","28":"outofstock","29":"shipping-taxable","30":"purchasable","31":"product-type-simple"},"_links":{"self":[{"href":"https:\/\/farmaciacrisia.ro\/fr\/wp-json\/wp\/v2\/product\/16842","targetHints":{"allow":["GET"]}}],"collection":[{"href":"https:\/\/farmaciacrisia.ro\/fr\/wp-json\/wp\/v2\/product"}],"about":[{"href":"https:\/\/farmaciacrisia.ro\/fr\/wp-json\/wp\/v2\/types\/product"}],"version-history":[{"count":10,"href":"https:\/\/farmaciacrisia.ro\/fr\/wp-json\/wp\/v2\/product\/16842\/revisions"}],"predecessor-version":[{"id":20725,"href":"https:\/\/farmaciacrisia.ro\/fr\/wp-json\/wp\/v2\/product\/16842\/revisions\/20725"}],"wp:featuredmedia":[{"embeddable":true,"href":"https:\/\/farmaciacrisia.ro\/fr\/wp-json\/wp\/v2\/media\/16840"}],"wp:attachment":[{"href":"https:\/\/farmaciacrisia.ro\/fr\/wp-json\/wp\/v2\/media?parent=16842"}],"wp:term":[{"taxonomy":"product_brand","embeddable":true,"href":"https:\/\/farmaciacrisia.ro\/fr\/wp-json\/wp\/v2\/product_brand?post=16842"},{"taxonomy":"product_cat","embeddable":true,"href":"https:\/\/farmaciacrisia.ro\/fr\/wp-json\/wp\/v2\/product_cat?post=16842"},{"taxonomy":"product_tag","embeddable":true,"href":"https:\/\/farmaciacrisia.ro\/fr\/wp-json\/wp\/v2\/product_tag?post=16842"}],"curies":[{"name":"wp","href":"https:\/\/api.w.org\/{rel}","templated":true}]}}