{"id":16843,"date":"2023-08-08T10:03:27","date_gmt":"2023-08-08T10:03:27","guid":{"rendered":"https:\/\/beta.farmaciacrisia.ro\/?post_type=product&#038;p=16843"},"modified":"2025-08-18T15:41:48","modified_gmt":"2025-08-18T15:41:48","slug":"crema-cu-hidrochinona-4","status":"publish","type":"product","link":"https:\/\/farmaciacrisia.ro\/fr\/produit\/crema-cu-hidrochinona-4\/","title":{"rendered":"HYDROQUINONE 4% 25 G CR\u00c8ME"},"content":{"rendered":"","protected":false},"excerpt":{"rendered":"<p><b>La cr\u00e8me d'hydroquinone 4% pr\u00e9par\u00e9e dans le  pr\u00e9paratoire\/laboratoire salle blanche est principalement utilis\u00e9e pour<span style=\"font-weight: 400;\">\u00a0<strong>m\u00e9lasma, taches de rousseur et autres zones d'hyperpigmentation ind\u00e9sirables.<\/strong><\/span><\/b><\/p>\n<p>\u2713 Lors de la pr\u00e9paration des prescriptions magistrales, seules des substances actives de haute puret\u00e9 sont utilis\u00e9es, dans le respect des RBPF (R\u00e8gles de Bonnes Pratiques Pharmaceutiques). L'utilisation de m\u00e9dicaments standardis\u00e9s est exclue de ce processus de pr\u00e9paration.<\/p>\n<p><strong>Il n'est d\u00e9livr\u00e9 que sur la base d'une prescription m\u00e9dicale qui sera telecharg\u00e9e lors de la finalisation de la commande !<\/strong><\/p>","protected":false},"featured_media":16840,"template":"","meta":[],"product_brand":[],"product_cat":[89,77,90],"product_tag":[429,99,91,100,92,82,425,431,426,427,430,81,428],"class_list":{"0":"post-16843","1":"product","2":"type-product","3":"status-publish","4":"has-post-thumbnail","6":"product_cat-creme-si-geluri-dermatologie","7":"product_cat-dermatologie","8":"product_cat-hiperpigmentare","9":"product_tag-albirea-pielii","10":"product_tag-crema-depigmentanta","11":"product_tag-creme-si-geluri","12":"product_tag-hidrochinona","13":"product_tag-hiperpigmentare","14":"product_tag-laborator-camera-curata","15":"product_tag-melasma","16":"product_tag-melasma-faciala","17":"product_tag-pete-maronii","18":"product_tag-pete-pigmentare","19":"product_tag-pete-pigmentare-dupa-sarcina","20":"product_tag-tratamente-personalizate","21":"product_tag-tratamente-pete","23":"first","24":"outofstock","25":"shipping-taxable","26":"purchasable","27":"product-type-simple"},"_links":{"self":[{"href":"https:\/\/farmaciacrisia.ro\/fr\/wp-json\/wp\/v2\/product\/16843","targetHints":{"allow":["GET"]}}],"collection":[{"href":"https:\/\/farmaciacrisia.ro\/fr\/wp-json\/wp\/v2\/product"}],"about":[{"href":"https:\/\/farmaciacrisia.ro\/fr\/wp-json\/wp\/v2\/types\/product"}],"version-history":[{"count":11,"href":"https:\/\/farmaciacrisia.ro\/fr\/wp-json\/wp\/v2\/product\/16843\/revisions"}],"predecessor-version":[{"id":20724,"href":"https:\/\/farmaciacrisia.ro\/fr\/wp-json\/wp\/v2\/product\/16843\/revisions\/20724"}],"wp:featuredmedia":[{"embeddable":true,"href":"https:\/\/farmaciacrisia.ro\/fr\/wp-json\/wp\/v2\/media\/16840"}],"wp:attachment":[{"href":"https:\/\/farmaciacrisia.ro\/fr\/wp-json\/wp\/v2\/media?parent=16843"}],"wp:term":[{"taxonomy":"product_brand","embeddable":true,"href":"https:\/\/farmaciacrisia.ro\/fr\/wp-json\/wp\/v2\/product_brand?post=16843"},{"taxonomy":"product_cat","embeddable":true,"href":"https:\/\/farmaciacrisia.ro\/fr\/wp-json\/wp\/v2\/product_cat?post=16843"},{"taxonomy":"product_tag","embeddable":true,"href":"https:\/\/farmaciacrisia.ro\/fr\/wp-json\/wp\/v2\/product_tag?post=16843"}],"curies":[{"name":"wp","href":"https:\/\/api.w.org\/{rel}","templated":true}]}}