{"id":16845,"date":"2023-08-08T11:04:34","date_gmt":"2023-08-08T11:04:34","guid":{"rendered":"https:\/\/beta.farmaciacrisia.ro\/?post_type=product&#038;p=16845"},"modified":"2025-09-16T10:20:11","modified_gmt":"2025-09-16T10:20:11","slug":"crema-cu-hidrochinona-4-hidrocortizon-1-tretinoin-0-02-si-acid-glicolic-4-30ml","status":"publish","type":"product","link":"https:\/\/farmaciacrisia.ro\/fr\/produit\/crema-cu-hidrochinona-4-hidrocortizon-1-tretinoin-0-02-si-acid-glicolic-4-30ml\/","title":{"rendered":"HYDROQUINONE 4%, HYDROCORTISONE 1%, TR\u00c9TINO\u00cfNE 0,02% ET ACIDE GLYCOLIQUE 4% 30 ML GEL"},"content":{"rendered":"","protected":false},"excerpt":{"rendered":"<p><b>Le gel \u00e0 base d'hydroquinone 4%, d'hydrocortisone 1%, de tr\u00e9tino\u00efne 0,02% et d'acide glycolique 4% pr\u00e9par\u00e9 au laboratoire\/pr\u00e9paratoire salle blanche est principalement utilis\u00e9 en cas de m\u00e9lasma, de taches pigmentaires, de taches de rousseur et de lentigo.<\/b><\/p>\n<p>\u2713 Lors de la pr\u00e9paration des prescriptions magistrales, seules des substances actives de haute puret\u00e9 sont utilis\u00e9es, dans le respect des RBPF (R\u00e8gles de Bonnes Pratiques Pharmaceutiques). L'utilisation de m\u00e9dicaments standardis\u00e9s est exclue de ce processus de pr\u00e9paration.<\/p>\n<p>Nous recommandons d'utiliser un produit \u00e0 indice de protection solaire \u00e9lev\u00e9 (SPF 50+) - \u00e0 appliquer 30 minutes avant de quitter la maison ou avant l'exposition au soleil.<\/p>\n<p><strong>Il n'est d\u00e9livr\u00e9 que sur la base d'une prescription m\u00e9dicale qui sera telecharg\u00e9e lors de la finalisation de la commande !<\/strong><\/p>","protected":false},"featured_media":16840,"template":"","meta":[],"product_brand":[],"product_cat":[89,77,90],"product_tag":[105,429,99,91,100,104,92,82,425,431,426,427,430,81,428,101],"class_list":{"0":"post-16845","1":"product","2":"type-product","3":"status-publish","4":"has-post-thumbnail","6":"product_cat-creme-si-geluri-dermatologie","7":"product_cat-dermatologie","8":"product_cat-hiperpigmentare","9":"product_tag-acid-glicolic","10":"product_tag-albirea-pielii","11":"product_tag-crema-depigmentanta","12":"product_tag-creme-si-geluri","13":"product_tag-hidrochinona","14":"product_tag-hidrocortizon","15":"product_tag-hiperpigmentare","16":"product_tag-laborator-camera-curata","17":"product_tag-melasma","18":"product_tag-melasma-faciala","19":"product_tag-pete-maronii","20":"product_tag-pete-pigmentare","21":"product_tag-pete-pigmentare-dupa-sarcina","22":"product_tag-tratamente-personalizate","23":"product_tag-tratamente-pete","24":"product_tag-tretinoin","26":"first","27":"outofstock","28":"shipping-taxable","29":"purchasable","30":"product-type-simple"},"_links":{"self":[{"href":"https:\/\/farmaciacrisia.ro\/fr\/wp-json\/wp\/v2\/product\/16845","targetHints":{"allow":["GET"]}}],"collection":[{"href":"https:\/\/farmaciacrisia.ro\/fr\/wp-json\/wp\/v2\/product"}],"about":[{"href":"https:\/\/farmaciacrisia.ro\/fr\/wp-json\/wp\/v2\/types\/product"}],"version-history":[{"count":11,"href":"https:\/\/farmaciacrisia.ro\/fr\/wp-json\/wp\/v2\/product\/16845\/revisions"}],"predecessor-version":[{"id":20722,"href":"https:\/\/farmaciacrisia.ro\/fr\/wp-json\/wp\/v2\/product\/16845\/revisions\/20722"}],"wp:featuredmedia":[{"embeddable":true,"href":"https:\/\/farmaciacrisia.ro\/fr\/wp-json\/wp\/v2\/media\/16840"}],"wp:attachment":[{"href":"https:\/\/farmaciacrisia.ro\/fr\/wp-json\/wp\/v2\/media?parent=16845"}],"wp:term":[{"taxonomy":"product_brand","embeddable":true,"href":"https:\/\/farmaciacrisia.ro\/fr\/wp-json\/wp\/v2\/product_brand?post=16845"},{"taxonomy":"product_cat","embeddable":true,"href":"https:\/\/farmaciacrisia.ro\/fr\/wp-json\/wp\/v2\/product_cat?post=16845"},{"taxonomy":"product_tag","embeddable":true,"href":"https:\/\/farmaciacrisia.ro\/fr\/wp-json\/wp\/v2\/product_tag?post=16845"}],"curies":[{"name":"wp","href":"https:\/\/api.w.org\/{rel}","templated":true}]}}