{"id":16846,"date":"2023-08-08T11:29:56","date_gmt":"2023-08-08T11:29:56","guid":{"rendered":"https:\/\/beta.farmaciacrisia.ro\/?post_type=product&#038;p=16846"},"modified":"2025-09-16T10:18:53","modified_gmt":"2025-09-16T10:18:53","slug":"crema-cu-tretinoin-0-01-25-g-copiaza-2","status":"publish","type":"product","link":"https:\/\/farmaciacrisia.ro\/fr\/produit\/crema-cu-tretinoin-0-01-25-g-copiaza-2\/","title":{"rendered":"TR\u00c9TINO\u00cfNE 0,01% 25 G CR\u00c8ME"},"content":{"rendered":"","protected":false},"excerpt":{"rendered":"<p><b>La cr\u00e8me \u00e0 la tr\u00e9tino\u00efne 0,01% pr\u00e9par\u00e9e au <strong>pr\u00e9paratoire\/laboratoire<\/strong> salle blanche, est principalement utilis\u00e9e pour l'acn\u00e9 rosac\u00e9e, l'acn\u00e9 pustuleuse, l'acn\u00e9 kystique, l'acn\u00e9 juv\u00e9nile, l'acn\u00e9 com\u00e9donienne, mais aussi pour estomper les rides fines.<\/b><\/p>\n<p>\u2713 Lors de la pr\u00e9paration des prescriptions magistrales, seules des substances actives de haute puret\u00e9 sont utilis\u00e9es, dans le respect des RBPF (R\u00e8gles de Bonnes Pratiques Pharmaceutiques). L'utilisation de m\u00e9dicaments standardis\u00e9s est exclue de ce processus de pr\u00e9paration.<\/p>\n<p><strong>Il n'est d\u00e9livr\u00e9 que sur la base d'une prescription m\u00e9dicale qui sera telecharg\u00e9e lors de la finalisation de la commande !<\/strong><\/p>","protected":false},"featured_media":16840,"template":"","meta":[],"product_brand":[],"product_cat":[106,89,77],"product_tag":[109,420,419,91,82,418,422,417,416,421,81,101],"class_list":{"0":"post-16846","1":"product","2":"type-product","3":"status-publish","4":"has-post-thumbnail","6":"product_cat-acnee","7":"product_cat-creme-si-geluri-dermatologie","8":"product_cat-dermatologie","9":"product_tag-acnee","10":"product_tag-acnee-juvenila","11":"product_tag-cosuri","12":"product_tag-creme-si-geluri","13":"product_tag-laborator-camera-curata","14":"product_tag-pustule","15":"product_tag-retin-a","16":"product_tag-retinoizi","17":"product_tag-retinol","18":"product_tag-rozacee","19":"product_tag-tratamente-personalizate","20":"product_tag-tretinoin","22":"first","23":"outofstock","24":"shipping-taxable","25":"purchasable","26":"product-type-simple"},"_links":{"self":[{"href":"https:\/\/farmaciacrisia.ro\/fr\/wp-json\/wp\/v2\/product\/16846","targetHints":{"allow":["GET"]}}],"collection":[{"href":"https:\/\/farmaciacrisia.ro\/fr\/wp-json\/wp\/v2\/product"}],"about":[{"href":"https:\/\/farmaciacrisia.ro\/fr\/wp-json\/wp\/v2\/types\/product"}],"version-history":[{"count":9,"href":"https:\/\/farmaciacrisia.ro\/fr\/wp-json\/wp\/v2\/product\/16846\/revisions"}],"predecessor-version":[{"id":20721,"href":"https:\/\/farmaciacrisia.ro\/fr\/wp-json\/wp\/v2\/product\/16846\/revisions\/20721"}],"wp:featuredmedia":[{"embeddable":true,"href":"https:\/\/farmaciacrisia.ro\/fr\/wp-json\/wp\/v2\/media\/16840"}],"wp:attachment":[{"href":"https:\/\/farmaciacrisia.ro\/fr\/wp-json\/wp\/v2\/media?parent=16846"}],"wp:term":[{"taxonomy":"product_brand","embeddable":true,"href":"https:\/\/farmaciacrisia.ro\/fr\/wp-json\/wp\/v2\/product_brand?post=16846"},{"taxonomy":"product_cat","embeddable":true,"href":"https:\/\/farmaciacrisia.ro\/fr\/wp-json\/wp\/v2\/product_cat?post=16846"},{"taxonomy":"product_tag","embeddable":true,"href":"https:\/\/farmaciacrisia.ro\/fr\/wp-json\/wp\/v2\/product_tag?post=16846"}],"curies":[{"name":"wp","href":"https:\/\/api.w.org\/{rel}","templated":true}]}}