{"id":16853,"date":"2023-08-08T12:17:48","date_gmt":"2023-08-08T12:17:48","guid":{"rendered":"https:\/\/beta.farmaciacrisia.ro\/?post_type=product&#038;p=16853"},"modified":"2025-08-18T15:34:34","modified_gmt":"2025-08-18T15:34:34","slug":"gel-cu-eritromicina-2-tretinoin-0-05-30g","status":"publish","type":"product","link":"https:\/\/farmaciacrisia.ro\/fr\/produit\/gel-cu-eritromicina-2-tretinoin-0-05-30g\/","title":{"rendered":"\u00c9RYTHROMYCINE 2% ET TR\u00c9TINO\u00cfNE 0,05% 30 G GEL"},"content":{"rendered":"","protected":false},"excerpt":{"rendered":"<p><b>Le gel avec \u00e9rythromycine 2% et tr\u00e9tino\u00efne 0,05% pr\u00e9par\u00e9 au <strong>pr\u00e9paratoire\/laboratoire<\/strong> salle blanche est principalement utilis\u00e9 pour l'acn\u00e9 rosac\u00e9e, l'acn\u00e9 pustuleuse, l'acn\u00e9 kystique, l'acn\u00e9 juv\u00e9nile et l'acn\u00e9 com\u00e9donienne.<\/b><\/p>\n<p>\u2713 Lors de la pr\u00e9paration des prescriptions magistrales, seules des substances actives de haute puret\u00e9 sont utilis\u00e9es, dans le respect des RBPF (R\u00e8gles de Bonnes Pratiques Pharmaceutiques). L'utilisation de m\u00e9dicaments standardis\u00e9s est exclue de ce processus de pr\u00e9paration.<\/p>\n<p><strong>Il n'est d\u00e9livr\u00e9 que sur la base d'une prescription m\u00e9dicale qui sera telecharg\u00e9e lors de la finalisation de la commande !<\/strong><\/p>","protected":false},"featured_media":16840,"template":"","meta":[],"product_brand":[],"product_cat":[106,89,77],"product_tag":[109,420,419,91,108,415,82,418,417,416,421,81,101],"class_list":{"0":"post-16853","1":"product","2":"type-product","3":"status-publish","4":"has-post-thumbnail","6":"product_cat-acnee","7":"product_cat-creme-si-geluri-dermatologie","8":"product_cat-dermatologie","9":"product_tag-acnee","10":"product_tag-acnee-juvenila","11":"product_tag-cosuri","12":"product_tag-creme-si-geluri","13":"product_tag-eritromicina","14":"product_tag-isotrexin","15":"product_tag-laborator-camera-curata","16":"product_tag-pustule","17":"product_tag-retinoizi","18":"product_tag-retinol","19":"product_tag-rozacee","20":"product_tag-tratamente-personalizate","21":"product_tag-tretinoin","23":"first","24":"outofstock","25":"shipping-taxable","26":"purchasable","27":"product-type-simple"},"_links":{"self":[{"href":"https:\/\/farmaciacrisia.ro\/fr\/wp-json\/wp\/v2\/product\/16853","targetHints":{"allow":["GET"]}}],"collection":[{"href":"https:\/\/farmaciacrisia.ro\/fr\/wp-json\/wp\/v2\/product"}],"about":[{"href":"https:\/\/farmaciacrisia.ro\/fr\/wp-json\/wp\/v2\/types\/product"}],"version-history":[{"count":11,"href":"https:\/\/farmaciacrisia.ro\/fr\/wp-json\/wp\/v2\/product\/16853\/revisions"}],"predecessor-version":[{"id":20714,"href":"https:\/\/farmaciacrisia.ro\/fr\/wp-json\/wp\/v2\/product\/16853\/revisions\/20714"}],"wp:featuredmedia":[{"embeddable":true,"href":"https:\/\/farmaciacrisia.ro\/fr\/wp-json\/wp\/v2\/media\/16840"}],"wp:attachment":[{"href":"https:\/\/farmaciacrisia.ro\/fr\/wp-json\/wp\/v2\/media?parent=16853"}],"wp:term":[{"taxonomy":"product_brand","embeddable":true,"href":"https:\/\/farmaciacrisia.ro\/fr\/wp-json\/wp\/v2\/product_brand?post=16853"},{"taxonomy":"product_cat","embeddable":true,"href":"https:\/\/farmaciacrisia.ro\/fr\/wp-json\/wp\/v2\/product_cat?post=16853"},{"taxonomy":"product_tag","embeddable":true,"href":"https:\/\/farmaciacrisia.ro\/fr\/wp-json\/wp\/v2\/product_tag?post=16853"}],"curies":[{"name":"wp","href":"https:\/\/api.w.org\/{rel}","templated":true}]}}