{"id":16860,"date":"2023-10-31T14:42:50","date_gmt":"2023-10-31T14:42:50","guid":{"rendered":"https:\/\/beta.farmaciacrisia.ro\/?post_type=product&#038;p=16860"},"modified":"2025-08-18T12:21:52","modified_gmt":"2025-08-18T12:21:52","slug":"spuma-cu-minoxidil-5-si-finasterida-0-5-50-ml","status":"publish","type":"product","link":"https:\/\/farmaciacrisia.ro\/fr\/produit\/spuma-cu-minoxidil-5-si-finasterida-0-5-50-ml\/","title":{"rendered":"MOUSSE AVEC MINOXIDIL 5% ET FINASTERIDE 0.5% 50 ML"},"content":{"rendered":"","protected":false},"excerpt":{"rendered":"<p><b>Mousse avec minoxidil 5% et finasteride 0.5% <\/b><b>pr\u00e9par\u00e9e au <strong>pr\u00e9paratoire\/laboratoire<\/strong> salle blanche, est principalement utilis\u00e9 pour l'alop\u00e9cie androg\u00e9nique.<\/b><\/p>\n<p>\u2713 Lors de la pr\u00e9paration de traitements personnalis\u00e9s, seules des substances actives de haute puret\u00e9 sont utilis\u00e9es, conform\u00e9ment aux normes RBPF (R\u00e8gles de Bonnes Pratiques Pharmaceutiques). L&#039;utilisation de m\u00e9dicaments standardis\u00e9s est exclue de ce processus de pr\u00e9paration.<\/p>\n<p><strong>Il n'est d\u00e9livr\u00e9 que sur la base d'une prescription m\u00e9dicale qui sera telecharg\u00e9e lors de la finalisation de la commande !<\/strong><\/p>\n<p>&nbsp;<\/p>","protected":false},"featured_media":16857,"template":"","meta":[],"product_brand":[],"product_cat":[83,77,112],"product_tag":[113,91,87,82,86,81],"class_list":{"0":"post-16860","1":"product","2":"type-product","3":"status-publish","4":"has-post-thumbnail","6":"product_cat-alopecie","7":"product_cat-dermatologie","8":"product_cat-spuma-dermatologie","9":"product_tag-alopecie","10":"product_tag-creme-si-geluri","11":"product_tag-finasterida","12":"product_tag-laborator-camera-curata","13":"product_tag-minoxidil","14":"product_tag-tratamente-personalizate","16":"first","17":"outofstock","18":"shipping-taxable","19":"purchasable","20":"product-type-simple"},"_links":{"self":[{"href":"https:\/\/farmaciacrisia.ro\/fr\/wp-json\/wp\/v2\/product\/16860","targetHints":{"allow":["GET"]}}],"collection":[{"href":"https:\/\/farmaciacrisia.ro\/fr\/wp-json\/wp\/v2\/product"}],"about":[{"href":"https:\/\/farmaciacrisia.ro\/fr\/wp-json\/wp\/v2\/types\/product"}],"version-history":[{"count":8,"href":"https:\/\/farmaciacrisia.ro\/fr\/wp-json\/wp\/v2\/product\/16860\/revisions"}],"predecessor-version":[{"id":20612,"href":"https:\/\/farmaciacrisia.ro\/fr\/wp-json\/wp\/v2\/product\/16860\/revisions\/20612"}],"wp:featuredmedia":[{"embeddable":true,"href":"https:\/\/farmaciacrisia.ro\/fr\/wp-json\/wp\/v2\/media\/16857"}],"wp:attachment":[{"href":"https:\/\/farmaciacrisia.ro\/fr\/wp-json\/wp\/v2\/media?parent=16860"}],"wp:term":[{"taxonomy":"product_brand","embeddable":true,"href":"https:\/\/farmaciacrisia.ro\/fr\/wp-json\/wp\/v2\/product_brand?post=16860"},{"taxonomy":"product_cat","embeddable":true,"href":"https:\/\/farmaciacrisia.ro\/fr\/wp-json\/wp\/v2\/product_cat?post=16860"},{"taxonomy":"product_tag","embeddable":true,"href":"https:\/\/farmaciacrisia.ro\/fr\/wp-json\/wp\/v2\/product_tag?post=16860"}],"curies":[{"name":"wp","href":"https:\/\/api.w.org\/{rel}","templated":true}]}}