{"id":16862,"date":"2023-10-31T14:42:50","date_gmt":"2023-10-31T14:42:50","guid":{"rendered":"https:\/\/beta.farmaciacrisia.ro\/?post_type=product&#038;p=16862"},"modified":"2025-08-18T12:23:53","modified_gmt":"2025-08-18T12:23:53","slug":"spuma-cu-minoxidil-si-clobetasol","status":"publish","type":"product","link":"https:\/\/farmaciacrisia.ro\/fr\/produit\/spuma-cu-minoxidil-si-clobetasol\/","title":{"rendered":"MOUSSE AU MINOXIDIL 5% ET PROPIONATE DE CLOBETASOL 0.05% 50 ML"},"content":{"rendered":"","protected":false},"excerpt":{"rendered":"<p><b>La mousse au minoxidil 5% et propionate de clob\u00e9tasol 0,05% pr\u00e9par\u00e9e au <strong>pr\u00e9paratoire\/laboratoire<\/strong> salle blanche, est principalement utilis\u00e9 pour l'alop\u00e9cie areata et le lichen plan pilaire.<\/b><\/p>\n<p>\u2713 Lors de la pr\u00e9paration des formules principales, seules des substances actives de haute puret\u00e9 sont utilis\u00e9es, conform\u00e9ment aux normes RBPF (R\u00e8gles de Bonnes Pratiques Pharmaceutiques). L&#039;utilisation de m\u00e9dicaments standardis\u00e9s est exclue de ce processus de pr\u00e9paration.<\/p>\n<p><strong>Il n'est d\u00e9livr\u00e9 que sur la base d'une prescription m\u00e9dicale qui sera telecharg\u00e9e lors de la finalisation de la commande !<\/strong><\/p>","protected":false},"featured_media":16857,"template":"","meta":[],"product_brand":[],"product_cat":[83,77,49,112],"product_tag":[113,114,115,91,82,86,81],"class_list":{"0":"post-16862","1":"product","2":"type-product","3":"status-publish","4":"has-post-thumbnail","6":"product_cat-alopecie","7":"product_cat-dermatologie","8":"product_cat-patologii-dermatologie","9":"product_cat-spuma-dermatologie","10":"product_tag-alopecie","11":"product_tag-clobetasol","12":"product_tag-clobetasol-propionat","13":"product_tag-creme-si-geluri","14":"product_tag-laborator-camera-curata","15":"product_tag-minoxidil","16":"product_tag-tratamente-personalizate","18":"first","19":"outofstock","20":"shipping-taxable","21":"purchasable","22":"product-type-simple"},"_links":{"self":[{"href":"https:\/\/farmaciacrisia.ro\/fr\/wp-json\/wp\/v2\/product\/16862","targetHints":{"allow":["GET"]}}],"collection":[{"href":"https:\/\/farmaciacrisia.ro\/fr\/wp-json\/wp\/v2\/product"}],"about":[{"href":"https:\/\/farmaciacrisia.ro\/fr\/wp-json\/wp\/v2\/types\/product"}],"version-history":[{"count":9,"href":"https:\/\/farmaciacrisia.ro\/fr\/wp-json\/wp\/v2\/product\/16862\/revisions"}],"predecessor-version":[{"id":20614,"href":"https:\/\/farmaciacrisia.ro\/fr\/wp-json\/wp\/v2\/product\/16862\/revisions\/20614"}],"wp:featuredmedia":[{"embeddable":true,"href":"https:\/\/farmaciacrisia.ro\/fr\/wp-json\/wp\/v2\/media\/16857"}],"wp:attachment":[{"href":"https:\/\/farmaciacrisia.ro\/fr\/wp-json\/wp\/v2\/media?parent=16862"}],"wp:term":[{"taxonomy":"product_brand","embeddable":true,"href":"https:\/\/farmaciacrisia.ro\/fr\/wp-json\/wp\/v2\/product_brand?post=16862"},{"taxonomy":"product_cat","embeddable":true,"href":"https:\/\/farmaciacrisia.ro\/fr\/wp-json\/wp\/v2\/product_cat?post=16862"},{"taxonomy":"product_tag","embeddable":true,"href":"https:\/\/farmaciacrisia.ro\/fr\/wp-json\/wp\/v2\/product_tag?post=16862"}],"curies":[{"name":"wp","href":"https:\/\/api.w.org\/{rel}","templated":true}]}}