{"id":16865,"date":"2023-08-09T10:11:09","date_gmt":"2023-08-09T10:11:09","guid":{"rendered":"https:\/\/beta.farmaciacrisia.ro\/?post_type=product&#038;p=16865"},"modified":"2025-08-18T15:32:02","modified_gmt":"2025-08-18T15:32:02","slug":"ovule-cu-sinecatechine-25-mg-10-ovule","status":"publish","type":"product","link":"https:\/\/farmaciacrisia.ro\/fr\/produit\/ovule-cu-sinecatechine-25-mg-10-ovule\/","title":{"rendered":"SINECATECHINE 25 MG 10 \u0152UFS"},"content":{"rendered":"","protected":false},"excerpt":{"rendered":"<p><b>Les ovules de sin\u00e9cat\u00e9chine 25 mg sont des pr\u00e9parations pharmaceutiques de <strong>pr\u00e9paratoire\/laboratoire<\/strong>\u00a0principalement utilis\u00e9 pour le VPH et les verrues g\u00e9nitales, anales ou p\u00e9rianales.<\/b><\/p>\n<p>\u2713 Lors de la pr\u00e9paration de traitements personnalis\u00e9s, seules des substances actives de haute puret\u00e9 sont utilis\u00e9es, conform\u00e9ment aux normes RBPF (R\u00e8gles de Bonnes Pratiques Pharmaceutiques). L&#039;utilisation de m\u00e9dicaments standardis\u00e9s est exclue de ce processus de pr\u00e9paration.<\/p>\n<p><strong>Il n'est d\u00e9livr\u00e9 que sur la base d'une prescription m\u00e9dicale qui sera telecharg\u00e9e lors de la finalisation de la commande !<\/strong><\/p>","protected":false},"featured_media":17507,"template":"","meta":[],"product_brand":[],"product_cat":[117,110,121,120],"product_tag":[406,123,404,82,146,488,124,401,81,403,405,402,122,491],"class_list":{"0":"post-16865","1":"product","2":"type-product","3":"status-publish","4":"has-post-thumbnail","6":"product_cat-forme-farmaceutice-ginecologie","7":"product_cat-ginecologie","8":"product_cat-hpv","9":"product_cat-ovule-ginecologie","10":"product_tag-condiloame-genitale","11":"product_tag-hpv","12":"product_tag-human-papilloma-virus","13":"product_tag-laborator-camera-curata","14":"product_tag-ovule","15":"product_tag-ovule-hpv","16":"product_tag-sincatechine","17":"product_tag-tratament-hpv","18":"product_tag-tratamente-personalizate","19":"product_tag-tratare-hpv","20":"product_tag-trateaza-hpv","21":"product_tag-tulpini-hpv","22":"product_tag-veregen","23":"product_tag-veregen-hpv","25":"first","26":"outofstock","27":"shipping-taxable","28":"purchasable","29":"product-type-simple"},"_links":{"self":[{"href":"https:\/\/farmaciacrisia.ro\/fr\/wp-json\/wp\/v2\/product\/16865","targetHints":{"allow":["GET"]}}],"collection":[{"href":"https:\/\/farmaciacrisia.ro\/fr\/wp-json\/wp\/v2\/product"}],"about":[{"href":"https:\/\/farmaciacrisia.ro\/fr\/wp-json\/wp\/v2\/types\/product"}],"version-history":[{"count":12,"href":"https:\/\/farmaciacrisia.ro\/fr\/wp-json\/wp\/v2\/product\/16865\/revisions"}],"predecessor-version":[{"id":20708,"href":"https:\/\/farmaciacrisia.ro\/fr\/wp-json\/wp\/v2\/product\/16865\/revisions\/20708"}],"wp:featuredmedia":[{"embeddable":true,"href":"https:\/\/farmaciacrisia.ro\/fr\/wp-json\/wp\/v2\/media\/17507"}],"wp:attachment":[{"href":"https:\/\/farmaciacrisia.ro\/fr\/wp-json\/wp\/v2\/media?parent=16865"}],"wp:term":[{"taxonomy":"product_brand","embeddable":true,"href":"https:\/\/farmaciacrisia.ro\/fr\/wp-json\/wp\/v2\/product_brand?post=16865"},{"taxonomy":"product_cat","embeddable":true,"href":"https:\/\/farmaciacrisia.ro\/fr\/wp-json\/wp\/v2\/product_cat?post=16865"},{"taxonomy":"product_tag","embeddable":true,"href":"https:\/\/farmaciacrisia.ro\/fr\/wp-json\/wp\/v2\/product_tag?post=16865"}],"curies":[{"name":"wp","href":"https:\/\/api.w.org\/{rel}","templated":true}]}}