{"id":16871,"date":"2023-08-09T11:36:57","date_gmt":"2023-08-09T11:36:57","guid":{"rendered":"https:\/\/beta.farmaciacrisia.ro\/?post_type=product&#038;p=16871"},"modified":"2025-08-18T15:29:22","modified_gmt":"2025-08-18T15:29:22","slug":"ovule-cu-estradiol-2-mg-10-ovule","status":"publish","type":"product","link":"https:\/\/farmaciacrisia.ro\/fr\/produit\/ovule-cu-estradiol-2-mg-10-ovule\/","title":{"rendered":"HORMONE BIOIDENTIQUE ESTRADIOL 2 MG 10 OVULES"},"content":{"rendered":"","protected":false},"excerpt":{"rendered":"<p><b>Les ovules avec \u0153stradiol h\u00e9mihydrat\u00e9 micronis\u00e9 (bioidentique) 2 mg pr\u00e9par\u00e9s au <strong>pr\u00e9paratoire\/laboratoire<\/strong> salle blanche principalement utilis\u00e9e pour la s\u00e9cheresse vaginale, la vaginite, la vaginose, la FIV et la carence en \u0153strog\u00e8nes.<\/b><\/p>\n<p>\u2713 Lors de la pr\u00e9paration des prescriptions magistrales, seules des substances actives de haute puret\u00e9 sont utilis\u00e9es, dans le respect des RBPF (R\u00e8gles de Bonnes Pratiques Pharmaceutiques). L'utilisation de m\u00e9dicaments standardis\u00e9s est exclue de ce processus de pr\u00e9paration.<\/p>\n<p><strong>Il n'est d\u00e9livr\u00e9 que sur la base d'une prescription m\u00e9dicale qui sera telecharg\u00e9e lors de la finalisation de la commande !<\/strong><\/p>","protected":false},"featured_media":17507,"template":"","meta":[],"product_brand":[],"product_cat":[137,117,110,120],"product_tag":[165,483,138,264,82,173,139,482,484,261,81,400,367,368],"class_list":{"0":"post-16871","1":"product","2":"type-product","3":"status-publish","4":"has-post-thumbnail","6":"product_cat-fiv","7":"product_cat-forme-farmaceutice-ginecologie","8":"product_cat-ginecologie","9":"product_cat-ovule-ginecologie","10":"product_tag-deficit-estrogenic","11":"product_tag-deficit-hormonal","12":"product_tag-fiv","13":"product_tag-hormoni-bioidentici","14":"product_tag-laborator-camera-curata","15":"product_tag-menopauza","16":"product_tag-ovule-cu-estradiol","17":"product_tag-pregatire-fiv","18":"product_tag-tratament-bioidentic","19":"product_tag-tratament-hormonal","20":"product_tag-tratamente-personalizate","21":"product_tag-uscaciune-vaginala","22":"product_tag-vaginite","23":"product_tag-vaginoze","25":"first","26":"outofstock","27":"shipping-taxable","28":"purchasable","29":"product-type-simple"},"_links":{"self":[{"href":"https:\/\/farmaciacrisia.ro\/fr\/wp-json\/wp\/v2\/product\/16871","targetHints":{"allow":["GET"]}}],"collection":[{"href":"https:\/\/farmaciacrisia.ro\/fr\/wp-json\/wp\/v2\/product"}],"about":[{"href":"https:\/\/farmaciacrisia.ro\/fr\/wp-json\/wp\/v2\/types\/product"}],"version-history":[{"count":10,"href":"https:\/\/farmaciacrisia.ro\/fr\/wp-json\/wp\/v2\/product\/16871\/revisions"}],"predecessor-version":[{"id":20704,"href":"https:\/\/farmaciacrisia.ro\/fr\/wp-json\/wp\/v2\/product\/16871\/revisions\/20704"}],"wp:featuredmedia":[{"embeddable":true,"href":"https:\/\/farmaciacrisia.ro\/fr\/wp-json\/wp\/v2\/media\/17507"}],"wp:attachment":[{"href":"https:\/\/farmaciacrisia.ro\/fr\/wp-json\/wp\/v2\/media?parent=16871"}],"wp:term":[{"taxonomy":"product_brand","embeddable":true,"href":"https:\/\/farmaciacrisia.ro\/fr\/wp-json\/wp\/v2\/product_brand?post=16871"},{"taxonomy":"product_cat","embeddable":true,"href":"https:\/\/farmaciacrisia.ro\/fr\/wp-json\/wp\/v2\/product_cat?post=16871"},{"taxonomy":"product_tag","embeddable":true,"href":"https:\/\/farmaciacrisia.ro\/fr\/wp-json\/wp\/v2\/product_tag?post=16871"}],"curies":[{"name":"wp","href":"https:\/\/api.w.org\/{rel}","templated":true}]}}