{"id":16874,"date":"2023-08-09T11:51:55","date_gmt":"2023-08-09T11:51:55","guid":{"rendered":"https:\/\/beta.farmaciacrisia.ro\/?post_type=product&#038;p=16874"},"modified":"2025-08-18T15:27:39","modified_gmt":"2025-08-18T15:27:39","slug":"ovule-cu-sildenafil-100-mg-10-ovule","status":"publish","type":"product","link":"https:\/\/farmaciacrisia.ro\/fr\/produit\/ovule-cu-sildenafil-100-mg-10-ovule\/","title":{"rendered":"SILDENAFIL 100 MG 10 OVULES"},"content":{"rendered":"","protected":false},"excerpt":{"rendered":"<p><b>Les ovules de sild\u00e9nafil  100 mg pr\u00e9par\u00e9s au <strong>pr\u00e9paratoire\/laboratoire<\/strong> salle blanche sont utilis\u00e9s pour soutenir la proc\u00e9dure de FIV.<\/b><\/p>\n<p>\u2713 Lors de la pr\u00e9paration des prescriptions magistrales, seules des substances actives de haute puret\u00e9 sont utilis\u00e9es, dans le respect des RBPF (R\u00e8gles de Bonnes Pratiques Pharmaceutiques). L'utilisation de m\u00e9dicaments standardis\u00e9s est exclue de ce processus de pr\u00e9paration.<\/p>\n<p><strong>Il n'est d\u00e9livr\u00e9 que sur la base d'une prescription m\u00e9dicale qui sera telecharg\u00e9e lors de la finalisation de la commande !<\/strong><\/p>","protected":false},"featured_media":17507,"template":"","meta":[],"product_brand":[],"product_cat":[137,117,110,120],"product_tag":[389,388,138,390,82,396,141,392,397,393,81,398],"class_list":{"0":"post-16874","1":"product","2":"type-product","3":"status-publish","4":"has-post-thumbnail","6":"product_cat-fiv","7":"product_cat-forme-farmaceutice-ginecologie","8":"product_cat-ginecologie","9":"product_cat-ovule-ginecologie","10":"product_tag-fertilizare","11":"product_tag-fertilizare-in-vitro","12":"product_tag-fiv","13":"product_tag-infertilitate","14":"product_tag-laborator-camera-curata","15":"product_tag-ovule-sildenafil","16":"product_tag-sildenafil","17":"product_tag-tratament-fertilizare","18":"product_tag-tratament-fiv","19":"product_tag-tratament-infertilitate","20":"product_tag-tratamente-personalizate","21":"product_tag-vascularizare-endometru","23":"first","24":"outofstock","25":"shipping-taxable","26":"purchasable","27":"product-type-simple"},"_links":{"self":[{"href":"https:\/\/farmaciacrisia.ro\/fr\/wp-json\/wp\/v2\/product\/16874","targetHints":{"allow":["GET"]}}],"collection":[{"href":"https:\/\/farmaciacrisia.ro\/fr\/wp-json\/wp\/v2\/product"}],"about":[{"href":"https:\/\/farmaciacrisia.ro\/fr\/wp-json\/wp\/v2\/types\/product"}],"version-history":[{"count":8,"href":"https:\/\/farmaciacrisia.ro\/fr\/wp-json\/wp\/v2\/product\/16874\/revisions"}],"predecessor-version":[{"id":20701,"href":"https:\/\/farmaciacrisia.ro\/fr\/wp-json\/wp\/v2\/product\/16874\/revisions\/20701"}],"wp:featuredmedia":[{"embeddable":true,"href":"https:\/\/farmaciacrisia.ro\/fr\/wp-json\/wp\/v2\/media\/17507"}],"wp:attachment":[{"href":"https:\/\/farmaciacrisia.ro\/fr\/wp-json\/wp\/v2\/media?parent=16874"}],"wp:term":[{"taxonomy":"product_brand","embeddable":true,"href":"https:\/\/farmaciacrisia.ro\/fr\/wp-json\/wp\/v2\/product_brand?post=16874"},{"taxonomy":"product_cat","embeddable":true,"href":"https:\/\/farmaciacrisia.ro\/fr\/wp-json\/wp\/v2\/product_cat?post=16874"},{"taxonomy":"product_tag","embeddable":true,"href":"https:\/\/farmaciacrisia.ro\/fr\/wp-json\/wp\/v2\/product_tag?post=16874"}],"curies":[{"name":"wp","href":"https:\/\/api.w.org\/{rel}","templated":true}]}}