{"id":16876,"date":"2023-08-09T14:23:39","date_gmt":"2023-08-09T14:23:39","guid":{"rendered":"https:\/\/beta.farmaciacrisia.ro\/?post_type=product&#038;p=16876"},"modified":"2025-08-18T15:26:29","modified_gmt":"2025-08-18T15:26:29","slug":"supozitoare-cu-progesteron-400mg-10-supozitoare","status":"publish","type":"product","link":"https:\/\/farmaciacrisia.ro\/fr\/produit\/supozitoare-cu-progesteron-400mg-10-supozitoare\/","title":{"rendered":"HORMONE BIOIDENTIQUE PROGEST\u00c9RONE 400 MG 10 SUPPOSITOIRES"},"content":{"rendered":"","protected":false},"excerpt":{"rendered":"<p><b>Les suppositoires de progest\u00e9rone <strong>micronis\u00e9e (bioidentique)<\/strong> 400 mg prepar\u00e9es au <strong>pr\u00e9paratoire\/laboratoire<\/strong> salle blanche sont principalement utilis\u00e9es pour r\u00e9tablir l'\u00e9quilibre hormonal, maintenir la grossesse et la FIV.<\/b><\/p>\n<p>\u2713 Lors de la pr\u00e9paration des prescriptions magistrales, seules des substances actives de haute puret\u00e9 sont utilis\u00e9es, dans le respect des RBPF (R\u00e8gles de Bonnes Pratiques Pharmaceutiques). L'utilisation de m\u00e9dicaments standardis\u00e9s est exclue de ce processus de pr\u00e9paration.<\/p>\n<p><strong>Il n'est d\u00e9livr\u00e9 que sur la base d'une prescription m\u00e9dicale qui sera telecharg\u00e9e lors de la finalisation de la commande !<\/strong><\/p>","protected":false},"featured_media":17507,"template":"","meta":[],"product_brand":[],"product_cat":[137,117,110,120],"product_tag":[389,388,138,390,82,363,143,364,391,362,144,81],"class_list":{"0":"post-16876","1":"product","2":"type-product","3":"status-publish","4":"has-post-thumbnail","6":"product_cat-fiv","7":"product_cat-forme-farmaceutice-ginecologie","8":"product_cat-ginecologie","9":"product_cat-ovule-ginecologie","10":"product_tag-fertilizare","11":"product_tag-fertilizare-in-vitro","12":"product_tag-fiv","13":"product_tag-infertilitate","14":"product_tag-laborator-camera-curata","15":"product_tag-mentinerea-sarcinii","16":"product_tag-progesteron","17":"product_tag-protectie-endometriala","18":"product_tag-protectie-endometru","19":"product_tag-restabilirea-echilibrului-hormonal","20":"product_tag-supozitoare-cu-progesteron","21":"product_tag-tratamente-personalizate","23":"first","24":"outofstock","25":"shipping-taxable","26":"purchasable","27":"product-type-simple"},"_links":{"self":[{"href":"https:\/\/farmaciacrisia.ro\/fr\/wp-json\/wp\/v2\/product\/16876","targetHints":{"allow":["GET"]}}],"collection":[{"href":"https:\/\/farmaciacrisia.ro\/fr\/wp-json\/wp\/v2\/product"}],"about":[{"href":"https:\/\/farmaciacrisia.ro\/fr\/wp-json\/wp\/v2\/types\/product"}],"version-history":[{"count":13,"href":"https:\/\/farmaciacrisia.ro\/fr\/wp-json\/wp\/v2\/product\/16876\/revisions"}],"predecessor-version":[{"id":20699,"href":"https:\/\/farmaciacrisia.ro\/fr\/wp-json\/wp\/v2\/product\/16876\/revisions\/20699"}],"wp:featuredmedia":[{"embeddable":true,"href":"https:\/\/farmaciacrisia.ro\/fr\/wp-json\/wp\/v2\/media\/17507"}],"wp:attachment":[{"href":"https:\/\/farmaciacrisia.ro\/fr\/wp-json\/wp\/v2\/media?parent=16876"}],"wp:term":[{"taxonomy":"product_brand","embeddable":true,"href":"https:\/\/farmaciacrisia.ro\/fr\/wp-json\/wp\/v2\/product_brand?post=16876"},{"taxonomy":"product_cat","embeddable":true,"href":"https:\/\/farmaciacrisia.ro\/fr\/wp-json\/wp\/v2\/product_cat?post=16876"},{"taxonomy":"product_tag","embeddable":true,"href":"https:\/\/farmaciacrisia.ro\/fr\/wp-json\/wp\/v2\/product_tag?post=16876"}],"curies":[{"name":"wp","href":"https:\/\/api.w.org\/{rel}","templated":true}]}}