{"id":16879,"date":"2023-08-10T08:37:07","date_gmt":"2023-08-10T08:37:07","guid":{"rendered":"https:\/\/beta.farmaciacrisia.ro\/?post_type=product&#038;p=16879"},"modified":"2025-08-18T15:24:46","modified_gmt":"2025-08-18T15:24:46","slug":"ovule-cu-clindamicina-fosfat-100-mg-10-ovule","status":"publish","type":"product","link":"https:\/\/farmaciacrisia.ro\/fr\/produit\/ovule-cu-clindamicina-fosfat-100-mg-10-ovule\/","title":{"rendered":"PHOSPHATE DE CLINDAMYCINE 100 MG 10 OVULES"},"content":{"rendered":"","protected":false},"excerpt":{"rendered":"<p><b>Les ovules avec 100 mg de phosphate de clindamycine pr\u00e9par\u00e9s au <strong>pr\u00e9paratoire\/laboratoire<\/strong> salle blance, sont principalement utilis\u00e9s pour la vaginite, la vaginose, les infections vaginales dues \u00e0 des bact\u00e9ries Gram-positives et la vulvite.\u00a0<\/b><\/p>\n<p>Le phosphate de clindamycine pr\u00e9par\u00e9 sous forme d'ovule est plus indiqu\u00e9 que le chlorhydrate de clindamycine en raison de sa solubilit\u00e9 dans l'eau, qui permet une lib\u00e9ration contr\u00f4l\u00e9e de la pr\u00e9paration dans la r\u00e9gion g\u00e9nitale. Cela facilite l'absorption locale efficace dans les tissus vaginaux, maximisant l'effet de l'antibiotique sur les infections bact\u00e9riennes sp\u00e9cifiques \u00e0 cette zone. Ainsi, la solubilit\u00e9 dans l'eau permet une distribution uniforme et une persistance plus longue de la clindamycine dans l'environnement local, ce qui contribue \u00e0 l'efficacit\u00e9 du traitement.<\/p>\n<p>\u2713 Lors de la pr\u00e9paration des prescriptions magistrales, seules des substances actives de haute puret\u00e9 sont utilis\u00e9es, dans le respect des RBPF (R\u00e8gles de Bonnes Pratiques Pharmaceutiques). L'utilisation de m\u00e9dicaments standardis\u00e9s est exclue de ce processus de pr\u00e9paration.<\/p>\n<p><strong>Il n'est d\u00e9livr\u00e9 que sur la base d'une prescription m\u00e9dicale qui sera telecharg\u00e9e lors de la finalisation de la commande !<\/strong><\/p>","protected":false},"featured_media":17507,"template":"","meta":[],"product_brand":[],"product_cat":[145,117,110,120],"product_tag":[424,477,152,156,153,473,151,82,146,154,81,155,367,368],"class_list":{"0":"post-16879","1":"product","2":"type-product","3":"status-publish","4":"has-post-thumbnail","6":"product_cat-antimicotice-antiinfectioase","7":"product_cat-forme-farmaceutice-ginecologie","8":"product_cat-ginecologie","9":"product_cat-ovule-ginecologie","10":"product_tag-antibacterian","11":"product_tag-antibiotic-vaginal","12":"product_tag-antiinfectioase","13":"product_tag-bacterii-gram-pozitive","14":"product_tag-clindamicina-fosfat","15":"product_tag-colpite","16":"product_tag-infectii-vaginale","17":"product_tag-laborator-camera-curata","18":"product_tag-ovule","19":"product_tag-ovule-cu-clindamicina","20":"product_tag-tratamente-personalizate","21":"product_tag-vaginita","22":"product_tag-vaginite","23":"product_tag-vaginoze","25":"first","26":"outofstock","27":"shipping-taxable","28":"purchasable","29":"product-type-simple"},"_links":{"self":[{"href":"https:\/\/farmaciacrisia.ro\/fr\/wp-json\/wp\/v2\/product\/16879","targetHints":{"allow":["GET"]}}],"collection":[{"href":"https:\/\/farmaciacrisia.ro\/fr\/wp-json\/wp\/v2\/product"}],"about":[{"href":"https:\/\/farmaciacrisia.ro\/fr\/wp-json\/wp\/v2\/types\/product"}],"version-history":[{"count":10,"href":"https:\/\/farmaciacrisia.ro\/fr\/wp-json\/wp\/v2\/product\/16879\/revisions"}],"predecessor-version":[{"id":20696,"href":"https:\/\/farmaciacrisia.ro\/fr\/wp-json\/wp\/v2\/product\/16879\/revisions\/20696"}],"wp:featuredmedia":[{"embeddable":true,"href":"https:\/\/farmaciacrisia.ro\/fr\/wp-json\/wp\/v2\/media\/17507"}],"wp:attachment":[{"href":"https:\/\/farmaciacrisia.ro\/fr\/wp-json\/wp\/v2\/media?parent=16879"}],"wp:term":[{"taxonomy":"product_brand","embeddable":true,"href":"https:\/\/farmaciacrisia.ro\/fr\/wp-json\/wp\/v2\/product_brand?post=16879"},{"taxonomy":"product_cat","embeddable":true,"href":"https:\/\/farmaciacrisia.ro\/fr\/wp-json\/wp\/v2\/product_cat?post=16879"},{"taxonomy":"product_tag","embeddable":true,"href":"https:\/\/farmaciacrisia.ro\/fr\/wp-json\/wp\/v2\/product_tag?post=16879"}],"curies":[{"name":"wp","href":"https:\/\/api.w.org\/{rel}","templated":true}]}}