{"id":16880,"date":"2023-08-10T08:41:42","date_gmt":"2023-08-10T08:41:42","guid":{"rendered":"https:\/\/beta.farmaciacrisia.ro\/?post_type=product&#038;p=16880"},"modified":"2025-08-18T15:23:31","modified_gmt":"2025-08-18T15:23:31","slug":"sulfatiazol-300-mg-metronidazol-500-mg-acid-boric-50-mg-nistatin-100-mg-vitamina-a-25-000-ui-10-ovule-mixte","status":"publish","type":"product","link":"https:\/\/farmaciacrisia.ro\/fr\/produit\/sulfatiazol-300-mg-metronidazol-500-mg-acid-boric-50-mg-nistatin-100-mg-vitamina-a-25-000-ui-10-ovule-mixte\/","title":{"rendered":"SULFATHIAZOLE 300 MG, M\u00c9TRONIDAZOLE 500 MG, ACIDE BORIQUE 50 MG, NYSTATINE 100 MG, VITAMINE A 25.000 UI 10 OVULES MIXTES"},"content":{"rendered":"","protected":false},"excerpt":{"rendered":"<p><b>Les ovules mixtes avec sulfathiazole 300mg, m\u00e9tronidazole 500mg, acide borique 50mg, nystatine 100mg, vitamine A pr\u00e9par\u00e9s au <strong>pr\u00e9paratoire\/laboratoire<\/strong> salle blanche, sont principalement utilis\u00e9s pour la vaginite, la vaginose, la candidose vaginale et les infections de l'appareil reproducteur.<\/b><\/p>\n<p>\u2713 Lors de la pr\u00e9paration des prescriptions magistrales, seules des substances actives de haute puret\u00e9 sont utilis\u00e9es, dans le respect des RBPF (R\u00e8gles de Bonnes Pratiques Pharmaceutiques). L'utilisation de m\u00e9dicaments standardis\u00e9s est exclue de ce processus de pr\u00e9paration.<\/p>\n<p><strong>Il n'est d\u00e9livr\u00e9 que sur la base d'une prescription m\u00e9dicale qui sera telecharg\u00e9e lors de la finalisation de la commande !<\/strong><\/p>","protected":false},"featured_media":17507,"template":"","meta":[],"product_brand":[],"product_cat":[145,117,110,120],"product_tag":[158,152,369,473,476,370,82,474,157,159,146,380,81,475,367,368,130],"class_list":{"0":"post-16880","1":"product","2":"type-product","3":"status-publish","4":"has-post-thumbnail","6":"product_cat-antimicotice-antiinfectioase","7":"product_cat-forme-farmaceutice-ginecologie","8":"product_cat-ginecologie","9":"product_cat-ovule-ginecologie","10":"product_tag-acid-boric","11":"product_tag-antiinfectioase","12":"product_tag-candidoze-vaginale","13":"product_tag-colpite","14":"product_tag-disconfort-vaginal","15":"product_tag-infectii-la-nivelul-aparatului-reproductiv","16":"product_tag-laborator-camera-curata","17":"product_tag-mancarimi-vaginale","18":"product_tag-metronidazol","19":"product_tag-nistatin","20":"product_tag-ovule","21":"product_tag-prurit-vaginal","22":"product_tag-tratamente-personalizate","23":"product_tag-usturimi-vaginale","24":"product_tag-vaginite","25":"product_tag-vaginoze","26":"product_tag-vitamina-a","28":"first","29":"outofstock","30":"shipping-taxable","31":"purchasable","32":"product-type-simple"},"_links":{"self":[{"href":"https:\/\/farmaciacrisia.ro\/fr\/wp-json\/wp\/v2\/product\/16880","targetHints":{"allow":["GET"]}}],"collection":[{"href":"https:\/\/farmaciacrisia.ro\/fr\/wp-json\/wp\/v2\/product"}],"about":[{"href":"https:\/\/farmaciacrisia.ro\/fr\/wp-json\/wp\/v2\/types\/product"}],"version-history":[{"count":8,"href":"https:\/\/farmaciacrisia.ro\/fr\/wp-json\/wp\/v2\/product\/16880\/revisions"}],"predecessor-version":[{"id":20695,"href":"https:\/\/farmaciacrisia.ro\/fr\/wp-json\/wp\/v2\/product\/16880\/revisions\/20695"}],"wp:featuredmedia":[{"embeddable":true,"href":"https:\/\/farmaciacrisia.ro\/fr\/wp-json\/wp\/v2\/media\/17507"}],"wp:attachment":[{"href":"https:\/\/farmaciacrisia.ro\/fr\/wp-json\/wp\/v2\/media?parent=16880"}],"wp:term":[{"taxonomy":"product_brand","embeddable":true,"href":"https:\/\/farmaciacrisia.ro\/fr\/wp-json\/wp\/v2\/product_brand?post=16880"},{"taxonomy":"product_cat","embeddable":true,"href":"https:\/\/farmaciacrisia.ro\/fr\/wp-json\/wp\/v2\/product_cat?post=16880"},{"taxonomy":"product_tag","embeddable":true,"href":"https:\/\/farmaciacrisia.ro\/fr\/wp-json\/wp\/v2\/product_tag?post=16880"}],"curies":[{"name":"wp","href":"https:\/\/api.w.org\/{rel}","templated":true}]}}