{"id":16881,"date":"2023-08-10T08:47:48","date_gmt":"2023-08-10T08:47:48","guid":{"rendered":"https:\/\/beta.farmaciacrisia.ro\/?post_type=product&#038;p=16881"},"modified":"2025-08-18T15:23:02","modified_gmt":"2025-08-18T15:23:02","slug":"ovule-cu-dhea-5-mg-28-ovule","status":"publish","type":"product","link":"https:\/\/farmaciacrisia.ro\/fr\/produit\/ovule-cu-dhea-5-mg-28-ovule\/","title":{"rendered":"HORMONE BIOIDENTIQUE DHEA 6.5 MG 28 OVULES"},"content":{"rendered":"","protected":false},"excerpt":{"rendered":"<p><b>Les ovules \u00e0 base de DHEA micronis\u00e9e (bioidentique) 6,5 mg pr\u00e9par\u00e9s au <strong>pr\u00e9paratoire\/laboratoire<\/strong> salle blanche sont principalement utilis\u00e9s pour la carence en \u0153strog\u00e8nes, la m\u00e9nopause, la pr\u00e9m\u00e9nopause, l'atrophie vaginale, le prurit vulvaire et l'am\u00e9lioration de la libido.<\/b><\/p>\n<p>\u2713 Lors de la pr\u00e9paration des prescriptions magistrales, seules des substances actives de haute puret\u00e9 sont utilis\u00e9es, dans le respect des RBPF (R\u00e8gles de Bonnes Pratiques Pharmaceutiques). L'utilisation de m\u00e9dicaments standardis\u00e9s est exclue de ce processus de pr\u00e9paration.<\/p>\n<p><strong>Il n'est d\u00e9livr\u00e9 que sur la base d'une prescription m\u00e9dicale qui sera telecharg\u00e9e lors de la finalisation de la commande !<\/strong><\/p>","protected":false},"featured_media":17507,"template":"","meta":[],"product_brand":[],"product_cat":[119,117,110,120],"product_tag":[132,366,165,472,162,82,173,146,160,161,174,351,81],"class_list":{"0":"post-16881","1":"product","2":"type-product","3":"status-publish","4":"has-post-thumbnail","6":"product_cat-atrofie-vaginala","7":"product_cat-forme-farmaceutice-ginecologie","8":"product_cat-ginecologie","9":"product_cat-ovule-ginecologie","10":"product_tag-atrofie-vaginala","11":"product_tag-cresterea-libidoului","12":"product_tag-deficit-estrogenic","13":"product_tag-dihidroprasterona","14":"product_tag-intrarosa-ovule","15":"product_tag-laborator-camera-curata","16":"product_tag-menopauza","17":"product_tag-ovule","18":"product_tag-ovule-cu-dhea","19":"product_tag-prasterona","20":"product_tag-premenopauza","21":"product_tag-prurit-vulvar","22":"product_tag-tratamente-personalizate","24":"first","25":"outofstock","26":"shipping-taxable","27":"purchasable","28":"product-type-simple"},"_links":{"self":[{"href":"https:\/\/farmaciacrisia.ro\/fr\/wp-json\/wp\/v2\/product\/16881","targetHints":{"allow":["GET"]}}],"collection":[{"href":"https:\/\/farmaciacrisia.ro\/fr\/wp-json\/wp\/v2\/product"}],"about":[{"href":"https:\/\/farmaciacrisia.ro\/fr\/wp-json\/wp\/v2\/types\/product"}],"version-history":[{"count":12,"href":"https:\/\/farmaciacrisia.ro\/fr\/wp-json\/wp\/v2\/product\/16881\/revisions"}],"predecessor-version":[{"id":20694,"href":"https:\/\/farmaciacrisia.ro\/fr\/wp-json\/wp\/v2\/product\/16881\/revisions\/20694"}],"wp:featuredmedia":[{"embeddable":true,"href":"https:\/\/farmaciacrisia.ro\/fr\/wp-json\/wp\/v2\/media\/17507"}],"wp:attachment":[{"href":"https:\/\/farmaciacrisia.ro\/fr\/wp-json\/wp\/v2\/media?parent=16881"}],"wp:term":[{"taxonomy":"product_brand","embeddable":true,"href":"https:\/\/farmaciacrisia.ro\/fr\/wp-json\/wp\/v2\/product_brand?post=16881"},{"taxonomy":"product_cat","embeddable":true,"href":"https:\/\/farmaciacrisia.ro\/fr\/wp-json\/wp\/v2\/product_cat?post=16881"},{"taxonomy":"product_tag","embeddable":true,"href":"https:\/\/farmaciacrisia.ro\/fr\/wp-json\/wp\/v2\/product_tag?post=16881"}],"curies":[{"name":"wp","href":"https:\/\/api.w.org\/{rel}","templated":true}]}}