{"id":16885,"date":"2023-08-10T09:50:56","date_gmt":"2023-08-10T09:50:56","guid":{"rendered":"https:\/\/beta.farmaciacrisia.ro\/?post_type=product&#038;p=16885"},"modified":"2025-08-18T15:18:13","modified_gmt":"2025-08-18T15:18:13","slug":"progesteron-100-mg10-ovule","status":"publish","type":"product","link":"https:\/\/farmaciacrisia.ro\/fr\/produit\/progesteron-100-mg10-ovule\/","title":{"rendered":"HORMONE BIOIDENTIQUE PROGESTERONE 100 MG 10 OVULES"},"content":{"rendered":"","protected":false},"excerpt":{"rendered":"<p><b>Les ovules \u00e0 la progest\u00e9rone <strong>micronis\u00e9e (bioidentique) <\/strong>100mg pr\u00e9par\u00e9s au <strong>pr\u00e9paratoire\/laboratoire<\/strong> salle blanche sont principalement utilis\u00e9es pour le r\u00e9tablissement de l'\u00e9quilibre hormonal, le maintien de la grossesse et la FIV, mais aussi pour la protection de l'endom\u00e8tre dans les th\u00e9rapies hormonales combin\u00e9es.<\/b><\/p>\n<p>\u2713 Lors de la pr\u00e9paration des prescriptions magistrales, seules des substances actives de haute puret\u00e9 sont utilis\u00e9es, dans le respect des RBPF (R\u00e8gles de Bonnes Pratiques Pharmaceutiques). L'utilisation de m\u00e9dicaments standardis\u00e9s est exclue de ce processus de pr\u00e9paration.<\/p>\n<p><strong>Il n'est d\u00e9livr\u00e9 que sur la base d'une prescription m\u00e9dicale qui sera telecharg\u00e9e lors de la finalisation de la commande !<\/strong><\/p>","protected":false},"featured_media":17507,"template":"","meta":[],"product_brand":[],"product_cat":[119,137,117,110,120],"product_tag":[138,82,363,146,471,143,364,362,365],"class_list":{"0":"post-16885","1":"product","2":"type-product","3":"status-publish","4":"has-post-thumbnail","6":"product_cat-atrofie-vaginala","7":"product_cat-fiv","8":"product_cat-forme-farmaceutice-ginecologie","9":"product_cat-ginecologie","10":"product_cat-ovule-ginecologie","11":"product_tag-fiv","12":"product_tag-laborator-camera-curata","13":"product_tag-mentinerea-sarcinii","14":"product_tag-ovule","15":"product_tag-ovule-progesteron","16":"product_tag-progesteron","17":"product_tag-protectie-endometriala","18":"product_tag-restabilirea-echilibrului-hormonal","19":"product_tag-terapiile-cu-hormoni-combinate","21":"first","22":"outofstock","23":"shipping-taxable","24":"purchasable","25":"product-type-simple"},"_links":{"self":[{"href":"https:\/\/farmaciacrisia.ro\/fr\/wp-json\/wp\/v2\/product\/16885","targetHints":{"allow":["GET"]}}],"collection":[{"href":"https:\/\/farmaciacrisia.ro\/fr\/wp-json\/wp\/v2\/product"}],"about":[{"href":"https:\/\/farmaciacrisia.ro\/fr\/wp-json\/wp\/v2\/types\/product"}],"version-history":[{"count":12,"href":"https:\/\/farmaciacrisia.ro\/fr\/wp-json\/wp\/v2\/product\/16885\/revisions"}],"predecessor-version":[{"id":20691,"href":"https:\/\/farmaciacrisia.ro\/fr\/wp-json\/wp\/v2\/product\/16885\/revisions\/20691"}],"wp:featuredmedia":[{"embeddable":true,"href":"https:\/\/farmaciacrisia.ro\/fr\/wp-json\/wp\/v2\/media\/17507"}],"wp:attachment":[{"href":"https:\/\/farmaciacrisia.ro\/fr\/wp-json\/wp\/v2\/media?parent=16885"}],"wp:term":[{"taxonomy":"product_brand","embeddable":true,"href":"https:\/\/farmaciacrisia.ro\/fr\/wp-json\/wp\/v2\/product_brand?post=16885"},{"taxonomy":"product_cat","embeddable":true,"href":"https:\/\/farmaciacrisia.ro\/fr\/wp-json\/wp\/v2\/product_cat?post=16885"},{"taxonomy":"product_tag","embeddable":true,"href":"https:\/\/farmaciacrisia.ro\/fr\/wp-json\/wp\/v2\/product_tag?post=16885"}],"curies":[{"name":"wp","href":"https:\/\/api.w.org\/{rel}","templated":true}]}}