{"id":16888,"date":"2023-08-10T10:51:01","date_gmt":"2023-08-10T10:51:01","guid":{"rendered":"https:\/\/beta.farmaciacrisia.ro\/?post_type=product&#038;p=16888"},"modified":"2025-08-18T15:17:08","modified_gmt":"2025-08-18T15:17:08","slug":"promestriena-10-mg-si-clorchinaldol-200mg10-ovule","status":"publish","type":"product","link":"https:\/\/farmaciacrisia.ro\/fr\/produit\/promestriena-10-mg-si-clorchinaldol-200mg10-ovule\/","title":{"rendered":"PROMESTRIENE 10 MG ET CHLORCHINALDOL 200 MG 10 OVULES"},"content":{"rendered":"","protected":false},"excerpt":{"rendered":"<p><b>Les ovules contenant 10 mg de promestri\u00e8ne et 200 mg de chlorchinaldol pr\u00e9par\u00e9s au <strong>pr\u00e9paratoire\/laboratoire<\/strong> salle blanche sont principalement utilis\u00e9s pour les leucorrh\u00e9es, les v<\/b><strong>aginites par carence en \u0153strog\u00e8nes, vulvo-vaginite<\/strong><b>atrophie vaginale, dystrophie vulvo-cervico-vaginale, retard de cicatrisation post-partum et incontinence urinaire.<\/b><\/p>\n<p>\u2713 Lors de la pr\u00e9paration des prescriptions magistrales, seules des substances actives de haute puret\u00e9 sont utilis\u00e9es, dans le respect des RBPF (R\u00e8gles de Bonnes Pratiques Pharmaceutiques). L'utilisation de m\u00e9dicaments standardis\u00e9s est exclue de ce processus de pr\u00e9paration.<\/p>\n<p><strong>Il n'est d\u00e9livr\u00e9 que sur la base d'une prescription m\u00e9dicale qui sera telecharg\u00e9e lors de la finalisation de la commande !<\/strong><\/p>","protected":false},"featured_media":17507,"template":"","meta":[],"product_brand":[],"product_cat":[119,117,110,120],"product_tag":[132,359,361,360,356,133,357,358],"class_list":{"0":"post-16888","1":"product","2":"type-product","3":"status-publish","4":"has-post-thumbnail","6":"product_cat-atrofie-vaginala","7":"product_cat-forme-farmaceutice-ginecologie","8":"product_cat-ginecologie","9":"product_cat-ovule-ginecologie","10":"product_tag-atrofie-vaginala","11":"product_tag-distrofie-vulvo-cervico-vaginala","12":"product_tag-incontinenta-urinara","13":"product_tag-intarzierile-de-vindecare-post-partum","14":"product_tag-leucoree","15":"product_tag-promestriena","16":"product_tag-vaginite-cu-carenta-estrogenica","17":"product_tag-vulvo-vaginite","19":"first","20":"outofstock","21":"shipping-taxable","22":"purchasable","23":"product-type-simple"},"_links":{"self":[{"href":"https:\/\/farmaciacrisia.ro\/fr\/wp-json\/wp\/v2\/product\/16888","targetHints":{"allow":["GET"]}}],"collection":[{"href":"https:\/\/farmaciacrisia.ro\/fr\/wp-json\/wp\/v2\/product"}],"about":[{"href":"https:\/\/farmaciacrisia.ro\/fr\/wp-json\/wp\/v2\/types\/product"}],"version-history":[{"count":13,"href":"https:\/\/farmaciacrisia.ro\/fr\/wp-json\/wp\/v2\/product\/16888\/revisions"}],"predecessor-version":[{"id":20689,"href":"https:\/\/farmaciacrisia.ro\/fr\/wp-json\/wp\/v2\/product\/16888\/revisions\/20689"}],"wp:featuredmedia":[{"embeddable":true,"href":"https:\/\/farmaciacrisia.ro\/fr\/wp-json\/wp\/v2\/media\/17507"}],"wp:attachment":[{"href":"https:\/\/farmaciacrisia.ro\/fr\/wp-json\/wp\/v2\/media?parent=16888"}],"wp:term":[{"taxonomy":"product_brand","embeddable":true,"href":"https:\/\/farmaciacrisia.ro\/fr\/wp-json\/wp\/v2\/product_brand?post=16888"},{"taxonomy":"product_cat","embeddable":true,"href":"https:\/\/farmaciacrisia.ro\/fr\/wp-json\/wp\/v2\/product_cat?post=16888"},{"taxonomy":"product_tag","embeddable":true,"href":"https:\/\/farmaciacrisia.ro\/fr\/wp-json\/wp\/v2\/product_tag?post=16888"}],"curies":[{"name":"wp","href":"https:\/\/api.w.org\/{rel}","templated":true}]}}