{"id":16895,"date":"2023-08-18T09:53:15","date_gmt":"2023-08-18T09:53:15","guid":{"rendered":"https:\/\/beta.farmaciacrisia.ro\/?post_type=product&#038;p=16895"},"modified":"2025-09-16T10:03:51","modified_gmt":"2025-09-16T10:03:51","slug":"spray-nazal-cu-budesonida-64-mcg-puf-20-ml","status":"publish","type":"product","link":"https:\/\/farmaciacrisia.ro\/fr\/produit\/spray-nazal-cu-budesonida-64-mcg-puf-20-ml\/","title":{"rendered":"BUD\u00c9SONIDE 64 MCG\/DOSE 20 ML SPRAY NASAL"},"content":{"rendered":"","protected":false},"excerpt":{"rendered":"<p><b>Bud\u00e9sonide spray nasal 64 mcg\/puff <\/b><b>pr\u00e9par\u00e9e au <strong>pr\u00e9paratoire\/laboratoire<\/strong> salle blanche, est principalement utilis\u00e9 pour la rhinite chronique, la rhinite allergique et la rhinite vasomotrice.<\/b><\/p>\n<p>\u2713 Lors de la pr\u00e9paration des prescriptions magistrales, seules des substances actives de haute puret\u00e9 sont utilis\u00e9es, dans le respect des RBPF (R\u00e8gles de Bonnes Pratiques Pharmaceutiques). L'utilisation de m\u00e9dicaments standardis\u00e9s est exclue de ce processus de pr\u00e9paration.<\/p>\n<p><strong>Il n'est d\u00e9livr\u00e9 que sur la base d'une prescription m\u00e9dicale qui sera telecharg\u00e9e lors de la finalisation de la commande !<\/strong><\/p>","protected":false},"featured_media":18882,"template":"","meta":[],"product_brand":[],"product_cat":[176,172,177],"product_tag":[180,82,179,183,182,184,185,181,178,81],"class_list":{"0":"post-16895","1":"product","2":"type-product","3":"status-publish","4":"has-post-thumbnail","6":"product_cat-afectiuni-ale-tractului-respirator","7":"product_cat-orl","8":"product_cat-spray-uri-nazale","9":"product_tag-afectiuni-ale-tractului-respirator","10":"product_tag-laborator-camera-curata","11":"product_tag-orl","12":"product_tag-rinita","13":"product_tag-rinita-alergica","14":"product_tag-rinita-cronica","15":"product_tag-rinita-vasomotorie","16":"product_tag-sprai-nazal-cu-budesonida","17":"product_tag-spray-nazal","18":"product_tag-tratamente-personalizate","20":"first","21":"outofstock","22":"shipping-taxable","23":"purchasable","24":"product-type-simple"},"_links":{"self":[{"href":"https:\/\/farmaciacrisia.ro\/fr\/wp-json\/wp\/v2\/product\/16895","targetHints":{"allow":["GET"]}}],"collection":[{"href":"https:\/\/farmaciacrisia.ro\/fr\/wp-json\/wp\/v2\/product"}],"about":[{"href":"https:\/\/farmaciacrisia.ro\/fr\/wp-json\/wp\/v2\/types\/product"}],"version-history":[{"count":9,"href":"https:\/\/farmaciacrisia.ro\/fr\/wp-json\/wp\/v2\/product\/16895\/revisions"}],"predecessor-version":[{"id":20686,"href":"https:\/\/farmaciacrisia.ro\/fr\/wp-json\/wp\/v2\/product\/16895\/revisions\/20686"}],"wp:featuredmedia":[{"embeddable":true,"href":"https:\/\/farmaciacrisia.ro\/fr\/wp-json\/wp\/v2\/media\/18882"}],"wp:attachment":[{"href":"https:\/\/farmaciacrisia.ro\/fr\/wp-json\/wp\/v2\/media?parent=16895"}],"wp:term":[{"taxonomy":"product_brand","embeddable":true,"href":"https:\/\/farmaciacrisia.ro\/fr\/wp-json\/wp\/v2\/product_brand?post=16895"},{"taxonomy":"product_cat","embeddable":true,"href":"https:\/\/farmaciacrisia.ro\/fr\/wp-json\/wp\/v2\/product_cat?post=16895"},{"taxonomy":"product_tag","embeddable":true,"href":"https:\/\/farmaciacrisia.ro\/fr\/wp-json\/wp\/v2\/product_tag?post=16895"}],"curies":[{"name":"wp","href":"https:\/\/api.w.org\/{rel}","templated":true}]}}