{"id":16898,"date":"2023-08-18T10:50:17","date_gmt":"2023-08-18T10:50:17","guid":{"rendered":"https:\/\/beta.farmaciacrisia.ro\/?post_type=product&#038;p=16898"},"modified":"2026-02-10T09:15:08","modified_gmt":"2026-02-10T09:15:08","slug":"unguent-pentru-eritem-fesier-acut-50-g","status":"publish","type":"product","link":"https:\/\/farmaciacrisia.ro\/fr\/produit\/unguent-pentru-eritem-fesier-acut-50-g\/","title":{"rendered":"POMMADE POUR L'\u00c9RYTH\u00c8ME FESSIER AIGU 50 G"},"content":{"rendered":"","protected":false},"excerpt":{"rendered":"<p><b>La pommade pour l'\u00e9ryth\u00e8me fessier aigu pr\u00e9par\u00e9e au <strong>pr\u00e9paratoire\/laboratoire<\/strong> salle blanche est utilis\u00e9e pour les irritations locales, les plaies et les cro\u00fbtes.<\/b><\/p>\n<p>\u2713 Lors de la pr\u00e9paration des prescriptions magistrales, seules des substances actives de haute puret\u00e9 sont utilis\u00e9es, dans le respect des RBPF (R\u00e8gles de Bonnes Pratiques Pharmaceutiques). L'utilisation de m\u00e9dicaments standardis\u00e9s est exclue de ce processus de pr\u00e9paration.<\/p>\n<p><strong>Il n'est d\u00e9livr\u00e9 que sur la base d'une prescription m\u00e9dicale qui sera telecharg\u00e9e lors de la finalisation de la commande !<\/strong><\/p>","protected":false},"featured_media":19359,"template":"","meta":[],"product_brand":[],"product_cat":[187,89,77,195,186],"product_tag":[463,189,464,194,190,82,188,192,193,81,191],"class_list":{"0":"post-16898","1":"product","2":"type-product","3":"status-publish","4":"has-post-thumbnail","6":"product_cat-creme","7":"product_cat-creme-si-geluri-dermatologie","8":"product_cat-dermatologie","9":"product_cat-eritem-fesier","10":"product_cat-pediatrie","11":"product_tag-eczema-scutec","12":"product_tag-eritem-fesier","13":"product_tag-iritatie-bebelus","14":"product_tag-iritatie-fesiera","15":"product_tag-iritatie-scutec","16":"product_tag-laborator-camera-curata","17":"product_tag-pediatrie","18":"product_tag-tratament-escare","19":"product_tag-tratament-rani","20":"product_tag-tratamente-personalizate","21":"product_tag-unguent-fund-bebelus","23":"first","24":"outofstock","25":"shipping-taxable","26":"purchasable","27":"product-type-simple"},"_links":{"self":[{"href":"https:\/\/farmaciacrisia.ro\/fr\/wp-json\/wp\/v2\/product\/16898","targetHints":{"allow":["GET"]}}],"collection":[{"href":"https:\/\/farmaciacrisia.ro\/fr\/wp-json\/wp\/v2\/product"}],"about":[{"href":"https:\/\/farmaciacrisia.ro\/fr\/wp-json\/wp\/v2\/types\/product"}],"version-history":[{"count":7,"href":"https:\/\/farmaciacrisia.ro\/fr\/wp-json\/wp\/v2\/product\/16898\/revisions"}],"predecessor-version":[{"id":20685,"href":"https:\/\/farmaciacrisia.ro\/fr\/wp-json\/wp\/v2\/product\/16898\/revisions\/20685"}],"wp:featuredmedia":[{"embeddable":true,"href":"https:\/\/farmaciacrisia.ro\/fr\/wp-json\/wp\/v2\/media\/19359"}],"wp:attachment":[{"href":"https:\/\/farmaciacrisia.ro\/fr\/wp-json\/wp\/v2\/media?parent=16898"}],"wp:term":[{"taxonomy":"product_brand","embeddable":true,"href":"https:\/\/farmaciacrisia.ro\/fr\/wp-json\/wp\/v2\/product_brand?post=16898"},{"taxonomy":"product_cat","embeddable":true,"href":"https:\/\/farmaciacrisia.ro\/fr\/wp-json\/wp\/v2\/product_cat?post=16898"},{"taxonomy":"product_tag","embeddable":true,"href":"https:\/\/farmaciacrisia.ro\/fr\/wp-json\/wp\/v2\/product_tag?post=16898"}],"curies":[{"name":"wp","href":"https:\/\/api.w.org\/{rel}","templated":true}]}}