{"id":16906,"date":"2023-08-18T12:29:11","date_gmt":"2023-08-18T12:29:11","guid":{"rendered":"https:\/\/beta.farmaciacrisia.ro\/?post_type=product&#038;p=16906"},"modified":"2025-09-16T09:56:05","modified_gmt":"2025-09-16T09:56:05","slug":"solutie-pentru-aerosoli-cu-budesonida-1-mg-2-ml-20-ml","status":"publish","type":"product","link":"https:\/\/farmaciacrisia.ro\/fr\/produit\/solutie-pentru-aerosoli-cu-budesonida-1-mg-2-ml-20-ml\/","title":{"rendered":"BUD\u00c9SONIDE SOLUTION POUR INHALATION PAR N\u00c9BULISEUR 1 MG\/ 2 ML 20 ML"},"content":{"rendered":"","protected":false},"excerpt":{"rendered":"<p><b>Bud\u00e9sonide solution a\u00e9rosol 1mg\/ 2ml<\/b><strong> pr\u00e9par\u00e9e au laboratoire salle blanche est indiqu\u00e9e dans le traitement de l'asthme bronchique, de la laryngite, de la laryngite, de la laryngite simplex et de la bronchite.<\/strong><\/p>\n<p>\u2713 Lors de la pr\u00e9paration des prescriptions magistrales, seules des substances actives de haute puret\u00e9 sont utilis\u00e9es, dans le respect des RBPF (R\u00e8gles de Bonnes Pratiques Pharmaceutiques). L'utilisation de m\u00e9dicaments standardis\u00e9s est exclue de ce processus de pr\u00e9paration.<\/p>\n<p><strong>Il n'est d\u00e9livr\u00e9 que sur la base d'une prescription m\u00e9dicale qui sera telecharg\u00e9e lors de la finalisation de la commande !<\/strong><\/p>","protected":false},"featured_media":17251,"template":"","meta":[],"product_brand":[],"product_cat":[196,197,172,186],"product_tag":[199,200,312,311,299,198,460,82,313,318,461,201,188,310,315,316,462,290,317,314,81,459],"class_list":{"0":"post-16906","1":"product","2":"type-product","3":"status-publish","4":"has-post-thumbnail","6":"product_cat-aerosoli","7":"product_cat-aerosoli-pediatrie","8":"product_cat-orl","9":"product_cat-pediatrie","10":"product_tag-aerosoli","11":"product_tag-aerosoli-cu-budesonida","12":"product_tag-astm","13":"product_tag-bodinet","14":"product_tag-bronsita","15":"product_tag-busedonida","16":"product_tag-crize-de-tuse","17":"product_tag-laborator-camera-curata","18":"product_tag-laringite","19":"product_tag-nas-infundat-copii","20":"product_tag-nebulizator","21":"product_tag-orl-pediatrie","22":"product_tag-pediatrie","23":"product_tag-pulmicort","24":"product_tag-raceala-copii","25":"product_tag-respiratie-copii","26":"product_tag-solutie-aerosoli","27":"product_tag-solutie-nebulizator","28":"product_tag-sufocare-copii","29":"product_tag-traheobronsite","30":"product_tag-tratamente-personalizate","31":"product_tag-tuse","33":"first","34":"outofstock","35":"shipping-taxable","36":"purchasable","37":"product-type-simple"},"_links":{"self":[{"href":"https:\/\/farmaciacrisia.ro\/fr\/wp-json\/wp\/v2\/product\/16906","targetHints":{"allow":["GET"]}}],"collection":[{"href":"https:\/\/farmaciacrisia.ro\/fr\/wp-json\/wp\/v2\/product"}],"about":[{"href":"https:\/\/farmaciacrisia.ro\/fr\/wp-json\/wp\/v2\/types\/product"}],"version-history":[{"count":11,"href":"https:\/\/farmaciacrisia.ro\/fr\/wp-json\/wp\/v2\/product\/16906\/revisions"}],"predecessor-version":[{"id":20680,"href":"https:\/\/farmaciacrisia.ro\/fr\/wp-json\/wp\/v2\/product\/16906\/revisions\/20680"}],"wp:featuredmedia":[{"embeddable":true,"href":"https:\/\/farmaciacrisia.ro\/fr\/wp-json\/wp\/v2\/media\/17251"}],"wp:attachment":[{"href":"https:\/\/farmaciacrisia.ro\/fr\/wp-json\/wp\/v2\/media?parent=16906"}],"wp:term":[{"taxonomy":"product_brand","embeddable":true,"href":"https:\/\/farmaciacrisia.ro\/fr\/wp-json\/wp\/v2\/product_brand?post=16906"},{"taxonomy":"product_cat","embeddable":true,"href":"https:\/\/farmaciacrisia.ro\/fr\/wp-json\/wp\/v2\/product_cat?post=16906"},{"taxonomy":"product_tag","embeddable":true,"href":"https:\/\/farmaciacrisia.ro\/fr\/wp-json\/wp\/v2\/product_tag?post=16906"}],"curies":[{"name":"wp","href":"https:\/\/api.w.org\/{rel}","templated":true}]}}