{"id":16908,"date":"2023-08-18T12:31:49","date_gmt":"2023-08-18T12:31:49","guid":{"rendered":"https:\/\/beta.farmaciacrisia.ro\/?post_type=product&#038;p=16908"},"modified":"2025-09-16T09:54:57","modified_gmt":"2025-09-16T09:54:57","slug":"spray-nazal-cu-mupirocina-2-10-ml","status":"publish","type":"product","link":"https:\/\/farmaciacrisia.ro\/fr\/produit\/spray-nazal-cu-mupirocina-2-10-ml\/","title":{"rendered":"MUPIROCINE 2% SPRAY NASAL MUCOADHESIF 10 ML"},"content":{"rendered":"","protected":false},"excerpt":{"rendered":"<p><b>Le spray nasal \u00e0 la mupirocine 2% pr\u00e9par\u00e9 au <strong>pr\u00e9paratoire\/laboratoire<\/strong> salle blanche, est principalement utilis\u00e9 pour les infections nasales dues \u00e0 des micro-organismes sensibles, en particulier le staphylocoque dor\u00e9 r\u00e9sistant \u00e0 la m\u00e9thicilline (MRSA).<\/b><\/p>\n<p><b>Un forme gal\u00e9nique mucoadh\u00e9sive peut faciliter l'administration de la pr\u00e9paration en cr\u00e9ant un lien fort avec la muqueuse du corps, ce qui garantit une meilleure qualit\u00e9 de la pr\u00e9paration et en m\u00eame temps du traitement, tout en am\u00e9liorant l'exp\u00e9rience du patient.<\/b><\/p>\n<p>\u2713 Lors de la pr\u00e9paration des prescriptions magistrales, seules des substances actives de haute puret\u00e9 sont utilis\u00e9es, dans le respect des RBPF (R\u00e8gles de Bonnes Pratiques Pharmaceutiques). L'utilisation de m\u00e9dicaments standardis\u00e9s est exclue de ce processus de pr\u00e9paration.<\/p>\n<p><strong>Il n'est d\u00e9livr\u00e9 que sur la base d'une prescription m\u00e9dicale qui sera telecharg\u00e9e lors de la finalisation de la commande !<\/strong><\/p>","protected":false},"featured_media":18882,"template":"","meta":[],"product_brand":[],"product_cat":[176,172,186,202,177],"product_tag":[180,321,217,82,203,179,320,458,178,204,319,322,81,323],"class_list":{"0":"post-16908","1":"product","2":"type-product","3":"status-publish","4":"has-post-thumbnail","6":"product_cat-afectiuni-ale-tractului-respirator","7":"product_cat-orl","8":"product_cat-pediatrie","9":"product_cat-spray-uri-nazale-pediatrie","10":"product_cat-spray-uri-nazale","11":"product_tag-afectiuni-ale-tractului-respirator","12":"product_tag-antibiograma","13":"product_tag-bactroban","14":"product_tag-laborator-camera-curata","15":"product_tag-mupirocina","16":"product_tag-orl","17":"product_tag-rezistenta-stafilococ","18":"product_tag-spray-mucoadeziv","19":"product_tag-spray-nazal","20":"product_tag-spray-nazal-cu-mupirocina","21":"product_tag-stafilococ-auriu","22":"product_tag-stafilococ-meticilino-rezistent","23":"product_tag-tratamente-personalizate","24":"product_tag-viroze-respiratorii","26":"first","27":"outofstock","28":"shipping-taxable","29":"purchasable","30":"product-type-simple"},"_links":{"self":[{"href":"https:\/\/farmaciacrisia.ro\/fr\/wp-json\/wp\/v2\/product\/16908","targetHints":{"allow":["GET"]}}],"collection":[{"href":"https:\/\/farmaciacrisia.ro\/fr\/wp-json\/wp\/v2\/product"}],"about":[{"href":"https:\/\/farmaciacrisia.ro\/fr\/wp-json\/wp\/v2\/types\/product"}],"version-history":[{"count":9,"href":"https:\/\/farmaciacrisia.ro\/fr\/wp-json\/wp\/v2\/product\/16908\/revisions"}],"predecessor-version":[{"id":20679,"href":"https:\/\/farmaciacrisia.ro\/fr\/wp-json\/wp\/v2\/product\/16908\/revisions\/20679"}],"wp:featuredmedia":[{"embeddable":true,"href":"https:\/\/farmaciacrisia.ro\/fr\/wp-json\/wp\/v2\/media\/18882"}],"wp:attachment":[{"href":"https:\/\/farmaciacrisia.ro\/fr\/wp-json\/wp\/v2\/media?parent=16908"}],"wp:term":[{"taxonomy":"product_brand","embeddable":true,"href":"https:\/\/farmaciacrisia.ro\/fr\/wp-json\/wp\/v2\/product_brand?post=16908"},{"taxonomy":"product_cat","embeddable":true,"href":"https:\/\/farmaciacrisia.ro\/fr\/wp-json\/wp\/v2\/product_cat?post=16908"},{"taxonomy":"product_tag","embeddable":true,"href":"https:\/\/farmaciacrisia.ro\/fr\/wp-json\/wp\/v2\/product_tag?post=16908"}],"curies":[{"name":"wp","href":"https:\/\/api.w.org\/{rel}","templated":true}]}}