{"id":16913,"date":"2023-08-18T13:07:41","date_gmt":"2023-08-18T13:07:41","guid":{"rendered":"https:\/\/beta.farmaciacrisia.ro\/?post_type=product&#038;p=16913"},"modified":"2025-08-18T15:08:22","modified_gmt":"2025-08-18T15:08:22","slug":"unguent-nazal-mucoadeziv-cu-mupirocina-2-10-g","status":"publish","type":"product","link":"https:\/\/farmaciacrisia.ro\/fr\/produit\/unguent-nazal-mucoadeziv-cu-mupirocina-2-10-g\/","title":{"rendered":"MUPIROCINE 2 % POMMADE NASALE MUCOADHESIVE  10 G"},"content":{"rendered":"","protected":false},"excerpt":{"rendered":"<p><strong>La pommade nasale mucoadh\u00e9sive \u00e0 la mupirocine \u00e0 2 %, pr\u00e9par\u00e9e dans le laboratoire salle blanche, est principalement utilis\u00e9e pour les infections nasales dues \u00e0 des micro-organismes sensibles, en particulier le staphylocoque dor\u00e9 r\u00e9sistant \u00e0 la m\u00e9thicilline (MRSA).<\/strong><\/p>\n<p><b>Un forme gal\u00e9nique mucoadh\u00e9sive peut faciliter l'administration de la pr\u00e9paration en cr\u00e9ant un lien fort avec la muqueuse du corps, ce qui garantit une meilleure qualit\u00e9 de la pr\u00e9paration et en m\u00eame temps du traitement, tout en am\u00e9liorant l'exp\u00e9rience du patient.<\/b><\/p>\n<p><strong>La base d'incorporation utilis\u00e9e dans la pr\u00e9paration de ce traitement a fait l'objet d'\u00e9tudes cliniques et d'\u00e9valuations rh\u00e9ologiques de ses propri\u00e9t\u00e9s mucoadh\u00e9sives. <\/strong><\/p>\n<p>\u2713 Lors de la pr\u00e9paration des prescriptions magistrales, seules des substances actives de haute puret\u00e9 sont utilis\u00e9es, dans le respect des RBPF (R\u00e8gles de Bonnes Pratiques Pharmaceutiques). L'utilisation de m\u00e9dicaments standardis\u00e9s est exclue de ce processus de pr\u00e9paration.<\/p>\n<p><strong>Il n'est d\u00e9livr\u00e9 que sur la base d'une prescription m\u00e9dicale qui sera telecharg\u00e9e lors de la finalisation de la commande !<\/strong><\/p>","protected":false},"featured_media":16912,"template":"","meta":[],"product_brand":[],"product_cat":[176,213,212,172,186],"product_tag":[218,321,217,219,82,214,203,320,319,322,81,455,215,216,323],"class_list":{"0":"post-16913","1":"product","2":"type-product","3":"status-publish","4":"has-post-thumbnail","6":"product_cat-afectiuni-ale-tractului-respirator","7":"product_cat-creme-nazale-pediatrie","8":"product_cat-creme-nazale","9":"product_cat-orl","10":"product_cat-pediatrie","11":"product_tag-afectiuni-nazale","12":"product_tag-antibiograma","13":"product_tag-bactroban","14":"product_tag-infectii-nazale","15":"product_tag-laborator-camera-curata","16":"product_tag-mrsa","17":"product_tag-mupirocina","18":"product_tag-rezistenta-stafilococ","19":"product_tag-stafilococ-auriu","20":"product_tag-stafilococ-meticilino-rezistent","21":"product_tag-tratamente-personalizate","22":"product_tag-unguent-mucoadeziv","23":"product_tag-unguent-nazal","24":"product_tag-unguent-nazal-mupirocina","25":"product_tag-viroze-respiratorii","27":"first","28":"outofstock","29":"shipping-taxable","30":"purchasable","31":"product-type-simple"},"_links":{"self":[{"href":"https:\/\/farmaciacrisia.ro\/fr\/wp-json\/wp\/v2\/product\/16913","targetHints":{"allow":["GET"]}}],"collection":[{"href":"https:\/\/farmaciacrisia.ro\/fr\/wp-json\/wp\/v2\/product"}],"about":[{"href":"https:\/\/farmaciacrisia.ro\/fr\/wp-json\/wp\/v2\/types\/product"}],"version-history":[{"count":19,"href":"https:\/\/farmaciacrisia.ro\/fr\/wp-json\/wp\/v2\/product\/16913\/revisions"}],"predecessor-version":[{"id":20676,"href":"https:\/\/farmaciacrisia.ro\/fr\/wp-json\/wp\/v2\/product\/16913\/revisions\/20676"}],"wp:featuredmedia":[{"embeddable":true,"href":"https:\/\/farmaciacrisia.ro\/fr\/wp-json\/wp\/v2\/media\/16912"}],"wp:attachment":[{"href":"https:\/\/farmaciacrisia.ro\/fr\/wp-json\/wp\/v2\/media?parent=16913"}],"wp:term":[{"taxonomy":"product_brand","embeddable":true,"href":"https:\/\/farmaciacrisia.ro\/fr\/wp-json\/wp\/v2\/product_brand?post=16913"},{"taxonomy":"product_cat","embeddable":true,"href":"https:\/\/farmaciacrisia.ro\/fr\/wp-json\/wp\/v2\/product_cat?post=16913"},{"taxonomy":"product_tag","embeddable":true,"href":"https:\/\/farmaciacrisia.ro\/fr\/wp-json\/wp\/v2\/product_tag?post=16913"}],"curies":[{"name":"wp","href":"https:\/\/api.w.org\/{rel}","templated":true}]}}