{"id":16914,"date":"2023-08-18T13:10:43","date_gmt":"2023-08-18T13:10:43","guid":{"rendered":"https:\/\/beta.farmaciacrisia.ro\/?post_type=product&#038;p=16914"},"modified":"2025-01-07T20:49:29","modified_gmt":"2025-01-07T20:49:29","slug":"capsule-cu-nitrofurantoina-50-mg-10-capsule","status":"publish","type":"product","link":"https:\/\/farmaciacrisia.ro\/fr\/produit\/capsule-cu-nitrofurantoina-50-mg-10-capsule\/","title":{"rendered":"NITROFURANTO\u00cfNE 50 MG 10 G\u00c9LULES"},"content":{"rendered":"","protected":false},"excerpt":{"rendered":"<p><b>Nitrofuranto\u00efne 50 mg g\u00e9lules pr\u00e9par\u00e9es au <strong>pr\u00e9paratoire\/laboratoire<\/strong> salle blanche, sont principalement utilis\u00e9s pour<strong> les infections urinaires aigu\u00ebs, les infections urinaires r\u00e9currentes et leur prophylaxie.<\/strong><\/b><\/p>\n<p>\u2713 Lors de la pr\u00e9paration des prescriptions magistrales, seules des substances actives de haute puret\u00e9 sont utilis\u00e9es, dans le respect des RBPF (R\u00e8gles de Bonnes Pratiques Pharmaceutiques). L'utilisation de m\u00e9dicaments standardis\u00e9s est exclue de ce processus de pr\u00e9paration.<\/p>\n<p><strong>Il n'est d\u00e9livr\u00e9 que sur la base d'une prescription m\u00e9dicale qui sera telecharg\u00e9e lors de la finalisation de la commande !<\/strong><\/p>","protected":false},"featured_media":16800,"template":"","meta":[],"product_brand":[],"product_cat":[221,220],"product_tag":[80,223,82,222,81],"class_list":{"0":"post-16914","1":"product","2":"type-product","3":"status-publish","4":"has-post-thumbnail","6":"product_cat-capsule-urologie","7":"product_cat-urologie","8":"product_tag-capsule","9":"product_tag-infectii-urinare","10":"product_tag-laborator-camera-curata","11":"product_tag-nitrofurantoina","12":"product_tag-tratamente-personalizate","14":"first","15":"outofstock","16":"shipping-taxable","17":"purchasable","18":"product-type-simple"},"_links":{"self":[{"href":"https:\/\/farmaciacrisia.ro\/fr\/wp-json\/wp\/v2\/product\/16914","targetHints":{"allow":["GET"]}}],"collection":[{"href":"https:\/\/farmaciacrisia.ro\/fr\/wp-json\/wp\/v2\/product"}],"about":[{"href":"https:\/\/farmaciacrisia.ro\/fr\/wp-json\/wp\/v2\/types\/product"}],"version-history":[{"count":7,"href":"https:\/\/farmaciacrisia.ro\/fr\/wp-json\/wp\/v2\/product\/16914\/revisions"}],"predecessor-version":[{"id":19313,"href":"https:\/\/farmaciacrisia.ro\/fr\/wp-json\/wp\/v2\/product\/16914\/revisions\/19313"}],"wp:featuredmedia":[{"embeddable":true,"href":"https:\/\/farmaciacrisia.ro\/fr\/wp-json\/wp\/v2\/media\/16800"}],"wp:attachment":[{"href":"https:\/\/farmaciacrisia.ro\/fr\/wp-json\/wp\/v2\/media?parent=16914"}],"wp:term":[{"taxonomy":"product_brand","embeddable":true,"href":"https:\/\/farmaciacrisia.ro\/fr\/wp-json\/wp\/v2\/product_brand?post=16914"},{"taxonomy":"product_cat","embeddable":true,"href":"https:\/\/farmaciacrisia.ro\/fr\/wp-json\/wp\/v2\/product_cat?post=16914"},{"taxonomy":"product_tag","embeddable":true,"href":"https:\/\/farmaciacrisia.ro\/fr\/wp-json\/wp\/v2\/product_tag?post=16914"}],"curies":[{"name":"wp","href":"https:\/\/api.w.org\/{rel}","templated":true}]}}