{"id":16917,"date":"2023-08-18T13:21:32","date_gmt":"2023-08-18T13:21:32","guid":{"rendered":"https:\/\/beta.farmaciacrisia.ro\/?post_type=product&#038;p=16917"},"modified":"2025-08-18T15:07:07","modified_gmt":"2025-08-18T15:07:07","slug":"capsule-cu-acid-tranexamic-500-mg-12-capsule","status":"publish","type":"product","link":"https:\/\/farmaciacrisia.ro\/fr\/produit\/capsule-cu-acid-tranexamic-500-mg-12-capsule\/","title":{"rendered":"ACIDE TRANEXAMIQUE 500 MG 12 G\u00c9LULES"},"content":{"rendered":"","protected":false},"excerpt":{"rendered":"<p><strong>Les g\u00e9lules d'acide tranexamique 500 mg pr\u00e9par\u00e9es dans le laboratoire\/pr\u00e9paratoire salle blanche sont principalement utilis\u00e9es pour la pr\u00e9vention des saignements apr\u00e8s une intervention chirurgicale, la pr\u00e9vention des saignements apr\u00e8s une extraction dentaire chez les patients h\u00e9mophiles, dans le traitement et la prophylaxie des saignements associ\u00e9s \u00e0 une fibrinolyse excessive apr\u00e8s une prostatectomie, dans la m\u00e9norragie et dans l'\u0153d\u00e8me angioneurotique h\u00e9r\u00e9ditaire.\u00a0<\/strong><\/p>\n<p>\u2713 Lors de la pr\u00e9paration des prescriptions magistrales, seules des substances actives de haute puret\u00e9 sont utilis\u00e9es, dans le respect des RBPF (R\u00e8gles de Bonnes Pratiques Pharmaceutiques). L'utilisation de m\u00e9dicaments standardis\u00e9s est exclue de ce processus de pr\u00e9paration.<\/p>\n<p><strong>Il n'est d\u00e9livr\u00e9 que sur la base d'une prescription m\u00e9dicale qui sera telecharg\u00e9e lors de la finalisation de la commande !<\/strong><\/p>","protected":false},"featured_media":16800,"template":"","meta":[],"product_brand":[],"product_cat":[224,172],"product_tag":[80,225,227,228,82,226,81],"class_list":{"0":"post-16917","1":"product","2":"type-product","3":"status-publish","4":"has-post-thumbnail","6":"product_cat-capsule-orl","7":"product_cat-orl","8":"product_tag-capsule","9":"product_tag-capsule-cu-acid-tranexamic","10":"product_tag-capsule-orl","11":"product_tag-hemoragii-extractii-dentare","12":"product_tag-laborator-camera-curata","13":"product_tag-prevenirea-hemoragiilor","14":"product_tag-tratamente-personalizate","16":"first","17":"outofstock","18":"shipping-taxable","19":"purchasable","20":"product-type-simple"},"_links":{"self":[{"href":"https:\/\/farmaciacrisia.ro\/fr\/wp-json\/wp\/v2\/product\/16917","targetHints":{"allow":["GET"]}}],"collection":[{"href":"https:\/\/farmaciacrisia.ro\/fr\/wp-json\/wp\/v2\/product"}],"about":[{"href":"https:\/\/farmaciacrisia.ro\/fr\/wp-json\/wp\/v2\/types\/product"}],"version-history":[{"count":10,"href":"https:\/\/farmaciacrisia.ro\/fr\/wp-json\/wp\/v2\/product\/16917\/revisions"}],"predecessor-version":[{"id":20675,"href":"https:\/\/farmaciacrisia.ro\/fr\/wp-json\/wp\/v2\/product\/16917\/revisions\/20675"}],"wp:featuredmedia":[{"embeddable":true,"href":"https:\/\/farmaciacrisia.ro\/fr\/wp-json\/wp\/v2\/media\/16800"}],"wp:attachment":[{"href":"https:\/\/farmaciacrisia.ro\/fr\/wp-json\/wp\/v2\/media?parent=16917"}],"wp:term":[{"taxonomy":"product_brand","embeddable":true,"href":"https:\/\/farmaciacrisia.ro\/fr\/wp-json\/wp\/v2\/product_brand?post=16917"},{"taxonomy":"product_cat","embeddable":true,"href":"https:\/\/farmaciacrisia.ro\/fr\/wp-json\/wp\/v2\/product_cat?post=16917"},{"taxonomy":"product_tag","embeddable":true,"href":"https:\/\/farmaciacrisia.ro\/fr\/wp-json\/wp\/v2\/product_tag?post=16917"}],"curies":[{"name":"wp","href":"https:\/\/api.w.org\/{rel}","templated":true}]}}