{"id":16918,"date":"2023-08-18T13:28:39","date_gmt":"2023-08-18T13:28:39","guid":{"rendered":"https:\/\/beta.farmaciacrisia.ro\/?post_type=product&#038;p=16918"},"modified":"2026-02-10T09:00:45","modified_gmt":"2026-02-10T09:00:45","slug":"betametazona-fosfat-0-25-mg-60-capsule","status":"publish","type":"product","link":"https:\/\/farmaciacrisia.ro\/fr\/produit\/betametazona-fosfat-0-25-mg-60-capsule\/","title":{"rendered":"PHOSPHATE DE B\u00c9TAM\u00c9THASONE 0,25 MG 60 CAPSULES"},"content":{"rendered":"","protected":false},"excerpt":{"rendered":"<p><strong>Les g\u00e9lules de phosphate de b\u00e9tam\u00e9thasone 0,25 mg pr\u00e9par\u00e9es dans le laboratoire\/pr\u00e9paratoire salle blanche sont principalement utilis\u00e9es pour traiter l'asthme bronchique, les allergies, la polyarthrite rhumato\u00efde, le lupus \u00e9ryth\u00e9mateux diss\u00e9min\u00e9, les troubles inflammatoires de la peau, la pansinusite polyposique et le syndrome d'immunod\u00e9ficience acquise. <\/strong><span style=\"font-weight: 400;\"><strong>l'immunosuppression dans la transplantation.<\/strong>\u00a0<\/span><\/p>\n<p>\u2713 Lors de la pr\u00e9paration des prescriptions magistrales, seules des substances actives de haute puret\u00e9 sont utilis\u00e9es, dans le respect des RBPF (R\u00e8gles de Bonnes Pratiques Pharmaceutiques). L'utilisation de m\u00e9dicaments standardis\u00e9s est exclue de ce processus de pr\u00e9paration.<\/p>\n<p><strong>Il n'est d\u00e9livr\u00e9 que sur la base d'une prescription m\u00e9dicale qui sera telecharg\u00e9e lors de la finalisation de la commande !<\/strong><\/p>","protected":false},"featured_media":16800,"template":"","meta":[],"product_brand":[],"product_cat":[224,172],"product_tag":[230,231,229,80,227,235,82,232,234,81,233],"class_list":{"0":"post-16918","1":"product","2":"type-product","3":"status-publish","4":"has-post-thumbnail","6":"product_cat-capsule-orl","7":"product_cat-orl","8":"product_tag-alergii","9":"product_tag-artrita-reumatoida","10":"product_tag-astm-bronsic","11":"product_tag-capsule","12":"product_tag-capsule-orl","13":"product_tag-imunosupresia-in-transplant","14":"product_tag-laborator-camera-curata","15":"product_tag-lupus-eritematos-sistemic","16":"product_tag-pansinuzita-polipoasa","17":"product_tag-tratamente-personalizate","18":"product_tag-tulburari-inflamatorii-ale-pielii","20":"first","21":"outofstock","22":"shipping-taxable","23":"purchasable","24":"product-type-simple"},"_links":{"self":[{"href":"https:\/\/farmaciacrisia.ro\/fr\/wp-json\/wp\/v2\/product\/16918","targetHints":{"allow":["GET"]}}],"collection":[{"href":"https:\/\/farmaciacrisia.ro\/fr\/wp-json\/wp\/v2\/product"}],"about":[{"href":"https:\/\/farmaciacrisia.ro\/fr\/wp-json\/wp\/v2\/types\/product"}],"version-history":[{"count":10,"href":"https:\/\/farmaciacrisia.ro\/fr\/wp-json\/wp\/v2\/product\/16918\/revisions"}],"predecessor-version":[{"id":20674,"href":"https:\/\/farmaciacrisia.ro\/fr\/wp-json\/wp\/v2\/product\/16918\/revisions\/20674"}],"wp:featuredmedia":[{"embeddable":true,"href":"https:\/\/farmaciacrisia.ro\/fr\/wp-json\/wp\/v2\/media\/16800"}],"wp:attachment":[{"href":"https:\/\/farmaciacrisia.ro\/fr\/wp-json\/wp\/v2\/media?parent=16918"}],"wp:term":[{"taxonomy":"product_brand","embeddable":true,"href":"https:\/\/farmaciacrisia.ro\/fr\/wp-json\/wp\/v2\/product_brand?post=16918"},{"taxonomy":"product_cat","embeddable":true,"href":"https:\/\/farmaciacrisia.ro\/fr\/wp-json\/wp\/v2\/product_cat?post=16918"},{"taxonomy":"product_tag","embeddable":true,"href":"https:\/\/farmaciacrisia.ro\/fr\/wp-json\/wp\/v2\/product_tag?post=16918"}],"curies":[{"name":"wp","href":"https:\/\/api.w.org\/{rel}","templated":true}]}}