{"id":16978,"date":"2023-10-13T09:22:01","date_gmt":"2023-10-13T09:22:01","guid":{"rendered":"https:\/\/beta.farmaciacrisia.ro\/?post_type=product&#038;p=16978"},"modified":"2025-09-16T09:51:08","modified_gmt":"2025-09-16T09:51:08","slug":"urotropina-metenamina-500-mg-30-capsule","status":"publish","type":"product","link":"https:\/\/farmaciacrisia.ro\/fr\/produit\/urotropina-metenamina-500-mg-30-capsule\/","title":{"rendered":"UROTROPINE \/ M\u00c9T\u00c9NAMINE 500 MG 30 CAPSULES"},"content":{"rendered":"","protected":false},"excerpt":{"rendered":"<p><b>Les g\u00e9lules d'urotropine 500 mg sont des pr\u00e9parations pharmaceutiques principalement utilis\u00e9es pour la pr\u00e9vention de la cystite, pour r\u00e9duire la fr\u00e9quence d'obstruction des cath\u00e9ters et pour la bact\u00e9riurie asymptomatique.<\/b><\/p>\n<p>\u2713 Lors de la pr\u00e9paration des prescriptions magistrales, seules des substances actives de haute puret\u00e9 sont utilis\u00e9es, dans le respect des RBPF (R\u00e8gles de Bonnes Pratiques Pharmaceutiques). L'utilisation de m\u00e9dicaments standardis\u00e9s est exclue de ce processus de pr\u00e9paration.<\/p>\n<p><strong>Il n'est d\u00e9livr\u00e9 que sur la base d'une prescription m\u00e9dicale qui sera telecharg\u00e9e lors de la finalisation de la commande !<\/strong><\/p>","protected":false},"featured_media":16800,"template":"","meta":[],"product_brand":[],"product_cat":[221,220],"product_tag":[251,248,255,254,223,249,250,252,253],"class_list":{"0":"post-16978","1":"product","2":"type-product","3":"status-publish","4":"has-post-thumbnail","6":"product_cat-capsule-urologie","7":"product_cat-urologie","8":"product_tag-bacteriurie-asimptomatic","9":"product_tag-capsulecu-urotropina","10":"product_tag-cistita","11":"product_tag-infectie-urinara","12":"product_tag-infectii-urinare","13":"product_tag-metenamina","14":"product_tag-prevenirea-cistitei-recurente","15":"product_tag-reducerea-frecventei-de-blocare-a-cateterului","16":"product_tag-urologie","18":"first","19":"outofstock","20":"shipping-taxable","21":"purchasable","22":"product-type-simple"},"_links":{"self":[{"href":"https:\/\/farmaciacrisia.ro\/fr\/wp-json\/wp\/v2\/product\/16978","targetHints":{"allow":["GET"]}}],"collection":[{"href":"https:\/\/farmaciacrisia.ro\/fr\/wp-json\/wp\/v2\/product"}],"about":[{"href":"https:\/\/farmaciacrisia.ro\/fr\/wp-json\/wp\/v2\/types\/product"}],"version-history":[{"count":12,"href":"https:\/\/farmaciacrisia.ro\/fr\/wp-json\/wp\/v2\/product\/16978\/revisions"}],"predecessor-version":[{"id":19830,"href":"https:\/\/farmaciacrisia.ro\/fr\/wp-json\/wp\/v2\/product\/16978\/revisions\/19830"}],"wp:featuredmedia":[{"embeddable":true,"href":"https:\/\/farmaciacrisia.ro\/fr\/wp-json\/wp\/v2\/media\/16800"}],"wp:attachment":[{"href":"https:\/\/farmaciacrisia.ro\/fr\/wp-json\/wp\/v2\/media?parent=16978"}],"wp:term":[{"taxonomy":"product_brand","embeddable":true,"href":"https:\/\/farmaciacrisia.ro\/fr\/wp-json\/wp\/v2\/product_brand?post=16978"},{"taxonomy":"product_cat","embeddable":true,"href":"https:\/\/farmaciacrisia.ro\/fr\/wp-json\/wp\/v2\/product_cat?post=16978"},{"taxonomy":"product_tag","embeddable":true,"href":"https:\/\/farmaciacrisia.ro\/fr\/wp-json\/wp\/v2\/product_tag?post=16978"}],"curies":[{"name":"wp","href":"https:\/\/api.w.org\/{rel}","templated":true}]}}