{"id":16982,"date":"2023-10-13T09:55:48","date_gmt":"2023-10-13T09:55:48","guid":{"rendered":"https:\/\/beta.farmaciacrisia.ro\/?post_type=product&#038;p=16982"},"modified":"2025-08-18T15:02:24","modified_gmt":"2025-08-18T15:02:24","slug":"capsule-cu-estradiol-2-mg-si-progesteron-100-mg-10-cps-capsule-estradiol-2-mg-11-cps-cycloprogynova","status":"publish","type":"product","link":"https:\/\/farmaciacrisia.ro\/fr\/produit\/capsule-cu-estradiol-2-mg-si-progesteron-100-mg-10-cps-capsule-estradiol-2-mg-11-cps-cycloprogynova\/","title":{"rendered":"HORMONE BIOIDENTIQUE ESTRADIOL 2 MG ET PROGEST\u00c9RONE 100 MG (10 CPS) + ESTRADIOL 2 MG (11 G\u00c9LULES)"},"content":{"rendered":"","protected":false},"excerpt":{"rendered":"<p><strong>Les g\u00e9lules contenant de l'\u0153stradiol h\u00e9mihydrat\u00e9 micronis\u00e9 (bioidentique) 2 mg et de la progest\u00e9rone micronis\u00e9e (bioidentique) 100 mg (10 g\u00e9lules ) + g\u00e9lules d'\u0153stradiol micronis\u00e9 (bioidentique) 2 mg (11 g\u00e9lules)<\/strong><b> pr\u00e9par\u00e9es au <strong>pr\u00e9paratoire\/laboratoire<\/strong> salle blanche, <strong>sont principalement utilis\u00e9s pour corriger les sympt\u00f4mes de la carence en \u0153strog\u00e8nes chez les femmes p\u00e9rim\u00e9nopaus\u00e9es et postm\u00e9nopaus\u00e9es.<\/strong><\/b><\/p>\n<p>\u2713 Lors de la pr\u00e9paration des prescriptions magistrales, seules des substances actives de haute puret\u00e9 sont utilis\u00e9es, dans le respect des RBPF (R\u00e8gles de Bonnes Pratiques Pharmaceutiques). L'utilisation de m\u00e9dicaments standardis\u00e9s est exclue de ce processus de pr\u00e9paration.<\/p>\n<p><strong>Il n'est d\u00e9livr\u00e9 que sur la base d'une prescription m\u00e9dicale qui sera telecharg\u00e9e lors de la finalisation de la commande !<\/strong><\/p>","protected":false},"featured_media":16800,"template":"","meta":[],"product_brand":[],"product_cat":[267,266,110,256],"product_tag":[257,262,142,265,268,138,264,173,174,143,258,261],"class_list":{"0":"post-16982","1":"product","2":"type-product","3":"status-publish","4":"has-post-thumbnail","6":"product_cat-capsule-forme-farmaceutice-ginecologie","7":"product_cat-capsule-ginecologie","8":"product_cat-ginecologie","9":"product_cat-substitutie-hormonala-bhrt","10":"product_tag-bhrt","11":"product_tag-dezechilibre-hormonale","12":"product_tag-estradiol","13":"product_tag-estradiol-bioidentic","14":"product_tag-estradiol-si-progesteron","15":"product_tag-fiv","16":"product_tag-hormoni-bioidentici","17":"product_tag-menopauza","18":"product_tag-premenopauza","19":"product_tag-progesteron","20":"product_tag-substitutie-hormonala","21":"product_tag-tratament-hormonal","23":"first","24":"outofstock","25":"shipping-taxable","26":"purchasable","27":"product-type-simple"},"_links":{"self":[{"href":"https:\/\/farmaciacrisia.ro\/fr\/wp-json\/wp\/v2\/product\/16982","targetHints":{"allow":["GET"]}}],"collection":[{"href":"https:\/\/farmaciacrisia.ro\/fr\/wp-json\/wp\/v2\/product"}],"about":[{"href":"https:\/\/farmaciacrisia.ro\/fr\/wp-json\/wp\/v2\/types\/product"}],"version-history":[{"count":9,"href":"https:\/\/farmaciacrisia.ro\/fr\/wp-json\/wp\/v2\/product\/16982\/revisions"}],"predecessor-version":[{"id":19299,"href":"https:\/\/farmaciacrisia.ro\/fr\/wp-json\/wp\/v2\/product\/16982\/revisions\/19299"}],"wp:featuredmedia":[{"embeddable":true,"href":"https:\/\/farmaciacrisia.ro\/fr\/wp-json\/wp\/v2\/media\/16800"}],"wp:attachment":[{"href":"https:\/\/farmaciacrisia.ro\/fr\/wp-json\/wp\/v2\/media?parent=16982"}],"wp:term":[{"taxonomy":"product_brand","embeddable":true,"href":"https:\/\/farmaciacrisia.ro\/fr\/wp-json\/wp\/v2\/product_brand?post=16982"},{"taxonomy":"product_cat","embeddable":true,"href":"https:\/\/farmaciacrisia.ro\/fr\/wp-json\/wp\/v2\/product_cat?post=16982"},{"taxonomy":"product_tag","embeddable":true,"href":"https:\/\/farmaciacrisia.ro\/fr\/wp-json\/wp\/v2\/product_tag?post=16982"}],"curies":[{"name":"wp","href":"https:\/\/api.w.org\/{rel}","templated":true}]}}