{"id":17250,"date":"2023-11-08T15:48:07","date_gmt":"2023-11-08T15:48:07","guid":{"rendered":"https:\/\/farmaciacrisia.ro\/?post_type=product&#038;p=17250"},"modified":"2025-09-16T09:50:11","modified_gmt":"2025-09-16T09:50:11","slug":"solutie-pentru-aerosoli-cu-salbutamol-5-mg-ml-10-ml","status":"publish","type":"product","link":"https:\/\/farmaciacrisia.ro\/fr\/produit\/solutie-pentru-aerosoli-cu-salbutamol-5-mg-ml-10-ml\/","title":{"rendered":"SALBUTAMOL SOLUTION POUR INHALATION PAR N\u00c9BULISEUR  5 MG\/ML 10 ML"},"content":{"rendered":"","protected":false},"excerpt":{"rendered":"<p><strong>La solution a\u00e9rosol de salbutamol pr\u00e9par\u00e9e dans le laboratoire\/pr\u00e9paratoire salle blanche est indiqu\u00e9e dans le traitement symptomatique du bronchospasme, de l'asthme bronchique et d'autres processus associ\u00e9s \u00e0 l'obstruction r\u00e9versible des voies respiratoires.<\/strong><\/p>\n<p>Il peut \u00e9galement \u00eatre utilis\u00e9 avec succ\u00e8s dans la pr\u00e9vention du bronchospasme induit par un effort physique ou avant l'exposition \u00e0 un stimulus allerg\u00e8ne connu et in\u00e9vitable.<\/p>\n<p>\u2713 Lors de la pr\u00e9paration des prescriptions magistrales, seules des substances actives de haute puret\u00e9 sont utilis\u00e9es, dans le respect des RBPF (R\u00e8gles de Bonnes Pratiques Pharmaceutiques). L'utilisation de m\u00e9dicaments standardis\u00e9s est exclue de ce processus de pr\u00e9paration.<\/p>\n<p><strong>Il n'est d\u00e9livr\u00e9 que sur la base d'une prescription m\u00e9dicale qui sera telecharg\u00e9e lors de la finalisation de la commande !<\/strong><\/p>","protected":false},"featured_media":17251,"template":"","meta":[],"product_brand":[],"product_cat":[172,196,197,186],"product_tag":[199,272,273,289,288,271,188,293,269,292,290,291,270,294],"class_list":{"0":"post-17250","1":"product","2":"type-product","3":"status-publish","4":"has-post-thumbnail","6":"product_cat-orl","7":"product_cat-aerosoli","8":"product_cat-aerosoli-pediatrie","9":"product_cat-pediatrie","10":"product_tag-aerosoli","11":"product_tag-aerosoli-cu-salbutamol","12":"product_tag-aerosoli-cu-ventolin","13":"product_tag-congestie-nazala-adulti","14":"product_tag-congestie-nazala-copii","15":"product_tag-gripa","16":"product_tag-pediatrie","17":"product_tag-similar-ventolin","18":"product_tag-solutie-cu-salbutamol","19":"product_tag-solutie-nebulizare-ventolin","20":"product_tag-solutie-nebulizator","21":"product_tag-solutie-ventolin","22":"product_tag-ventolin","23":"product_tag-ventolin-preparat","25":"first","26":"outofstock","27":"shipping-taxable","28":"purchasable","29":"product-type-simple"},"_links":{"self":[{"href":"https:\/\/farmaciacrisia.ro\/fr\/wp-json\/wp\/v2\/product\/17250","targetHints":{"allow":["GET"]}}],"collection":[{"href":"https:\/\/farmaciacrisia.ro\/fr\/wp-json\/wp\/v2\/product"}],"about":[{"href":"https:\/\/farmaciacrisia.ro\/fr\/wp-json\/wp\/v2\/types\/product"}],"version-history":[{"count":14,"href":"https:\/\/farmaciacrisia.ro\/fr\/wp-json\/wp\/v2\/product\/17250\/revisions"}],"predecessor-version":[{"id":20673,"href":"https:\/\/farmaciacrisia.ro\/fr\/wp-json\/wp\/v2\/product\/17250\/revisions\/20673"}],"wp:featuredmedia":[{"embeddable":true,"href":"https:\/\/farmaciacrisia.ro\/fr\/wp-json\/wp\/v2\/media\/17251"}],"wp:attachment":[{"href":"https:\/\/farmaciacrisia.ro\/fr\/wp-json\/wp\/v2\/media?parent=17250"}],"wp:term":[{"taxonomy":"product_brand","embeddable":true,"href":"https:\/\/farmaciacrisia.ro\/fr\/wp-json\/wp\/v2\/product_brand?post=17250"},{"taxonomy":"product_cat","embeddable":true,"href":"https:\/\/farmaciacrisia.ro\/fr\/wp-json\/wp\/v2\/product_cat?post=17250"},{"taxonomy":"product_tag","embeddable":true,"href":"https:\/\/farmaciacrisia.ro\/fr\/wp-json\/wp\/v2\/product_tag?post=17250"}],"curies":[{"name":"wp","href":"https:\/\/api.w.org\/{rel}","templated":true}]}}