{"id":17254,"date":"2023-11-08T15:56:29","date_gmt":"2023-11-08T15:56:29","guid":{"rendered":"https:\/\/farmaciacrisia.ro\/?post_type=product&#038;p=17254"},"modified":"2025-09-16T09:48:52","modified_gmt":"2025-09-16T09:48:52","slug":"sirop-cu-oseltamivir-15mg-ml-50-ml","status":"publish","type":"product","link":"https:\/\/farmaciacrisia.ro\/fr\/produit\/sirop-cu-oseltamivir-15mg-ml-50-ml\/","title":{"rendered":"OSELTAMIVIR SIROP 15MG\/ML 50 ML"},"content":{"rendered":"","protected":false},"excerpt":{"rendered":"<p><strong>Le sirop d'oseltamivir pr\u00e9par\u00e9 dans le laboratoire\/pr\u00e9paratoire salle blanche est indiqu\u00e9 pour le traitement et la prophylaxie de la grippe.<\/strong><\/p>\n<p><strong>Traitement de la grippe<\/strong> \u2013 chez les adultes et les enfants, y compris les nouveau-n\u00e9s \u00e0 terme, qui pr\u00e9sentent des sympt\u00f4mes grippaux. L'efficacit\u00e9 est \u00e9lev\u00e9e lorsque le traitement est commenc\u00e9 dans les deux jours suivant l'apparition des premiers sympt\u00f4mes.<\/p>\n<p><strong>Prophylaxie de la grippe<\/strong> \u2013 chez les adultes et les enfants de plus d'un an, \u00e0 la suite d'un contact direct avec un cas de grippe cliniquement diagnostiqu\u00e9 lorsque le virus de la grippe circule dans la communaut\u00e9. Pour les enfants de moins d'un an, la pr\u00e9vention post-exposition est effectu\u00e9e pendant un \u00e9pisode de grippe pand\u00e9mique.<\/p>\n<p><strong>\u00a0! La pr\u00e9paration ne remplace pas la vaccination contre la grippe.<\/strong><\/p>\n<p>\u2713 Lors de la pr\u00e9paration des prescriptions magistrales, seules des substances actives de haute puret\u00e9 sont utilis\u00e9es, dans le respect des RBPF (R\u00e8gles de Bonnes Pratiques Pharmaceutiques). L'utilisation de m\u00e9dicaments standardis\u00e9s est exclue de ce processus de pr\u00e9paration.<\/p>\n<p><strong>Il n'est d\u00e9livr\u00e9 que sur la base d'une prescription m\u00e9dicale qui sera telecharg\u00e9e lors de la finalisation de la commande !<\/strong><\/p>","protected":false},"featured_media":17255,"template":"","meta":[],"product_brand":[],"product_cat":[186,274],"product_tag":[452,281,285,282,286,287,276,277,280,278,275,283,284,453,454],"class_list":{"0":"post-17254","1":"product","2":"type-product","3":"status-publish","4":"has-post-thumbnail","6":"product_cat-pediatrie","7":"product_cat-siropuri","8":"product_tag-antiviral","9":"product_tag-antiviral-copii","10":"product_tag-gripa-copii","11":"product_tag-imunitate-copii","12":"product_tag-infectie-virala","13":"product_tag-infectii-virale-copii","14":"product_tag-oseltamivir","15":"product_tag-sirop","16":"product_tag-sirop-antiviral","17":"product_tag-sirop-tamiflu","18":"product_tag-tamiflu","19":"product_tag-tratament-covid","20":"product_tag-tratament-gripa","21":"product_tag-tratament-gripa-a","22":"product_tag-tratament-gripa-b","24":"first","25":"outofstock","26":"shipping-taxable","27":"purchasable","28":"product-type-simple"},"_links":{"self":[{"href":"https:\/\/farmaciacrisia.ro\/fr\/wp-json\/wp\/v2\/product\/17254","targetHints":{"allow":["GET"]}}],"collection":[{"href":"https:\/\/farmaciacrisia.ro\/fr\/wp-json\/wp\/v2\/product"}],"about":[{"href":"https:\/\/farmaciacrisia.ro\/fr\/wp-json\/wp\/v2\/types\/product"}],"version-history":[{"count":11,"href":"https:\/\/farmaciacrisia.ro\/fr\/wp-json\/wp\/v2\/product\/17254\/revisions"}],"predecessor-version":[{"id":20672,"href":"https:\/\/farmaciacrisia.ro\/fr\/wp-json\/wp\/v2\/product\/17254\/revisions\/20672"}],"wp:featuredmedia":[{"embeddable":true,"href":"https:\/\/farmaciacrisia.ro\/fr\/wp-json\/wp\/v2\/media\/17255"}],"wp:attachment":[{"href":"https:\/\/farmaciacrisia.ro\/fr\/wp-json\/wp\/v2\/media?parent=17254"}],"wp:term":[{"taxonomy":"product_brand","embeddable":true,"href":"https:\/\/farmaciacrisia.ro\/fr\/wp-json\/wp\/v2\/product_brand?post=17254"},{"taxonomy":"product_cat","embeddable":true,"href":"https:\/\/farmaciacrisia.ro\/fr\/wp-json\/wp\/v2\/product_cat?post=17254"},{"taxonomy":"product_tag","embeddable":true,"href":"https:\/\/farmaciacrisia.ro\/fr\/wp-json\/wp\/v2\/product_tag?post=17254"}],"curies":[{"name":"wp","href":"https:\/\/api.w.org\/{rel}","templated":true}]}}