{"id":17287,"date":"2023-11-11T18:03:45","date_gmt":"2023-11-11T18:03:45","guid":{"rendered":"https:\/\/farmaciacrisia.ro\/?post_type=product&#038;p=17287"},"modified":"2025-09-16T09:48:00","modified_gmt":"2025-09-16T09:48:00","slug":"sirop-cu-ciproheptadina-0-4-mg-ml-100-ml","status":"publish","type":"product","link":"https:\/\/farmaciacrisia.ro\/fr\/produit\/sirop-cu-ciproheptadina-0-4-mg-ml-100-ml\/","title":{"rendered":"CYPROHEPTADINE SIROP 0,4 MG\/ML 100 ML"},"content":{"rendered":"","protected":false},"excerpt":{"rendered":"<p>Le sirop \u00e0 la cyproheptadine pr\u00e9par\u00e9 dans le pr\u00e9paratoire\/laboratoire salle blanche est utilis\u00e9 pour soulager les sympt\u00f4mes des allergies et de l'urticaire, ayant comme effet secondaire la stimulation de l'app\u00e9tit alimentaire dans l'anorexie nerveuse ou idiopathique, les maladies chroniques, l'\u00e9puisement et la convalescence.<\/p>\n<p>\u2713 Lors de la pr\u00e9paration des prescriptions magistrales, seules des substances actives de haute puret\u00e9 sont utilis\u00e9es, dans le respect des RBPF (R\u00e8gles de Bonnes Pratiques Pharmaceutiques). L'utilisation de m\u00e9dicaments standardis\u00e9s est exclue de ce processus de pr\u00e9paration.<\/p>\n<p><strong>Il n'est d\u00e9livr\u00e9 que sur la base d'une prescription m\u00e9dicale qui sera telecharg\u00e9e lors de la finalisation de la commande !<\/strong><\/p>","protected":false},"featured_media":17255,"template":"","meta":[],"product_brand":[],"product_cat":[186,274],"product_tag":[308,309,449,304,301,450,305,303,302,307,306,451],"class_list":{"0":"post-17287","1":"product","2":"type-product","3":"status-publish","4":"has-post-thumbnail","6":"product_cat-pediatrie","7":"product_cat-siropuri","8":"product_tag-anorexie-copii","9":"product_tag-apetit-alimentar-copii","10":"product_tag-calmant-copii","11":"product_tag-ciproheptadina","12":"product_tag-peritol","13":"product_tag-sedativ-copii","14":"product_tag-sirop-alergii","15":"product_tag-sirop-ciproheptadina","16":"product_tag-sirop-peritol","17":"product_tag-sirop-pofta-de-mancare-copii","18":"product_tag-sirop-urticarie","19":"product_tag-somnolenta-copii","21":"first","22":"outofstock","23":"shipping-taxable","24":"purchasable","25":"product-type-simple"},"_links":{"self":[{"href":"https:\/\/farmaciacrisia.ro\/fr\/wp-json\/wp\/v2\/product\/17287","targetHints":{"allow":["GET"]}}],"collection":[{"href":"https:\/\/farmaciacrisia.ro\/fr\/wp-json\/wp\/v2\/product"}],"about":[{"href":"https:\/\/farmaciacrisia.ro\/fr\/wp-json\/wp\/v2\/types\/product"}],"version-history":[{"count":11,"href":"https:\/\/farmaciacrisia.ro\/fr\/wp-json\/wp\/v2\/product\/17287\/revisions"}],"predecessor-version":[{"id":20671,"href":"https:\/\/farmaciacrisia.ro\/fr\/wp-json\/wp\/v2\/product\/17287\/revisions\/20671"}],"wp:featuredmedia":[{"embeddable":true,"href":"https:\/\/farmaciacrisia.ro\/fr\/wp-json\/wp\/v2\/media\/17255"}],"wp:attachment":[{"href":"https:\/\/farmaciacrisia.ro\/fr\/wp-json\/wp\/v2\/media?parent=17287"}],"wp:term":[{"taxonomy":"product_brand","embeddable":true,"href":"https:\/\/farmaciacrisia.ro\/fr\/wp-json\/wp\/v2\/product_brand?post=17287"},{"taxonomy":"product_cat","embeddable":true,"href":"https:\/\/farmaciacrisia.ro\/fr\/wp-json\/wp\/v2\/product_cat?post=17287"},{"taxonomy":"product_tag","embeddable":true,"href":"https:\/\/farmaciacrisia.ro\/fr\/wp-json\/wp\/v2\/product_tag?post=17287"}],"curies":[{"name":"wp","href":"https:\/\/api.w.org\/{rel}","templated":true}]}}