{"id":17447,"date":"2023-11-28T14:43:16","date_gmt":"2023-11-28T14:43:16","guid":{"rendered":"https:\/\/farmaciacrisia.ro\/?post_type=product&#038;p=17447"},"modified":"2025-09-16T09:46:27","modified_gmt":"2025-09-16T09:46:27","slug":"fosfomicina-3-g-pulbere-pentru-suspensie-orala","status":"publish","type":"product","link":"https:\/\/farmaciacrisia.ro\/fr\/produit\/fosfomicina-3-g-pulbere-pentru-suspensie-orala\/","title":{"rendered":"FOSFOMYCINE 3 G POUDRE POUR SUSPENSION ORALE"},"content":{"rendered":"","protected":false},"excerpt":{"rendered":"<p><strong>La poudre pour suspension orale avec fosfomycine pr\u00e9par\u00e9e dans le laboratoire\/pr\u00e9paratoire salle blanche est indiqu\u00e9e dans le traitement symptomatique des infections des voies urinaires, de la cystite aigu\u00eb caus\u00e9e par E.coli, E.faecalis, dans la prophylaxie des infections des voies urinaires, ainsi que des infections caus\u00e9es par des agents pathog\u00e8nes sensibles \u00e0 la fosfomycine.<\/strong><\/p>\n<p>\u2713 Lors de la pr\u00e9paration des prescriptions magistrales, seules des substances actives de haute puret\u00e9 sont utilis\u00e9es, dans le respect des RBPF (R\u00e8gles de Bonnes Pratiques Pharmaceutiques). L'utilisation de m\u00e9dicaments standardis\u00e9s est exclue de ce processus de pr\u00e9paration.<\/p>\n<p><strong>Il n'est d\u00e9livr\u00e9 que sur la base d'une prescription m\u00e9dicale qui sera telecharg\u00e9e lors de la finalisation de la commande !<\/strong><\/p>","protected":false},"featured_media":17452,"template":"","meta":[],"product_brand":[],"product_cat":[220,335],"product_tag":[339,343,338,223,337,345,336,340,341,342,344],"class_list":{"0":"post-17447","1":"product","2":"type-product","3":"status-publish","4":"has-post-thumbnail","6":"product_cat-urologie","7":"product_cat-pulbere-orala","8":"product_tag-cistite","9":"product_tag-cistite-recurente","10":"product_tag-fosfomicina","11":"product_tag-infectii-urinare","12":"product_tag-itu","13":"product_tag-mictiune","14":"product_tag-monural","15":"product_tag-pulbere-orala","16":"product_tag-suspensie-orala","17":"product_tag-tratament-infectii-urinare","18":"product_tag-urinare-frecventa","20":"first","21":"outofstock","22":"shipping-taxable","23":"purchasable","24":"product-type-simple"},"_links":{"self":[{"href":"https:\/\/farmaciacrisia.ro\/fr\/wp-json\/wp\/v2\/product\/17447","targetHints":{"allow":["GET"]}}],"collection":[{"href":"https:\/\/farmaciacrisia.ro\/fr\/wp-json\/wp\/v2\/product"}],"about":[{"href":"https:\/\/farmaciacrisia.ro\/fr\/wp-json\/wp\/v2\/types\/product"}],"version-history":[{"count":12,"href":"https:\/\/farmaciacrisia.ro\/fr\/wp-json\/wp\/v2\/product\/17447\/revisions"}],"predecessor-version":[{"id":20670,"href":"https:\/\/farmaciacrisia.ro\/fr\/wp-json\/wp\/v2\/product\/17447\/revisions\/20670"}],"wp:featuredmedia":[{"embeddable":true,"href":"https:\/\/farmaciacrisia.ro\/fr\/wp-json\/wp\/v2\/media\/17452"}],"wp:attachment":[{"href":"https:\/\/farmaciacrisia.ro\/fr\/wp-json\/wp\/v2\/media?parent=17447"}],"wp:term":[{"taxonomy":"product_brand","embeddable":true,"href":"https:\/\/farmaciacrisia.ro\/fr\/wp-json\/wp\/v2\/product_brand?post=17447"},{"taxonomy":"product_cat","embeddable":true,"href":"https:\/\/farmaciacrisia.ro\/fr\/wp-json\/wp\/v2\/product_cat?post=17447"},{"taxonomy":"product_tag","embeddable":true,"href":"https:\/\/farmaciacrisia.ro\/fr\/wp-json\/wp\/v2\/product_tag?post=17447"}],"curies":[{"name":"wp","href":"https:\/\/api.w.org\/{rel}","templated":true}]}}